{"id":29643,"date":"2023-03-01T15:29:51","date_gmt":"2023-03-01T14:29:51","guid":{"rendered":"https:\/\/rrgsuisse.ch\/rechtliche-hinweise-2\/"},"modified":"2023-04-05T13:57:02","modified_gmt":"2023-04-05T11:57:02","slug":"rechtshinweise","status":"publish","type":"page","link":"https:\/\/rrgsuisse.ch\/de\/rechtshinweise","title":{"rendered":"Rechtliche Hinweise &#8211; RRG Z\u00fcrich"},"content":{"rendered":"\n<p><strong>Haftungsbeschr\u00e4nkung<\/strong><\/p>\n\n\n\n<p>RRG Suisse SA \u00fcbernimmt keinerlei Gew\u00e4hr f\u00fcr die Aktualit\u00e4t, Korrektheit, Vollst\u00e4ndigkeit oder Qualit\u00e4t der bereitgestellten Informationen. RRG Suisse SA schliesst jegliche Haftung aus. Alle Angaben sind freibleibend, unverbindlich und sind nicht als Zusicherung zu betrachten. RRG Suisse SA beh\u00e4lt es sich vor, Angaben ohne Ank\u00fcndigung zu \u00e4ndern, zu erg\u00e4nzen oder zu l\u00f6schen.<\/p>\n\n\n\n<p><strong>Datenschutz<\/strong><\/p>\n\n\n\n<p>Die \u00fcber diese Website gespeicherten Daten \u00fcber unsere Besucher werden vertraulich behandelt. Die Daten werden zu Marketing- und Analysezwecken, zur Erstellung von Kundenprofilen und f\u00fcr Kundenmailings bearbeitet. Sie k\u00f6nnen zu denselben Zwecken auch an andere RRG Gruppengesellschaften im Ausland weitergeleitet werden. Informationen zu Cookies welche auf der Website erhoben werden erhalten Sie auf der daf\u00fcr vorgesehenen&nbsp;Seite.<\/p>\n\n\n\n<p><a href=\"https:\/\/rrgsuisse.ch\/de\/cookies\">Informationen zu Cookies<\/a><\/p>\n\n\n\n<p><strong>Copyright und andere Rechte<\/strong><\/p>\n\n\n\n<p>Der Inhalt dieser Website ist ausschliessliches Eigentum von RRG Suisse SA, Gesellschaften der RRG Gruppe oder Dritter und darf ohne vorg\u00e4ngige schriftliche Zustimmung von RRG Suisse SA zu kommerziellen Zwecken weder kopiert, verbreitet, ver\u00e4ndert oder Dritten zug\u00e4nglich gemacht werden. Texte, Grafiken, Tondokumente, Animationen, Screensaver, Videosequenzen etc. unterliegen grunds\u00e4tzlich dem Schutz des Urheberrechts oder anderer Immaterialg\u00fcterrechte. Markenzeichen auf dieser Website sind markenrechtlich gesch\u00fctzt.<\/p>\n\n\n\n<p><strong>Links<\/strong><\/p>\n\n\n\n<p>RRG Suisse SA \u00fcbernimmt keine Verantwortung f\u00fcr den Inhalt von Websites, die \u00fcber einen Link von dieser Website aus zu erreichen sind.<\/p>\n\n\n\n<p><strong>Anschrift<\/strong><\/p>\n\n\n\n<p>RRG Suisse SA<br>Route de Reculan 11,<br>1024 Ecublens,<br>Suisse<\/p>\n\n\n\n<p><strong>RCI Finance SA &#8211; Nutzungsbedingungen und rechtliche Hinweise<\/strong><\/p>\n\n\n\n<p><strong>Allgemeine Bedingungen<\/strong><\/p>\n\n\n\n<p>Unter der Rubrik Finanzierung werden Offerten und Tarife angeboten, unter Vorbehalt der Bewilligung der Finanzierungsgesellschaft. Die Angaben sind ohne Gew\u00e4hr. Mit einer Angabe Ihrer Daten auf der Website sind Sie noch nicht vertraglich verpflichtet und dies ist auch keine Zusage f\u00fcr eine Finanzierung.<\/p>\n\n\n\n<p>Einzig Ihre Unterschrift auf einer vorherigen Finanzierungsanfrage und die \u00dcberreichung aller notwendigen Dokumente bei einem Vertreter erlauben RCI Finance SA auf das Angebot zu reagieren. Die erstellten Offerten sind f\u00fcr RCI Finance SA nicht verbindlich, da die Applikation interaktiv ist und ohne besonderen \u00c4nderungshinweis unter laufender Aktualisierung steht. Die Offerten stehen unter Vorbehalt der Bewilligung durch RCI Finance SA.<\/p>\n\n\n\n<p>Mit dem Zugang zu dieser Website erkl\u00e4ren Sie, dass Sie die Nutzungsbedingungen und die diesbez\u00fcglichen rechtlichen Hinweise verstanden und anerkannt haben.<\/p>\n\n\n\n<p><strong>Pers\u00f6nliche- und andere Angaben<\/strong><\/p>\n\n\n\n<p>Ihre uns \u00fcbermittelten Angaben sind unentbehrlich f\u00fcr Ihre Anfrage. Diese werden von RCI Finance SA, von RRG, ihren Filialen oder vom H\u00e4ndlernetz f\u00fcr Marktforschungen, Analysen oder Aktionen verwendet. Ihre Angaben werden vertraulich behandelt und sind Eigentum von RCI Finance SA.<\/p>\n\n\n\n<p>Gem\u00e4ss Art. 13 der Schweizerischen Bundesverfassung und gest\u00fctzt auf die Datenschutzgesetzgebung hat jede Person Anspruch auf Schutz ihrer Privatsph\u00e4re sowie auf Schutz vor Missbrauch ihrer pers\u00f6nlichen Daten. RCI Finance SA h\u00e4lt diese Bestimmungen ein. Wir benutzen die uns von Ihnen \u00fcbermittelten Informationen, um Ihnen Promotionsangebote anzubieten, die Sie interessieren k\u00f6nnten. F\u00fcr mehr Details, bitten wir Sie die Datenschutzbestimmungen zu lesen.<\/p>\n\n\n\n<p>Sie erkl\u00e4ren sich damit einverstanden, dass RCI Finance SA an Ihre Post- und E-Mail-Adresse gelegentlich Informationen \u00fcber das Unternehmen, seine Produkte und Dienstleistungen sendet. Sie erkl\u00e4ren sich zudem damit einverstanden, dass Ihre Angaben innerhalb des RRG Konzerns auch ins Ausland weitergegeben und bearbeitet, sofern die Datenschutzbestimmungen jederzeit eingehalten werden, ansonsten aber nicht Dritten (ausser Beauftragten analog zu Art. 47 des Bankengesetzes) zug\u00e4nglich gemacht werden.<\/p>\n\n\n\n<p><strong>Daten\u00fcbertragung<\/strong><\/p>\n\n\n\n<p>Sie nehmen hiermit zur Kenntnis, dass das Verschicken Ihres E-Mails bzw. Ihres Finanzierungsantrags \u00fcber das Internet erfolgt. Dabei kann es &#8211; durch die Natur des Internets &#8211; vorkommen, dass diese Daten grenz\u00fcberschreitend \u00fcber Server im Ausland geschickt werden, auch wenn sich sowohl Sender als auch Empf\u00e4nger in der Schweiz befinden. F\u00fcr die Daten\u00fcbertragung bis zum Eintreffen bei RCI Finance SA akzeptieren Sie den m\u00f6glichen Transfer via das Ausland.<\/p>\n\n\n\n<p><strong>Gew\u00e4hrleistungs- und Haftungsausschluss<\/strong><\/p>\n\n\n\n<p>Obgleich RCI Finance SA die Genauigkeit der auf dieser Website vorhandenen Informationen im Zeitpunkt ihrer Ver\u00f6ffentlichung mit \u00e4usserster Sorgfalt \u00fcberpr\u00fcft hat, kann sie weder eine ausdr\u00fcckliche noch stillschweigende Zusicherung oder Gew\u00e4hr abgeben, auch gegen\u00fcber Dritten, in Bezug auf Genauigkeit, Zuverl\u00e4ssigkeit und Vollst\u00e4ndigkeit dieser Informationen. RCI Finance SA kann ebenso wenig garantieren, dass die Informationen nicht durch technische Funktionsfehler (technische Fehlfunktionen, Abst\u00fcrze, Viren, Zugriffsversuche durch unberechtigte Dritte, etc.) beeintr\u00e4chtigt werden..<\/p>\n\n\n\n<p>RCI Finance SA \u00fcbernimmt keinerlei Haftung f\u00fcr Verluste oder m\u00f6gliche direkte, indirekte oder Folgesch\u00e4den im Zusammenhang mit diesen Informationen und deren Gebrauch.<\/p>\n\n\n\n<p><strong>Anwendungsbereich<\/strong><\/p>\n\n\n\n<p>Diese Rechtsvorschriften gelten f\u00fcr alle Personen, ungeachtet ihres Domizils, die Zugriff auf die Webseiten RCI Finance SA der RRG Website genommen haben. Diese Bestimmungen gelten f\u00fcr alle Leistungen und Informationen, die auf den Webseiten RCI Finance SA der RRG Website stehen.<\/p>\n","protected":false},"excerpt":{"rendered":"<p>Haftungsbeschr\u00e4nkung RRG Suisse SA \u00fcbernimmt keinerlei Gew\u00e4hr f\u00fcr die Aktualit\u00e4t, Korrektheit, Vollst\u00e4ndigkeit oder Qualit\u00e4t der bereitgestellten Informationen. RRG Suisse SA schliesst jegliche Haftung aus. Alle Angaben sind freibleibend, unverbindlich und sind nicht als Zusicherung zu betrachten. RRG Suisse SA beh\u00e4lt es sich vor, Angaben ohne Ank\u00fcndigung zu \u00e4ndern, zu erg\u00e4nzen oder zu l\u00f6schen. Datenschutz Die [&hellip;]<\/p>\n","protected":false},"author":1,"featured_media":0,"parent":0,"menu_order":0,"comment_status":"closed","ping_status":"closed","template":"","meta":{"_acf_changed":false,"footnotes":""},"categories":[],"tags":[],"class_list":["post-29643","page","type-page","status-publish","hentry"],"acf":[],"yoast_head":"<!-- This site is optimized with the Yoast SEO plugin v27.5 - https:\/\/yoast.com\/product\/yoast-seo-wordpress\/ -->\n<title>Rechtliche Hinweise - RRG Z\u00fcrich - RRG Z\u00fcrich<\/title>\n<meta name=\"description\" content=\"Konsultieren und lesen Sie die rechtlichen Informationen auf unserer Website, die der Schweizer Gesetzgebung unterliegen.\" \/>\n<meta name=\"robots\" content=\"noindex, follow\" \/>\n<meta property=\"og:locale\" content=\"de_DE\" \/>\n<meta property=\"og:type\" content=\"article\" \/>\n<meta property=\"og:title\" content=\"Rechtliche Hinweise - RRG Z\u00fcrich - RRG Z\u00fcrich\" \/>\n<meta property=\"og:description\" content=\"Konsultieren und lesen Sie die rechtlichen Informationen auf unserer Website, die der Schweizer Gesetzgebung unterliegen.\" \/>\n<meta property=\"og:url\" content=\"https:\/\/rrgsuisse.ch\/de\/rechtshinweise\" \/>\n<meta property=\"og:site_name\" content=\"RRG Suisse\" \/>\n<meta property=\"article:modified_time\" content=\"2023-04-05T11:57:02+00:00\" \/>\n<meta property=\"og:image\" content=\"https:\/\/rrgsuisse.ch\/wp-content\/uploads\/2022\/12\/rrg-logo-2022-black.png\" \/>\n\t<meta property=\"og:image:width\" content=\"770\" \/>\n\t<meta property=\"og:image:height\" content=\"377\" \/>\n\t<meta property=\"og:image:type\" content=\"image\/png\" \/>\n<meta name=\"twitter:card\" content=\"summary_large_image\" \/>\n<meta name=\"twitter:label1\" content=\"Gesch\u00e4tzte Lesezeit\" \/>\n\t<meta name=\"twitter:data1\" content=\"4\u00a0Minuten\" \/>\n<script type=\"application\/ld+json\" class=\"yoast-schema-graph\">{\"@context\":\"https:\\\/\\\/schema.org\",\"@graph\":[{\"@type\":\"WebPage\",\"@id\":\"https:\\\/\\\/rrgsuisse.ch\\\/de\\\/rechtshinweise\",\"url\":\"https:\\\/\\\/rrgsuisse.ch\\\/de\\\/rechtshinweise\",\"name\":\"Rechtliche Hinweise - RRG Z\u00fcrich - RRG Z\u00fcrich\",\"isPartOf\":{\"@id\":\"https:\\\/\\\/rrgsuisse.ch\\\/de#website\"},\"datePublished\":\"2023-03-01T14:29:51+00:00\",\"dateModified\":\"2023-04-05T11:57:02+00:00\",\"description\":\"Konsultieren und lesen Sie die rechtlichen Informationen auf unserer Website, die der Schweizer Gesetzgebung unterliegen.\",\"breadcrumb\":{\"@id\":\"https:\\\/\\\/rrgsuisse.ch\\\/de\\\/rechtshinweise#breadcrumb\"},\"inLanguage\":\"de-CH\",\"potentialAction\":[{\"@type\":\"ReadAction\",\"target\":[\"https:\\\/\\\/rrgsuisse.ch\\\/de\\\/rechtshinweise\"]}]},{\"@type\":\"BreadcrumbList\",\"@id\":\"https:\\\/\\\/rrgsuisse.ch\\\/de\\\/rechtshinweise#breadcrumb\",\"itemListElement\":[{\"@type\":\"ListItem\",\"position\":1,\"name\":\"Home\",\"item\":\"https:\\\/\\\/rrgsuisse.ch\\\/de\"},{\"@type\":\"ListItem\",\"position\":2,\"name\":\"Rechtliche Hinweise &#8211; RRG Z\u00fcrich\"}]},{\"@type\":\"WebSite\",\"@id\":\"https:\\\/\\\/rrgsuisse.ch\\\/de#website\",\"url\":\"https:\\\/\\\/rrgsuisse.ch\\\/de\",\"name\":\"RRG Suisse\",\"description\":\"Retail Renault Group - Revendeur officiel Renault, Dacia, Nissan\",\"potentialAction\":[{\"@type\":\"SearchAction\",\"target\":{\"@type\":\"EntryPoint\",\"urlTemplate\":\"https:\\\/\\\/rrgsuisse.ch\\\/de?s={search_term_string}\"},\"query-input\":{\"@type\":\"PropertyValueSpecification\",\"valueRequired\":true,\"valueName\":\"search_term_string\"}}],\"inLanguage\":\"de-CH\"}]}<\/script>\n<!-- \/ Yoast SEO plugin. -->","yoast_head_json":{"title":"Rechtliche Hinweise - RRG Z\u00fcrich - RRG Z\u00fcrich","description":"Konsultieren und lesen Sie die rechtlichen Informationen auf unserer Website, die der Schweizer Gesetzgebung unterliegen.","robots":{"index":"noindex","follow":"follow"},"og_locale":"de_DE","og_type":"article","og_title":"Rechtliche Hinweise - RRG Z\u00fcrich - RRG Z\u00fcrich","og_description":"Konsultieren und lesen Sie die rechtlichen Informationen auf unserer Website, die der Schweizer Gesetzgebung unterliegen.","og_url":"https:\/\/rrgsuisse.ch\/de\/rechtshinweise","og_site_name":"RRG Suisse","article_modified_time":"2023-04-05T11:57:02+00:00","og_image":[{"width":770,"height":377,"url":"https:\/\/rrgsuisse.ch\/wp-content\/uploads\/2022\/12\/rrg-logo-2022-black.png","type":"image\/png"}],"twitter_card":"summary_large_image","twitter_misc":{"Gesch\u00e4tzte Lesezeit":"4\u00a0Minuten"},"schema":{"@context":"https:\/\/schema.org","@graph":[{"@type":"WebPage","@id":"https:\/\/rrgsuisse.ch\/de\/rechtshinweise","url":"https:\/\/rrgsuisse.ch\/de\/rechtshinweise","name":"Rechtliche Hinweise - RRG Z\u00fcrich - RRG Z\u00fcrich","isPartOf":{"@id":"https:\/\/rrgsuisse.ch\/de#website"},"datePublished":"2023-03-01T14:29:51+00:00","dateModified":"2023-04-05T11:57:02+00:00","description":"Konsultieren und lesen Sie die rechtlichen Informationen auf unserer Website, die der Schweizer Gesetzgebung unterliegen.","breadcrumb":{"@id":"https:\/\/rrgsuisse.ch\/de\/rechtshinweise#breadcrumb"},"inLanguage":"de-CH","potentialAction":[{"@type":"ReadAction","target":["https:\/\/rrgsuisse.ch\/de\/rechtshinweise"]}]},{"@type":"BreadcrumbList","@id":"https:\/\/rrgsuisse.ch\/de\/rechtshinweise#breadcrumb","itemListElement":[{"@type":"ListItem","position":1,"name":"Home","item":"https:\/\/rrgsuisse.ch\/de"},{"@type":"ListItem","position":2,"name":"Rechtliche Hinweise &#8211; RRG Z\u00fcrich"}]},{"@type":"WebSite","@id":"https:\/\/rrgsuisse.ch\/de#website","url":"https:\/\/rrgsuisse.ch\/de","name":"RRG Suisse","description":"Retail Renault Group - Revendeur officiel Renault, Dacia, Nissan","potentialAction":[{"@type":"SearchAction","target":{"@type":"EntryPoint","urlTemplate":"https:\/\/rrgsuisse.ch\/de?s={search_term_string}"},"query-input":{"@type":"PropertyValueSpecification","valueRequired":true,"valueName":"search_term_string"}}],"inLanguage":"de-CH"}]}},"wpml_current_locale":"de_CH","wpml_translations":[],"_links":{"self":[{"href":"https:\/\/rrgsuisse.ch\/de\/wp-json\/wp\/v2\/pages\/29643","targetHints":{"allow":["GET"]}}],"collection":[{"href":"https:\/\/rrgsuisse.ch\/de\/wp-json\/wp\/v2\/pages"}],"about":[{"href":"https:\/\/rrgsuisse.ch\/de\/wp-json\/wp\/v2\/types\/page"}],"author":[{"embeddable":true,"href":"https:\/\/rrgsuisse.ch\/de\/wp-json\/wp\/v2\/users\/1"}],"replies":[{"embeddable":true,"href":"https:\/\/rrgsuisse.ch\/de\/wp-json\/wp\/v2\/comments?post=29643"}],"version-history":[{"count":4,"href":"https:\/\/rrgsuisse.ch\/de\/wp-json\/wp\/v2\/pages\/29643\/revisions"}],"predecessor-version":[{"id":29884,"href":"https:\/\/rrgsuisse.ch\/de\/wp-json\/wp\/v2\/pages\/29643\/revisions\/29884"}],"wp:attachment":[{"href":"https:\/\/rrgsuisse.ch\/de\/wp-json\/wp\/v2\/media?parent=29643"}],"wp:term":[{"taxonomy":"category","embeddable":true,"href":"https:\/\/rrgsuisse.ch\/de\/wp-json\/wp\/v2\/categories?post=29643"},{"taxonomy":"post_tag","embeddable":true,"href":"https:\/\/rrgsuisse.ch\/de\/wp-json\/wp\/v2\/tags?post=29643"}],"curies":[{"name":"wp","href":"https:\/\/api.w.org\/{rel}","templated":true}]}}