{"id":37052,"date":"2024-07-05T11:34:04","date_gmt":"2024-07-05T09:34:04","guid":{"rendered":"https:\/\/rrgsuisse.ch\/neuwagen\/renault-neuwagen-modellpalette\/assistance-und-garantien-renault"},"modified":"2025-02-18T14:20:47","modified_gmt":"2025-02-18T13:20:47","slug":"assistance-und-garantien-renault","status":"publish","type":"page","link":"https:\/\/rrgsuisse.ch\/de\/neuwagen\/renault-neuwagen-modellpalette\/assistance-und-garantien-renault","title":{"rendered":"Assistance und Garantien Renault"},"content":{"rendered":"\t\t<div data-elementor-type=\"wp-page\" data-elementor-id=\"37052\" class=\"elementor elementor-37052 elementor-36125\" data-elementor-post-type=\"page\">\n\t\t\t\t\t\t<section class=\"elementor-section elementor-top-section elementor-element elementor-element-fbcf47e elementor-section-boxed elementor-section-height-default elementor-section-height-default\" data-id=\"fbcf47e\" data-element_type=\"section\" data-e-type=\"section\" data-settings=\"{&quot;background_background&quot;:&quot;classic&quot;}\">\n\t\t\t\t\t\t<div class=\"elementor-container elementor-column-gap-default\">\n\t\t\t\t\t<div class=\"elementor-column elementor-col-100 elementor-top-column elementor-element elementor-element-2e88c7a\" data-id=\"2e88c7a\" data-element_type=\"column\" data-e-type=\"column\">\n\t\t\t<div class=\"elementor-widget-wrap elementor-element-populated\">\n\t\t\t\t\t\t<div class=\"elementor-element elementor-element-3e717c2 elementor-widget elementor-widget-heading\" data-id=\"3e717c2\" data-element_type=\"widget\" data-e-type=\"widget\" data-widget_type=\"heading.default\">\n\t\t\t\t<div class=\"elementor-widget-container\">\n\t\t\t\t\t<h1 class=\"elementor-heading-title elementor-size-default\">Assistance und Garantien Renault<\/h1>\t\t\t\t<\/div>\n\t\t\t\t<\/div>\n\t\t\t\t\t<\/div>\n\t\t<\/div>\n\t\t\t\t\t<\/div>\n\t\t<\/section>\n\t\t\t\t<section class=\"elementor-section elementor-top-section elementor-element elementor-element-473425f elementor-section-boxed elementor-section-height-default elementor-section-height-default\" data-id=\"473425f\" data-element_type=\"section\" data-e-type=\"section\">\n\t\t\t\t\t\t<div class=\"elementor-container elementor-column-gap-default\">\n\t\t\t\t\t<div class=\"elementor-column elementor-col-100 elementor-top-column elementor-element elementor-element-725a911\" data-id=\"725a911\" data-element_type=\"column\" data-e-type=\"column\">\n\t\t\t<div class=\"elementor-widget-wrap elementor-element-populated\">\n\t\t\t\t\t\t<div class=\"elementor-element elementor-element-0061be6 elementor-widget elementor-widget-breadcrumbs\" data-id=\"0061be6\" data-element_type=\"widget\" data-e-type=\"widget\" data-widget_type=\"breadcrumbs.default\">\n\t\t\t\t<div class=\"elementor-widget-container\">\n\t\t\t\t\t<p id=\"breadcrumbs\"><span><span><a href=\"https:\/\/rrgsuisse.ch\/de\">Home<\/a><\/span><\/span><\/p>\t\t\t\t<\/div>\n\t\t\t\t<\/div>\n\t\t\t\t\t<\/div>\n\t\t<\/div>\n\t\t\t\t\t<\/div>\n\t\t<\/section>\n\t\t\t\t<section class=\"elementor-section elementor-top-section elementor-element elementor-element-c9cc522 elementor-section-boxed elementor-section-height-default elementor-section-height-default\" data-id=\"c9cc522\" data-element_type=\"section\" data-e-type=\"section\">\n\t\t\t\t\t\t<div class=\"elementor-container elementor-column-gap-default\">\n\t\t\t\t\t<div class=\"elementor-column elementor-col-100 elementor-top-column elementor-element elementor-element-e5e76ac\" data-id=\"e5e76ac\" data-element_type=\"column\" data-e-type=\"column\">\n\t\t\t<div class=\"elementor-widget-wrap elementor-element-populated\">\n\t\t\t\t\t\t<div class=\"elementor-element elementor-element-c4bbd80 elementor-widget elementor-widget-heading\" data-id=\"c4bbd80\" data-element_type=\"widget\" data-e-type=\"widget\" data-widget_type=\"heading.default\">\n\t\t\t\t<div class=\"elementor-widget-container\">\n\t\t\t\t\t<h2 class=\"elementor-heading-title elementor-size-default\">RENAULT ASSISTANCE<\/h2>\t\t\t\t<\/div>\n\t\t\t\t<\/div>\n\t\t\t\t<div class=\"elementor-element elementor-element-40c1611 elementor-widget elementor-widget-text-editor\" data-id=\"40c1611\" data-element_type=\"widget\" data-e-type=\"widget\" data-widget_type=\"text-editor.default\">\n\t\t\t\t<div class=\"elementor-widget-container\">\n\t\t\t\t\t\t\t\t\t<p><strong>Renault Assistance: +(41) (0) 44 834 12 00<\/strong><\/p><p><strong>Renault Service 24\/7, in ganz Europa, mit einem einfachen Telefonanruf.<\/strong><\/p><p>Unsere Renault Assistance Dienstleistungen sind w\u00e4hrend der gesamten Renault Garantiedauer g\u00fcltig:<\/p><ul><li>Reparatur Ihres Fahrzeugs vor Ort oder Abschleppen zur n\u00e4chsten Renault Werkstatt,<\/li><li>Mobilit\u00e4tsl\u00f6sungen, damit Sie Ihre Reise fortsetzen k\u00f6nnen, oder<\/li><li>Bezahlung Ihrer Unterkunft, wenn Ihr Fahrzeug f\u00fcr eine l\u00e4ngere Zeit nicht fahrbereit ist.<\/li><\/ul>\t\t\t\t\t\t\t\t<\/div>\n\t\t\t\t<\/div>\n\t\t\t\t\t<\/div>\n\t\t<\/div>\n\t\t\t\t\t<\/div>\n\t\t<\/section>\n\t\t\t\t<section class=\"elementor-section elementor-top-section elementor-element elementor-element-34d4627 elementor-section-boxed elementor-section-height-default elementor-section-height-default\" data-id=\"34d4627\" data-element_type=\"section\" data-e-type=\"section\">\n\t\t\t\t\t\t<div class=\"elementor-container elementor-column-gap-default\">\n\t\t\t\t\t<div class=\"elementor-column elementor-col-100 elementor-top-column elementor-element elementor-element-1d6829e\" data-id=\"1d6829e\" data-element_type=\"column\" data-e-type=\"column\">\n\t\t\t<div class=\"elementor-widget-wrap elementor-element-populated\">\n\t\t\t\t\t\t<div class=\"elementor-element elementor-element-54ec472 elementor-widget elementor-widget-heading\" data-id=\"54ec472\" data-element_type=\"widget\" data-e-type=\"widget\" data-widget_type=\"heading.default\">\n\t\t\t\t<div class=\"elementor-widget-container\">\n\t\t\t\t\t<h2 class=\"elementor-heading-title elementor-size-default\">GARANTIEN<\/h2>\t\t\t\t<\/div>\n\t\t\t\t<\/div>\n\t\t\t\t<div class=\"elementor-element elementor-element-9952bbe elementor-widget elementor-widget-text-editor\" data-id=\"9952bbe\" data-element_type=\"widget\" data-e-type=\"widget\" data-widget_type=\"text-editor.default\">\n\t\t\t\t<div class=\"elementor-widget-container\">\n\t\t\t\t\t\t\t\t\t<p>Die Renault Garantie ist beim Fahrzeugkauf enthalten <\/p>\n<p><strong>RENAULT WERKSGARANTIE \u2013 3 JAHRE*<\/strong><\/p>\n<p>24-Stunden-Pannenhilfe und kostenlose Ersatzteile und Arbeit inklusive. <\/p>\n<p><strong>LACKGARANTIE \u2013 3 JAHRE<\/strong><\/p>\n<p>Reparaturen von Bauteilen mit Lacksch\u00e4den, die von unseren Experten festgestellt werden.<\/p>\n<p>Unter Ber\u00fccksichtigung des allgemeinen Fahrzeugzustands. Weitere Informationen finden Sie in unserem Benutzerhandbuch. <\/p>\n<p><strong>DURCHROSTUNGSGARANTIE \u2013 12 JAHRE**, UNLIMITIERTER KILOMETERSTAND<\/strong><\/p>\n<p>Vorbehaltlich der Einhaltung der alle zwei Jahre durchzuf\u00fchrenden Durchrostungsschutz-Kontrolle oder der im Service- und Wartungsprotokoll Ihres Renault aufgef\u00fchrten Kilometerzahl. <\/p>\n<p><strong>REPARATURGARANTIE \u2013 EIN JAHR AUF BAUTEILE UND ARBEIT<\/strong><\/p>\n<p>F\u00fcr alle Renault Fahrzeuge und f\u00fcr alle Reparaturen, die im Renault H\u00e4ndlernetz durchgef\u00fchrt werden. <\/p>\n<p><strong>LEBENSLANGE WINDSCHUTZSCHEIBENGARANTIE<\/strong><\/p>\n<p>F\u00fcr die Reparatur oder den Austausch Ihrer Windschutzscheibe im Renault H\u00e4ndlernetz.<\/p>\n<p>* Mit Ausnahme Renault TWIZY &#8211; 2 Jahre.<br \/>** Mit Ausnahme Renault TWIZY &amp; Master &#8211; 6 Jahre.<\/p>\n\t\t\t\t\t\t\t\t<\/div>\n\t\t\t\t<\/div>\n\t\t\t\t\t<\/div>\n\t\t<\/div>\n\t\t\t\t\t<\/div>\n\t\t<\/section>\n\t\t\t\t<\/div>\n\t\t","protected":false},"excerpt":{"rendered":"<p>RENAULT ASSISTANCE Renault Assistance: +(41) (0) 44 834 12 00 Renault Service 24\/7, in ganz Europa, mit einem einfachen Telefonanruf. Unsere Renault Assistance Dienstleistungen sind w\u00e4hrend der gesamten Renault Garantiedauer g\u00fcltig: Reparatur Ihres Fahrzeugs vor Ort oder Abschleppen zur n\u00e4chsten Renault Werkstatt, Mobilit\u00e4tsl\u00f6sungen, damit Sie Ihre Reise fortsetzen k\u00f6nnen, oder Bezahlung Ihrer Unterkunft, wenn Ihr [&hellip;]<\/p>\n","protected":false},"author":1,"featured_media":0,"parent":36901,"menu_order":0,"comment_status":"closed","ping_status":"closed","template":"","meta":{"_acf_changed":false,"footnotes":""},"categories":[90],"tags":[],"class_list":["post-37052","page","type-page","status-publish","hentry","category-headerfooter-renault-de"],"acf":[],"yoast_head":"<!-- This site is optimized with the Yoast SEO plugin v27.6 - https:\/\/yoast.com\/product\/yoast-seo-wordpress\/ -->\n<title>Assistance und Garantien Renault - RRG Suisse<\/title>\n<meta name=\"robots\" content=\"index, follow, max-snippet:-1, max-image-preview:large, max-video-preview:-1\" \/>\n<link rel=\"canonical\" href=\"https:\/\/rrgsuisse.ch\/de\/neuwagen\/renault-neuwagen-modellpalette\/assistance-und-garantien-renault\" \/>\n<meta property=\"og:locale\" content=\"de_DE\" \/>\n<meta property=\"og:type\" content=\"article\" \/>\n<meta property=\"og:title\" content=\"Assistance und Garantien Renault - RRG Suisse\" \/>\n<meta property=\"og:description\" content=\"RENAULT ASSISTANCE Renault Assistance: +(41) (0) 44 834 12 00 Renault Service 24\/7, in ganz Europa, mit einem einfachen Telefonanruf. Unsere Renault Assistance Dienstleistungen sind w\u00e4hrend der gesamten Renault Garantiedauer g\u00fcltig: Reparatur Ihres Fahrzeugs vor Ort oder Abschleppen zur n\u00e4chsten Renault Werkstatt, Mobilit\u00e4tsl\u00f6sungen, damit Sie Ihre Reise fortsetzen k\u00f6nnen, oder Bezahlung Ihrer Unterkunft, wenn Ihr [&hellip;]\" \/>\n<meta property=\"og:url\" content=\"https:\/\/rrgsuisse.ch\/de\/neuwagen\/renault-neuwagen-modellpalette\/assistance-und-garantien-renault\" \/>\n<meta property=\"og:site_name\" content=\"RRG Suisse\" \/>\n<meta property=\"article:modified_time\" content=\"2025-02-18T13:20:47+00:00\" \/>\n<meta property=\"og:image\" content=\"https:\/\/rrgsuisse.ch\/wp-content\/uploads\/2022\/12\/rrg-logo-2022-black.png\" \/>\n\t<meta property=\"og:image:width\" content=\"770\" \/>\n\t<meta property=\"og:image:height\" content=\"377\" \/>\n\t<meta property=\"og:image:type\" content=\"image\/png\" \/>\n<meta name=\"twitter:card\" content=\"summary_large_image\" \/>\n<meta name=\"twitter:label1\" content=\"Gesch\u00e4tzte Lesezeit\" \/>\n\t<meta name=\"twitter:data1\" content=\"2\u00a0Minuten\" \/>\n<script type=\"application\/ld+json\" class=\"yoast-schema-graph\">{\"@context\":\"https:\\\/\\\/schema.org\",\"@graph\":[{\"@type\":\"WebPage\",\"@id\":\"https:\\\/\\\/rrgsuisse.ch\\\/de\\\/neuwagen\\\/renault-neuwagen-modellpalette\\\/assistance-und-garantien-renault\",\"url\":\"https:\\\/\\\/rrgsuisse.ch\\\/de\\\/neuwagen\\\/renault-neuwagen-modellpalette\\\/assistance-und-garantien-renault\",\"name\":\"Assistance und Garantien Renault - RRG Suisse\",\"isPartOf\":{\"@id\":\"https:\\\/\\\/rrgsuisse.ch\\\/de#website\"},\"datePublished\":\"2024-07-05T09:34:04+00:00\",\"dateModified\":\"2025-02-18T13:20:47+00:00\",\"breadcrumb\":{\"@id\":\"https:\\\/\\\/rrgsuisse.ch\\\/de\\\/neuwagen\\\/renault-neuwagen-modellpalette\\\/assistance-und-garantien-renault#breadcrumb\"},\"inLanguage\":\"de-CH\",\"potentialAction\":[{\"@type\":\"ReadAction\",\"target\":[\"https:\\\/\\\/rrgsuisse.ch\\\/de\\\/neuwagen\\\/renault-neuwagen-modellpalette\\\/assistance-und-garantien-renault\"]}]},{\"@type\":\"BreadcrumbList\",\"@id\":\"https:\\\/\\\/rrgsuisse.ch\\\/de\\\/neuwagen\\\/renault-neuwagen-modellpalette\\\/assistance-und-garantien-renault#breadcrumb\",\"itemListElement\":[{\"@type\":\"ListItem\",\"position\":1,\"name\":\"Home\",\"item\":\"https:\\\/\\\/rrgsuisse.ch\\\/de\"},{\"@type\":\"ListItem\",\"position\":2,\"name\":\"Neuwagen\",\"item\":\"https:\\\/\\\/rrgsuisse.ch\\\/de\\\/neuwagen\"},{\"@type\":\"ListItem\",\"position\":3,\"name\":\"Renault Neuwagen Modellpalette\",\"item\":\"https:\\\/\\\/rrgsuisse.ch\\\/de\\\/neuwagen\\\/renault-neuwagen-modellpalette\"},{\"@type\":\"ListItem\",\"position\":4,\"name\":\"Assistance und Garantien Renault\"}]},{\"@type\":\"WebSite\",\"@id\":\"https:\\\/\\\/rrgsuisse.ch\\\/de#website\",\"url\":\"https:\\\/\\\/rrgsuisse.ch\\\/de\",\"name\":\"RRG Suisse\",\"description\":\"Retail Renault Group - Revendeur officiel Renault, Dacia, Nissan\",\"potentialAction\":[{\"@type\":\"SearchAction\",\"target\":{\"@type\":\"EntryPoint\",\"urlTemplate\":\"https:\\\/\\\/rrgsuisse.ch\\\/de?s={search_term_string}\"},\"query-input\":{\"@type\":\"PropertyValueSpecification\",\"valueRequired\":true,\"valueName\":\"search_term_string\"}}],\"inLanguage\":\"de-CH\"}]}<\/script>\n<!-- \/ Yoast SEO plugin. -->","yoast_head_json":{"title":"Assistance und Garantien Renault - RRG Suisse","robots":{"index":"index","follow":"follow","max-snippet":"max-snippet:-1","max-image-preview":"max-image-preview:large","max-video-preview":"max-video-preview:-1"},"canonical":"https:\/\/rrgsuisse.ch\/de\/neuwagen\/renault-neuwagen-modellpalette\/assistance-und-garantien-renault","og_locale":"de_DE","og_type":"article","og_title":"Assistance und Garantien Renault - RRG Suisse","og_description":"RENAULT ASSISTANCE Renault Assistance: +(41) (0) 44 834 12 00 Renault Service 24\/7, in ganz Europa, mit einem einfachen Telefonanruf. Unsere Renault Assistance Dienstleistungen sind w\u00e4hrend der gesamten Renault Garantiedauer g\u00fcltig: Reparatur Ihres Fahrzeugs vor Ort oder Abschleppen zur n\u00e4chsten Renault Werkstatt, Mobilit\u00e4tsl\u00f6sungen, damit Sie Ihre Reise fortsetzen k\u00f6nnen, oder Bezahlung Ihrer Unterkunft, wenn Ihr [&hellip;]","og_url":"https:\/\/rrgsuisse.ch\/de\/neuwagen\/renault-neuwagen-modellpalette\/assistance-und-garantien-renault","og_site_name":"RRG Suisse","article_modified_time":"2025-02-18T13:20:47+00:00","og_image":[{"width":770,"height":377,"url":"https:\/\/rrgsuisse.ch\/wp-content\/uploads\/2022\/12\/rrg-logo-2022-black.png","type":"image\/png"}],"twitter_card":"summary_large_image","twitter_misc":{"Gesch\u00e4tzte Lesezeit":"2\u00a0Minuten"},"schema":{"@context":"https:\/\/schema.org","@graph":[{"@type":"WebPage","@id":"https:\/\/rrgsuisse.ch\/de\/neuwagen\/renault-neuwagen-modellpalette\/assistance-und-garantien-renault","url":"https:\/\/rrgsuisse.ch\/de\/neuwagen\/renault-neuwagen-modellpalette\/assistance-und-garantien-renault","name":"Assistance und Garantien Renault - RRG Suisse","isPartOf":{"@id":"https:\/\/rrgsuisse.ch\/de#website"},"datePublished":"2024-07-05T09:34:04+00:00","dateModified":"2025-02-18T13:20:47+00:00","breadcrumb":{"@id":"https:\/\/rrgsuisse.ch\/de\/neuwagen\/renault-neuwagen-modellpalette\/assistance-und-garantien-renault#breadcrumb"},"inLanguage":"de-CH","potentialAction":[{"@type":"ReadAction","target":["https:\/\/rrgsuisse.ch\/de\/neuwagen\/renault-neuwagen-modellpalette\/assistance-und-garantien-renault"]}]},{"@type":"BreadcrumbList","@id":"https:\/\/rrgsuisse.ch\/de\/neuwagen\/renault-neuwagen-modellpalette\/assistance-und-garantien-renault#breadcrumb","itemListElement":[{"@type":"ListItem","position":1,"name":"Home","item":"https:\/\/rrgsuisse.ch\/de"},{"@type":"ListItem","position":2,"name":"Neuwagen","item":"https:\/\/rrgsuisse.ch\/de\/neuwagen"},{"@type":"ListItem","position":3,"name":"Renault Neuwagen Modellpalette","item":"https:\/\/rrgsuisse.ch\/de\/neuwagen\/renault-neuwagen-modellpalette"},{"@type":"ListItem","position":4,"name":"Assistance und Garantien Renault"}]},{"@type":"WebSite","@id":"https:\/\/rrgsuisse.ch\/de#website","url":"https:\/\/rrgsuisse.ch\/de","name":"RRG Suisse","description":"Retail Renault Group - Revendeur officiel Renault, Dacia, Nissan","potentialAction":[{"@type":"SearchAction","target":{"@type":"EntryPoint","urlTemplate":"https:\/\/rrgsuisse.ch\/de?s={search_term_string}"},"query-input":{"@type":"PropertyValueSpecification","valueRequired":true,"valueName":"search_term_string"}}],"inLanguage":"de-CH"}]}},"wpml_current_locale":"de_CH","wpml_translations":[],"_links":{"self":[{"href":"https:\/\/rrgsuisse.ch\/de\/wp-json\/wp\/v2\/pages\/37052","targetHints":{"allow":["GET"]}}],"collection":[{"href":"https:\/\/rrgsuisse.ch\/de\/wp-json\/wp\/v2\/pages"}],"about":[{"href":"https:\/\/rrgsuisse.ch\/de\/wp-json\/wp\/v2\/types\/page"}],"author":[{"embeddable":true,"href":"https:\/\/rrgsuisse.ch\/de\/wp-json\/wp\/v2\/users\/1"}],"replies":[{"embeddable":true,"href":"https:\/\/rrgsuisse.ch\/de\/wp-json\/wp\/v2\/comments?post=37052"}],"version-history":[{"count":7,"href":"https:\/\/rrgsuisse.ch\/de\/wp-json\/wp\/v2\/pages\/37052\/revisions"}],"predecessor-version":[{"id":41181,"href":"https:\/\/rrgsuisse.ch\/de\/wp-json\/wp\/v2\/pages\/37052\/revisions\/41181"}],"up":[{"embeddable":true,"href":"https:\/\/rrgsuisse.ch\/de\/wp-json\/wp\/v2\/pages\/36901"}],"wp:attachment":[{"href":"https:\/\/rrgsuisse.ch\/de\/wp-json\/wp\/v2\/media?parent=37052"}],"wp:term":[{"taxonomy":"category","embeddable":true,"href":"https:\/\/rrgsuisse.ch\/de\/wp-json\/wp\/v2\/categories?post=37052"},{"taxonomy":"post_tag","embeddable":true,"href":"https:\/\/rrgsuisse.ch\/de\/wp-json\/wp\/v2\/tags?post=37052"}],"curies":[{"name":"wp","href":"https:\/\/api.w.org\/{rel}","templated":true}]}}