{"id":37060,"date":"2024-07-08T15:02:18","date_gmt":"2024-07-08T13:02:18","guid":{"rendered":"https:\/\/rrgsuisse.ch\/dacia-assistance-und-garantien"},"modified":"2024-07-18T09:56:37","modified_gmt":"2024-07-18T07:56:37","slug":"dacia-assistance-und-garantien","status":"publish","type":"page","link":"https:\/\/rrgsuisse.ch\/de\/neuwagen\/dacia-neuwagen-modellpalette\/dacia-assistance-und-garantien","title":{"rendered":"Dacia Assistance und Garantien"},"content":{"rendered":"\t\t<div data-elementor-type=\"wp-page\" data-elementor-id=\"37060\" class=\"elementor elementor-37060 elementor-36390\" data-elementor-post-type=\"page\">\n\t\t\t\t\t\t<section class=\"elementor-section elementor-top-section elementor-element elementor-element-87b320e elementor-section-boxed elementor-section-height-default elementor-section-height-default\" data-id=\"87b320e\" data-element_type=\"section\" data-e-type=\"section\" data-settings=\"{&quot;background_background&quot;:&quot;classic&quot;}\">\n\t\t\t\t\t\t<div class=\"elementor-container elementor-column-gap-default\">\n\t\t\t\t\t<div class=\"elementor-column elementor-col-100 elementor-top-column elementor-element elementor-element-a008a79\" data-id=\"a008a79\" data-element_type=\"column\" data-e-type=\"column\">\n\t\t\t<div class=\"elementor-widget-wrap elementor-element-populated\">\n\t\t\t\t\t\t<div class=\"elementor-element elementor-element-cb1c91d elementor-widget elementor-widget-heading\" data-id=\"cb1c91d\" data-element_type=\"widget\" data-e-type=\"widget\" data-widget_type=\"heading.default\">\n\t\t\t\t<div class=\"elementor-widget-container\">\n\t\t\t\t\t<h1 class=\"elementor-heading-title elementor-size-default\">Dacia Assistance und Garantien<\/h1>\t\t\t\t<\/div>\n\t\t\t\t<\/div>\n\t\t\t\t\t<\/div>\n\t\t<\/div>\n\t\t\t\t\t<\/div>\n\t\t<\/section>\n\t\t\t\t<section class=\"elementor-section elementor-top-section elementor-element elementor-element-7043695 elementor-section-boxed elementor-section-height-default elementor-section-height-default\" data-id=\"7043695\" data-element_type=\"section\" data-e-type=\"section\">\n\t\t\t\t\t\t<div class=\"elementor-container elementor-column-gap-default\">\n\t\t\t\t\t<div class=\"elementor-column elementor-col-100 elementor-top-column elementor-element elementor-element-ebce673\" data-id=\"ebce673\" data-element_type=\"column\" data-e-type=\"column\">\n\t\t\t<div class=\"elementor-widget-wrap elementor-element-populated\">\n\t\t\t\t\t\t<div class=\"elementor-element elementor-element-9179101 elementor-widget elementor-widget-breadcrumbs\" data-id=\"9179101\" data-element_type=\"widget\" data-e-type=\"widget\" data-widget_type=\"breadcrumbs.default\">\n\t\t\t\t<div class=\"elementor-widget-container\">\n\t\t\t\t\t<p id=\"breadcrumbs\"><span><span><a href=\"https:\/\/rrgsuisse.ch\/de\">Home<\/a><\/span><\/span><\/p>\t\t\t\t<\/div>\n\t\t\t\t<\/div>\n\t\t\t\t\t<\/div>\n\t\t<\/div>\n\t\t\t\t\t<\/div>\n\t\t<\/section>\n\t\t\t\t<section class=\"elementor-section elementor-top-section elementor-element elementor-element-45fb548 elementor-section-boxed elementor-section-height-default elementor-section-height-default\" data-id=\"45fb548\" data-element_type=\"section\" data-e-type=\"section\">\n\t\t\t\t\t\t<div class=\"elementor-container elementor-column-gap-default\">\n\t\t\t\t\t<div class=\"elementor-column elementor-col-100 elementor-top-column elementor-element elementor-element-babf8f6\" data-id=\"babf8f6\" data-element_type=\"column\" data-e-type=\"column\">\n\t\t\t<div class=\"elementor-widget-wrap elementor-element-populated\">\n\t\t\t\t\t\t<div class=\"elementor-element elementor-element-5d7c394 elementor-widget elementor-widget-heading\" data-id=\"5d7c394\" data-element_type=\"widget\" data-e-type=\"widget\" data-widget_type=\"heading.default\">\n\t\t\t\t<div class=\"elementor-widget-container\">\n\t\t\t\t\t<h2 class=\"elementor-heading-title elementor-size-default\">DACIA <span class=\"texte_vert_dacia\">ASSISTANCE<\/span><\/h2>\t\t\t\t<\/div>\n\t\t\t\t<\/div>\n\t\t\t\t<div class=\"elementor-element elementor-element-3e6353b elementor-widget elementor-widget-text-editor\" data-id=\"3e6353b\" data-element_type=\"widget\" data-e-type=\"widget\" data-widget_type=\"text-editor.default\">\n\t\t\t\t<div class=\"elementor-widget-container\">\n\t\t\t\t\t\t\t\t\t<p><strong>Dacia Assistance +41 44 777 03 75<\/strong><\/p>\n<p>Egal ob Sie Ihren Schl\u00fcssel verloren haben, ein technisches Problem oder eine Reifenpanne haben: Dacia Assistance steht Ihnen in jeder Situation zur Seite \u2013 rund um die Uhr in der Schweiz und in Europa.<\/p>\n<p>Sie werden Ihnen so schnell wie m\u00f6glich weiterhelfen und die Reparatur vor Ort oder das Abschleppen zur n\u00e4chsten Dacia Garage in die Wege leiten.<\/p>\n\t\t\t\t\t\t\t\t<\/div>\n\t\t\t\t<\/div>\n\t\t\t\t\t<\/div>\n\t\t<\/div>\n\t\t\t\t\t<\/div>\n\t\t<\/section>\n\t\t\t\t<section class=\"elementor-section elementor-top-section elementor-element elementor-element-b8ec0b1 elementor-section-boxed elementor-section-height-default elementor-section-height-default\" data-id=\"b8ec0b1\" data-element_type=\"section\" data-e-type=\"section\">\n\t\t\t\t\t\t<div class=\"elementor-container elementor-column-gap-default\">\n\t\t\t\t\t<div class=\"elementor-column elementor-col-100 elementor-top-column elementor-element elementor-element-aca1abb\" data-id=\"aca1abb\" data-element_type=\"column\" data-e-type=\"column\">\n\t\t\t<div class=\"elementor-widget-wrap elementor-element-populated\">\n\t\t\t\t\t\t<div class=\"elementor-element elementor-element-b1562b4 elementor-widget elementor-widget-heading\" data-id=\"b1562b4\" data-element_type=\"widget\" data-e-type=\"widget\" data-widget_type=\"heading.default\">\n\t\t\t\t<div class=\"elementor-widget-container\">\n\t\t\t\t\t<h2 class=\"elementor-heading-title elementor-size-default\">GARANTIEN <span class=\"texte_vert_dacia\">DACIA <\/span> <\/h2>\t\t\t\t<\/div>\n\t\t\t\t<\/div>\n\t\t\t\t<div class=\"elementor-element elementor-element-f79ec9d elementor-widget elementor-widget-text-editor\" data-id=\"f79ec9d\" data-element_type=\"widget\" data-e-type=\"widget\" data-widget_type=\"text-editor.default\">\n\t\t\t\t<div class=\"elementor-widget-container\">\n\t\t\t\t\t\t\t\t\t<p><span style=\"text-decoration: underline;\"><strong>IHRE DREIJ\u00c4HRIGE DACIA WERKSGARANTIE<\/strong><\/span><\/p>\n<p>Ihr Dacia ist gegen Herstellungs- oder Konstruktionsfehler versichert.<\/p>\n<p>W\u00e4hrend dieses Zeitraums k\u00f6nnen Sie sich sicher sein, dass man sich innerhalb des Dacia Netzes kostenlos um jegliche Probleme k\u00fcmmert, egal was passiert.<\/p>\n<p>Wir garantieren Ihnen qualitativ hochwertige Reparaturen mit Original-Ersatzteilen. Im Falle einer Panne erreichen Sie die Dacia Assistance rund um die Uhr unter 0800 74 08 32.<\/p>\n<\/p>\n<p><span style=\"text-decoration: underline;\"><strong>\u00abSORGENFREIE\u00bb GARANTIEVERL\u00c4NGERUNG<\/strong><\/span><\/p>\n<p>Fahren Sie Ihren Dacia viele Jahre v\u00f6llig sorgenfrei.<\/p>\n<p>Dieses Paket umfasst \u00fcber eine Laufzeit von bis zu sechs Jahren oder 100\u2019000 Kilometern den Austausch oder die Reparatur aller defekten mechanischen, elektronischen und elektrischen Teile (einschliesslich Arbeit) mit der Dacia Assistance, die rund um die Uhr erreichbar ist. Unser Dacia Fachpersonal steht Ihnen im gesamten Netz unterst\u00fctzend zur Seite, ohne dass Sie daf\u00fcr bezahlen m\u00fcssen. Der Vertrag ist an Ihr Fahrzeug gebunden: Wenn Sie Ihren Dacia vor Ende der Vertragslaufzeit verkaufen, ist der K\u00e4ufer immer noch versichert. Ein gutes Verkaufsargument.<\/p>\n<\/p>\n<p><span style=\"text-decoration: underline;\"><strong>WARTUNGSVERTRAG<\/strong><\/span><\/p>\n<p>Wollen Sie sorgenfrei die Fahrt geniessen und Ihre Wartungsausgaben im Griff haben?<\/p>\n<p>Dann haben wir f\u00fcr Sie die massgeschneiderten Angebote wie den Wartungsvertrag SMALL, den Wartungsvertrag MEDIUM oder den Wartungsvertrag LARGE. <\/p>\n<p><strong>WARTUNGSVERTRAG SMALL<\/strong><\/p>\n<p>F\u00fcr Budgetbewusste bieten wir ein Angebot, welches die Kosten f\u00fcr die von Dacia vorgeschriebenen Wartungsarbeiten exklusive Fl\u00fcssigkeiten deckt. Ohne Verschleissteile und ohne Garantieverl\u00e4ngerung. <\/p>\n<p><strong>WARTUNGSVERTRAG MEDIUM<\/strong><\/p>\n<p>Der Wartungsvertrag MEDIUM umfasst alle Leistungen der Garantieverl\u00e4ngerung und deckt zus\u00e4tzlich s\u00e4mtliche Kosten f\u00fcr die von Dacia vorgeschriebenen Wartungsarbeiten exklusive Fl\u00fcssigkeiten und Verschleissteile ab. <\/p>\n<p><strong>WARTUNGSVERTRAG LARGE<\/strong><\/p>\n<p>Der Wartungsvertrag LARGE beinhaltet alle Leistungen des Wartungsvertrags MEDIUM und \u00fcbernimmt zus\u00e4tzlich die Kosten f\u00fcr alle Verschleissteile und Fl\u00fcssigkeiten.<\/p>\n\t\t\t\t\t\t\t\t<\/div>\n\t\t\t\t<\/div>\n\t\t\t\t\t<\/div>\n\t\t<\/div>\n\t\t\t\t\t<\/div>\n\t\t<\/section>\n\t\t\t\t<\/div>\n\t\t","protected":false},"excerpt":{"rendered":"<p>DACIA ASSISTANCE Dacia Assistance +41 44 777 03 75 Egal ob Sie Ihren Schl\u00fcssel verloren haben, ein technisches Problem oder eine Reifenpanne haben: Dacia Assistance steht Ihnen in jeder Situation zur Seite \u2013 rund um die Uhr in der Schweiz und in Europa. Sie werden Ihnen so schnell wie m\u00f6glich weiterhelfen und die Reparatur vor [&hellip;]<\/p>\n","protected":false},"author":1,"featured_media":0,"parent":37067,"menu_order":0,"comment_status":"closed","ping_status":"closed","template":"","meta":{"_acf_changed":false,"footnotes":""},"categories":[99],"tags":[],"class_list":["post-37060","page","type-page","status-publish","hentry","category-headerfooter-dacia-de"],"acf":[],"yoast_head":"<!-- This site is optimized with the Yoast SEO plugin v27.5 - https:\/\/yoast.com\/product\/yoast-seo-wordpress\/ -->\n<title>Dacia Assistance und Garantien - RRG Suisse<\/title>\n<meta name=\"robots\" content=\"index, follow, max-snippet:-1, max-image-preview:large, max-video-preview:-1\" \/>\n<link rel=\"canonical\" href=\"https:\/\/rrgsuisse.ch\/de\/neuwagen\/dacia-neuwagen-modellpalette\/dacia-assistance-und-garantien\" \/>\n<meta property=\"og:locale\" content=\"de_DE\" \/>\n<meta property=\"og:type\" content=\"article\" \/>\n<meta property=\"og:title\" content=\"Dacia Assistance und Garantien - RRG Suisse\" \/>\n<meta property=\"og:description\" content=\"DACIA ASSISTANCE Dacia Assistance +41 44 777 03 75 Egal ob Sie Ihren Schl\u00fcssel verloren haben, ein technisches Problem oder eine Reifenpanne haben: Dacia Assistance steht Ihnen in jeder Situation zur Seite \u2013 rund um die Uhr in der Schweiz und in Europa. Sie werden Ihnen so schnell wie m\u00f6glich weiterhelfen und die Reparatur vor [&hellip;]\" \/>\n<meta property=\"og:url\" content=\"https:\/\/rrgsuisse.ch\/de\/neuwagen\/dacia-neuwagen-modellpalette\/dacia-assistance-und-garantien\" \/>\n<meta property=\"og:site_name\" content=\"RRG Suisse\" \/>\n<meta property=\"article:modified_time\" content=\"2024-07-18T07:56:37+00:00\" \/>\n<meta property=\"og:image\" content=\"https:\/\/rrgsuisse.ch\/wp-content\/uploads\/2022\/12\/rrg-logo-2022-black.png\" \/>\n\t<meta property=\"og:image:width\" content=\"770\" \/>\n\t<meta property=\"og:image:height\" content=\"377\" \/>\n\t<meta property=\"og:image:type\" content=\"image\/png\" \/>\n<meta name=\"twitter:card\" content=\"summary_large_image\" \/>\n<meta name=\"twitter:label1\" content=\"Gesch\u00e4tzte Lesezeit\" \/>\n\t<meta name=\"twitter:data1\" content=\"2\u00a0Minuten\" \/>\n<script type=\"application\/ld+json\" class=\"yoast-schema-graph\">{\"@context\":\"https:\\\/\\\/schema.org\",\"@graph\":[{\"@type\":\"WebPage\",\"@id\":\"https:\\\/\\\/rrgsuisse.ch\\\/de\\\/neuwagen\\\/dacia-neuwagen-modellpalette\\\/dacia-assistance-und-garantien\",\"url\":\"https:\\\/\\\/rrgsuisse.ch\\\/de\\\/neuwagen\\\/dacia-neuwagen-modellpalette\\\/dacia-assistance-und-garantien\",\"name\":\"Dacia Assistance und Garantien - RRG Suisse\",\"isPartOf\":{\"@id\":\"https:\\\/\\\/rrgsuisse.ch\\\/de#website\"},\"datePublished\":\"2024-07-08T13:02:18+00:00\",\"dateModified\":\"2024-07-18T07:56:37+00:00\",\"breadcrumb\":{\"@id\":\"https:\\\/\\\/rrgsuisse.ch\\\/de\\\/neuwagen\\\/dacia-neuwagen-modellpalette\\\/dacia-assistance-und-garantien#breadcrumb\"},\"inLanguage\":\"de-CH\",\"potentialAction\":[{\"@type\":\"ReadAction\",\"target\":[\"https:\\\/\\\/rrgsuisse.ch\\\/de\\\/neuwagen\\\/dacia-neuwagen-modellpalette\\\/dacia-assistance-und-garantien\"]}]},{\"@type\":\"BreadcrumbList\",\"@id\":\"https:\\\/\\\/rrgsuisse.ch\\\/de\\\/neuwagen\\\/dacia-neuwagen-modellpalette\\\/dacia-assistance-und-garantien#breadcrumb\",\"itemListElement\":[{\"@type\":\"ListItem\",\"position\":1,\"name\":\"Home\",\"item\":\"https:\\\/\\\/rrgsuisse.ch\\\/de\"},{\"@type\":\"ListItem\",\"position\":2,\"name\":\"Neuwagen\",\"item\":\"https:\\\/\\\/rrgsuisse.ch\\\/de\\\/neuwagen\"},{\"@type\":\"ListItem\",\"position\":3,\"name\":\"Dacia Neuwagen Modellpalette\",\"item\":\"https:\\\/\\\/rrgsuisse.ch\\\/de\\\/neuwagen\\\/dacia-neuwagen-modellpalette\"},{\"@type\":\"ListItem\",\"position\":4,\"name\":\"Dacia Assistance und Garantien\"}]},{\"@type\":\"WebSite\",\"@id\":\"https:\\\/\\\/rrgsuisse.ch\\\/de#website\",\"url\":\"https:\\\/\\\/rrgsuisse.ch\\\/de\",\"name\":\"RRG Suisse\",\"description\":\"Retail Renault Group - Revendeur officiel Renault, Dacia, Nissan\",\"potentialAction\":[{\"@type\":\"SearchAction\",\"target\":{\"@type\":\"EntryPoint\",\"urlTemplate\":\"https:\\\/\\\/rrgsuisse.ch\\\/de?s={search_term_string}\"},\"query-input\":{\"@type\":\"PropertyValueSpecification\",\"valueRequired\":true,\"valueName\":\"search_term_string\"}}],\"inLanguage\":\"de-CH\"}]}<\/script>\n<!-- \/ Yoast SEO plugin. -->","yoast_head_json":{"title":"Dacia Assistance und Garantien - RRG Suisse","robots":{"index":"index","follow":"follow","max-snippet":"max-snippet:-1","max-image-preview":"max-image-preview:large","max-video-preview":"max-video-preview:-1"},"canonical":"https:\/\/rrgsuisse.ch\/de\/neuwagen\/dacia-neuwagen-modellpalette\/dacia-assistance-und-garantien","og_locale":"de_DE","og_type":"article","og_title":"Dacia Assistance und Garantien - RRG Suisse","og_description":"DACIA ASSISTANCE Dacia Assistance +41 44 777 03 75 Egal ob Sie Ihren Schl\u00fcssel verloren haben, ein technisches Problem oder eine Reifenpanne haben: Dacia Assistance steht Ihnen in jeder Situation zur Seite \u2013 rund um die Uhr in der Schweiz und in Europa. Sie werden Ihnen so schnell wie m\u00f6glich weiterhelfen und die Reparatur vor [&hellip;]","og_url":"https:\/\/rrgsuisse.ch\/de\/neuwagen\/dacia-neuwagen-modellpalette\/dacia-assistance-und-garantien","og_site_name":"RRG Suisse","article_modified_time":"2024-07-18T07:56:37+00:00","og_image":[{"width":770,"height":377,"url":"https:\/\/rrgsuisse.ch\/wp-content\/uploads\/2022\/12\/rrg-logo-2022-black.png","type":"image\/png"}],"twitter_card":"summary_large_image","twitter_misc":{"Gesch\u00e4tzte Lesezeit":"2\u00a0Minuten"},"schema":{"@context":"https:\/\/schema.org","@graph":[{"@type":"WebPage","@id":"https:\/\/rrgsuisse.ch\/de\/neuwagen\/dacia-neuwagen-modellpalette\/dacia-assistance-und-garantien","url":"https:\/\/rrgsuisse.ch\/de\/neuwagen\/dacia-neuwagen-modellpalette\/dacia-assistance-und-garantien","name":"Dacia Assistance und Garantien - RRG Suisse","isPartOf":{"@id":"https:\/\/rrgsuisse.ch\/de#website"},"datePublished":"2024-07-08T13:02:18+00:00","dateModified":"2024-07-18T07:56:37+00:00","breadcrumb":{"@id":"https:\/\/rrgsuisse.ch\/de\/neuwagen\/dacia-neuwagen-modellpalette\/dacia-assistance-und-garantien#breadcrumb"},"inLanguage":"de-CH","potentialAction":[{"@type":"ReadAction","target":["https:\/\/rrgsuisse.ch\/de\/neuwagen\/dacia-neuwagen-modellpalette\/dacia-assistance-und-garantien"]}]},{"@type":"BreadcrumbList","@id":"https:\/\/rrgsuisse.ch\/de\/neuwagen\/dacia-neuwagen-modellpalette\/dacia-assistance-und-garantien#breadcrumb","itemListElement":[{"@type":"ListItem","position":1,"name":"Home","item":"https:\/\/rrgsuisse.ch\/de"},{"@type":"ListItem","position":2,"name":"Neuwagen","item":"https:\/\/rrgsuisse.ch\/de\/neuwagen"},{"@type":"ListItem","position":3,"name":"Dacia Neuwagen Modellpalette","item":"https:\/\/rrgsuisse.ch\/de\/neuwagen\/dacia-neuwagen-modellpalette"},{"@type":"ListItem","position":4,"name":"Dacia Assistance und Garantien"}]},{"@type":"WebSite","@id":"https:\/\/rrgsuisse.ch\/de#website","url":"https:\/\/rrgsuisse.ch\/de","name":"RRG Suisse","description":"Retail Renault Group - Revendeur officiel Renault, Dacia, Nissan","potentialAction":[{"@type":"SearchAction","target":{"@type":"EntryPoint","urlTemplate":"https:\/\/rrgsuisse.ch\/de?s={search_term_string}"},"query-input":{"@type":"PropertyValueSpecification","valueRequired":true,"valueName":"search_term_string"}}],"inLanguage":"de-CH"}]}},"wpml_current_locale":"de_CH","wpml_translations":[],"_links":{"self":[{"href":"https:\/\/rrgsuisse.ch\/de\/wp-json\/wp\/v2\/pages\/37060","targetHints":{"allow":["GET"]}}],"collection":[{"href":"https:\/\/rrgsuisse.ch\/de\/wp-json\/wp\/v2\/pages"}],"about":[{"href":"https:\/\/rrgsuisse.ch\/de\/wp-json\/wp\/v2\/types\/page"}],"author":[{"embeddable":true,"href":"https:\/\/rrgsuisse.ch\/de\/wp-json\/wp\/v2\/users\/1"}],"replies":[{"embeddable":true,"href":"https:\/\/rrgsuisse.ch\/de\/wp-json\/wp\/v2\/comments?post=37060"}],"version-history":[{"count":1,"href":"https:\/\/rrgsuisse.ch\/de\/wp-json\/wp\/v2\/pages\/37060\/revisions"}],"predecessor-version":[{"id":37061,"href":"https:\/\/rrgsuisse.ch\/de\/wp-json\/wp\/v2\/pages\/37060\/revisions\/37061"}],"up":[{"embeddable":true,"href":"https:\/\/rrgsuisse.ch\/de\/wp-json\/wp\/v2\/pages\/37067"}],"wp:attachment":[{"href":"https:\/\/rrgsuisse.ch\/de\/wp-json\/wp\/v2\/media?parent=37060"}],"wp:term":[{"taxonomy":"category","embeddable":true,"href":"https:\/\/rrgsuisse.ch\/de\/wp-json\/wp\/v2\/categories?post=37060"},{"taxonomy":"post_tag","embeddable":true,"href":"https:\/\/rrgsuisse.ch\/de\/wp-json\/wp\/v2\/tags?post=37060"}],"curies":[{"name":"wp","href":"https:\/\/api.w.org\/{rel}","templated":true}]}}