{"id":41727,"date":"2025-03-11T10:59:53","date_gmt":"2025-03-11T09:59:53","guid":{"rendered":"https:\/\/rrgsuisse.ch\/?page_id=41727"},"modified":"2025-03-17T09:23:53","modified_gmt":"2025-03-17T08:23:53","slug":"nissan-zubehor","status":"publish","type":"page","link":"https:\/\/rrgsuisse.ch\/de\/neuwagen\/nissan-neuwagen-modellpalette\/nissan-zubehor","title":{"rendered":"Nissan Zubeh\u00f6r"},"content":{"rendered":"\t\t<div data-elementor-type=\"wp-page\" data-elementor-id=\"41727\" class=\"elementor elementor-41727 elementor-41726\" data-elementor-post-type=\"page\">\n\t\t\t\t\t\t<section class=\"elementor-section elementor-top-section elementor-element elementor-element-31016eb elementor-section-boxed elementor-section-height-default elementor-section-height-default\" data-id=\"31016eb\" data-element_type=\"section\" data-e-type=\"section\" data-settings=\"{&quot;background_background&quot;:&quot;classic&quot;}\">\n\t\t\t\t\t\t<div class=\"elementor-container elementor-column-gap-default\">\n\t\t\t\t\t<div class=\"elementor-column elementor-col-100 elementor-top-column elementor-element elementor-element-b26d110\" data-id=\"b26d110\" data-element_type=\"column\" data-e-type=\"column\">\n\t\t\t<div class=\"elementor-widget-wrap elementor-element-populated\">\n\t\t\t\t\t\t<div class=\"elementor-element elementor-element-0176ad0 elementor-widget elementor-widget-heading\" data-id=\"0176ad0\" data-element_type=\"widget\" data-e-type=\"widget\" data-widget_type=\"heading.default\">\n\t\t\t\t<div class=\"elementor-widget-container\">\n\t\t\t\t\t<h1 class=\"elementor-heading-title elementor-size-default\">Nissan Zubeh\u00f6r<\/h1>\t\t\t\t<\/div>\n\t\t\t\t<\/div>\n\t\t\t\t\t<\/div>\n\t\t<\/div>\n\t\t\t\t\t<\/div>\n\t\t<\/section>\n\t\t\t\t<section class=\"elementor-section elementor-top-section elementor-element elementor-element-36b8d57 elementor-section-boxed elementor-section-height-default elementor-section-height-default\" data-id=\"36b8d57\" data-element_type=\"section\" data-e-type=\"section\">\n\t\t\t\t\t\t<div class=\"elementor-container elementor-column-gap-default\">\n\t\t\t\t\t<div class=\"elementor-column elementor-col-100 elementor-top-column elementor-element elementor-element-461e5d9\" data-id=\"461e5d9\" data-element_type=\"column\" data-e-type=\"column\">\n\t\t\t<div class=\"elementor-widget-wrap elementor-element-populated\">\n\t\t\t\t\t\t<div class=\"elementor-element elementor-element-29de4ab elementor-widget elementor-widget-breadcrumbs\" data-id=\"29de4ab\" data-element_type=\"widget\" data-e-type=\"widget\" data-widget_type=\"breadcrumbs.default\">\n\t\t\t\t<div class=\"elementor-widget-container\">\n\t\t\t\t\t<p id=\"breadcrumbs\"><span><span><a href=\"https:\/\/rrgsuisse.ch\/de\">Home<\/a><\/span><\/span><\/p>\t\t\t\t<\/div>\n\t\t\t\t<\/div>\n\t\t\t\t\t<\/div>\n\t\t<\/div>\n\t\t\t\t\t<\/div>\n\t\t<\/section>\n\t\t\t\t<section class=\"elementor-section elementor-top-section elementor-element elementor-element-a52947d elementor-section-boxed elementor-section-height-default elementor-section-height-default\" data-id=\"a52947d\" data-element_type=\"section\" data-e-type=\"section\">\n\t\t\t\t\t\t<div class=\"elementor-container elementor-column-gap-default\">\n\t\t\t\t\t<div class=\"elementor-column elementor-col-100 elementor-top-column elementor-element elementor-element-7823769\" data-id=\"7823769\" data-element_type=\"column\" data-e-type=\"column\">\n\t\t\t<div class=\"elementor-widget-wrap elementor-element-populated\">\n\t\t\t\t\t\t<div class=\"elementor-element elementor-element-bbe1fac elementor-widget elementor-widget-heading\" data-id=\"bbe1fac\" data-element_type=\"widget\" data-e-type=\"widget\" data-widget_type=\"heading.default\">\n\t\t\t\t<div class=\"elementor-widget-container\">\n\t\t\t\t\t<h2 class=\"elementor-heading-title elementor-size-default\">ZUBEH\u00d6R NACH FAHRZEUGMODELL<\/h2>\t\t\t\t<\/div>\n\t\t\t\t<\/div>\n\t\t\t\t<div class=\"elementor-element elementor-element-bdb256f elementor-widget elementor-widget-text-editor\" data-id=\"bdb256f\" data-element_type=\"widget\" data-e-type=\"widget\" data-widget_type=\"text-editor.default\">\n\t\t\t\t<div class=\"elementor-widget-container\">\n\t\t\t\t\t\t\t\t\t<p>Entwickelt f\u00fcr Sicherheit, Komfort und Stil, aber vor allem f\u00fcr Sie.<\/p>\n\t\t\t\t\t\t\t\t<\/div>\n\t\t\t\t<\/div>\n\t\t\t\t<div class=\"elementor-element elementor-element-3b5c767 elementor-align-center elementor-widget elementor-widget-button\" data-id=\"3b5c767\" data-element_type=\"widget\" data-e-type=\"widget\" data-widget_type=\"button.default\">\n\t\t\t\t<div class=\"elementor-widget-container\">\n\t\t\t\t\t\t\t\t\t<div class=\"elementor-button-wrapper\">\n\t\t\t\t\t<a class=\"elementor-button elementor-button-link elementor-size-sm\" href=\"https:\/\/de.nissan.ch\/kunden\/zubehoer.html\" target=\"_blank\">\n\t\t\t\t\t\t<span class=\"elementor-button-content-wrapper\">\n\t\t\t\t\t\t\t\t\t<span class=\"elementor-button-text\">Zubeh\u00f6r suchen<\/span>\n\t\t\t\t\t<\/span>\n\t\t\t\t\t<\/a>\n\t\t\t\t<\/div>\n\t\t\t\t\t\t\t\t<\/div>\n\t\t\t\t<\/div>\n\t\t\t\t<div class=\"elementor-element elementor-element-ebbe30d elementor-widget elementor-widget-image\" data-id=\"ebbe30d\" data-element_type=\"widget\" data-e-type=\"widget\" data-widget_type=\"image.default\">\n\t\t\t\t<div class=\"elementor-widget-container\">\n\t\t\t\t\t\t\t\t\t\t\t\t\t\t\t\t<a href=\"https:\/\/fr.nissan.ch\/clients\/accessoires.html\" target=\"_blank\">\n\t\t\t\t\t\t\t<img fetchpriority=\"high\" decoding=\"async\" width=\"800\" height=\"347\" src=\"https:\/\/rrgsuisse.ch\/wp-content\/uploads\/2025\/03\/KV_QQ_3000x1300.jpg.ximg_.l_full_m.smart_-1024x444.jpg\" class=\"attachment-large size-large wp-image-41731\" alt=\"\" srcset=\"https:\/\/rrgsuisse.ch\/wp-content\/uploads\/2025\/03\/KV_QQ_3000x1300.jpg.ximg_.l_full_m.smart_-1024x444.jpg 1024w, https:\/\/rrgsuisse.ch\/wp-content\/uploads\/2025\/03\/KV_QQ_3000x1300.jpg.ximg_.l_full_m.smart_-300x130.jpg 300w, https:\/\/rrgsuisse.ch\/wp-content\/uploads\/2025\/03\/KV_QQ_3000x1300.jpg.ximg_.l_full_m.smart_-768x333.jpg 768w, https:\/\/rrgsuisse.ch\/wp-content\/uploads\/2025\/03\/KV_QQ_3000x1300.jpg.ximg_.l_full_m.smart_.jpg 1500w\" sizes=\"(max-width: 800px) 100vw, 800px\" \/>\t\t\t\t\t\t\t\t<\/a>\n\t\t\t\t\t\t\t\t\t\t\t\t\t\t\t<\/div>\n\t\t\t\t<\/div>\n\t\t\t\t\t<\/div>\n\t\t<\/div>\n\t\t\t\t\t<\/div>\n\t\t<\/section>\n\t\t\t\t<section class=\"elementor-section elementor-top-section elementor-element elementor-element-97f2567 elementor-section-boxed elementor-section-height-default elementor-section-height-default\" data-id=\"97f2567\" data-element_type=\"section\" data-e-type=\"section\">\n\t\t\t\t\t\t<div class=\"elementor-container elementor-column-gap-default\">\n\t\t\t\t\t<div class=\"elementor-column elementor-col-100 elementor-top-column elementor-element elementor-element-0df681a\" data-id=\"0df681a\" data-element_type=\"column\" data-e-type=\"column\">\n\t\t\t<div class=\"elementor-widget-wrap elementor-element-populated\">\n\t\t\t\t\t\t<div class=\"elementor-element elementor-element-c03008d elementor-widget elementor-widget-heading\" data-id=\"c03008d\" data-element_type=\"widget\" data-e-type=\"widget\" data-widget_type=\"heading.default\">\n\t\t\t\t<div class=\"elementor-widget-container\">\n\t\t\t\t\t<h2 class=\"elementor-heading-title elementor-size-default\">UNSER VERSPRECHEN<\/h2>\t\t\t\t<\/div>\n\t\t\t\t<\/div>\n\t\t\t\t\t<\/div>\n\t\t<\/div>\n\t\t\t\t\t<\/div>\n\t\t<\/section>\n\t\t\t\t<section class=\"elementor-section elementor-top-section elementor-element elementor-element-1886e98 elementor-section-boxed elementor-section-height-default elementor-section-height-default\" data-id=\"1886e98\" data-element_type=\"section\" data-e-type=\"section\">\n\t\t\t\t\t\t<div class=\"elementor-container elementor-column-gap-default\">\n\t\t\t\t\t<div class=\"elementor-column elementor-col-25 elementor-top-column elementor-element elementor-element-7818e8e\" data-id=\"7818e8e\" data-element_type=\"column\" data-e-type=\"column\">\n\t\t\t<div class=\"elementor-widget-wrap elementor-element-populated\">\n\t\t\t\t\t\t<div class=\"elementor-element elementor-element-57018a6 elementor-position-top elementor-widget elementor-widget-image-box\" data-id=\"57018a6\" data-element_type=\"widget\" data-e-type=\"widget\" data-widget_type=\"image-box.default\">\n\t\t\t\t<div class=\"elementor-widget-container\">\n\t\t\t\t\t<div class=\"elementor-image-box-wrapper\"><figure class=\"elementor-image-box-img\"><img decoding=\"async\" src=\"https:\/\/rrgsuisse.ch\/wp-content\/uploads\/2025\/03\/warranty-1.svg\" class=\"attachment-full size-full wp-image-41746\" alt=\"\" \/><\/figure><div class=\"elementor-image-box-content\"><h3 class=\"elementor-image-box-title\">1 JAHR GARANTIE<\/h3><p class=\"elementor-image-box-description\">Teile und Arbeitsleistung<\/p><\/div><\/div>\t\t\t\t<\/div>\n\t\t\t\t<\/div>\n\t\t\t\t\t<\/div>\n\t\t<\/div>\n\t\t\t\t<div class=\"elementor-column elementor-col-25 elementor-top-column elementor-element elementor-element-06f1c25\" data-id=\"06f1c25\" data-element_type=\"column\" data-e-type=\"column\">\n\t\t\t<div class=\"elementor-widget-wrap elementor-element-populated\">\n\t\t\t\t\t\t<div class=\"elementor-element elementor-element-b27ce5c elementor-position-top elementor-widget elementor-widget-image-box\" data-id=\"b27ce5c\" data-element_type=\"widget\" data-e-type=\"widget\" data-widget_type=\"image-box.default\">\n\t\t\t\t<div class=\"elementor-widget-container\">\n\t\t\t\t\t<div class=\"elementor-image-box-wrapper\"><figure class=\"elementor-image-box-img\"><img decoding=\"async\" src=\"https:\/\/rrgsuisse.ch\/wp-content\/uploads\/2025\/03\/certified-1.svg\" class=\"attachment-full size-full wp-image-41748\" alt=\"\" \/><\/figure><div class=\"elementor-image-box-content\"><h3 class=\"elementor-image-box-title\">ZERTIFIZIERUNG<\/h3><p class=\"elementor-image-box-description\">aller Nissan Produkte<\/p><\/div><\/div>\t\t\t\t<\/div>\n\t\t\t\t<\/div>\n\t\t\t\t\t<\/div>\n\t\t<\/div>\n\t\t\t\t<div class=\"elementor-column elementor-col-25 elementor-top-column elementor-element elementor-element-ef102cb\" data-id=\"ef102cb\" data-element_type=\"column\" data-e-type=\"column\">\n\t\t\t<div class=\"elementor-widget-wrap elementor-element-populated\">\n\t\t\t\t\t\t<div class=\"elementor-element elementor-element-ff8ac94 elementor-position-top elementor-widget elementor-widget-image-box\" data-id=\"ff8ac94\" data-element_type=\"widget\" data-e-type=\"widget\" data-widget_type=\"image-box.default\">\n\t\t\t\t<div class=\"elementor-widget-container\">\n\t\t\t\t\t<div class=\"elementor-image-box-wrapper\"><figure class=\"elementor-image-box-img\"><img decoding=\"async\" src=\"https:\/\/rrgsuisse.ch\/wp-content\/uploads\/2025\/03\/quality-1.svg\" class=\"attachment-full size-full wp-image-41744\" alt=\"\" \/><\/figure><div class=\"elementor-image-box-content\"><h3 class=\"elementor-image-box-title\">QUALIT\u00c4T<\/h3><p class=\"elementor-image-box-description\">Nissan Know-how und Qualit\u00e4t<\/p><\/div><\/div>\t\t\t\t<\/div>\n\t\t\t\t<\/div>\n\t\t\t\t\t<\/div>\n\t\t<\/div>\n\t\t\t\t<div class=\"elementor-column elementor-col-25 elementor-top-column elementor-element elementor-element-b0636b4\" data-id=\"b0636b4\" data-element_type=\"column\" data-e-type=\"column\">\n\t\t\t<div class=\"elementor-widget-wrap elementor-element-populated\">\n\t\t\t\t\t\t<div class=\"elementor-element elementor-element-b5cc77f elementor-position-top elementor-widget elementor-widget-image-box\" data-id=\"b5cc77f\" data-element_type=\"widget\" data-e-type=\"widget\" data-widget_type=\"image-box.default\">\n\t\t\t\t<div class=\"elementor-widget-container\">\n\t\t\t\t\t<div class=\"elementor-image-box-wrapper\"><figure class=\"elementor-image-box-img\"><img decoding=\"async\" src=\"https:\/\/rrgsuisse.ch\/wp-content\/uploads\/2025\/03\/follow-1.svg\" class=\"attachment-full size-full wp-image-41742\" alt=\"\" \/><\/figure><div class=\"elementor-image-box-content\"><h3 class=\"elementor-image-box-title\">FORTSCHRITT MEINER BESTELLUNG ANSEHEN<\/h3><p class=\"elementor-image-box-description\">Bleiben Sie informiert<\/p><\/div><\/div>\t\t\t\t<\/div>\n\t\t\t\t<\/div>\n\t\t\t\t\t<\/div>\n\t\t<\/div>\n\t\t\t\t\t<\/div>\n\t\t<\/section>\n\t\t\t\t<section class=\"elementor-section elementor-top-section elementor-element elementor-element-418c646 elementor-section-boxed elementor-section-height-default elementor-section-height-default\" data-id=\"418c646\" data-element_type=\"section\" data-e-type=\"section\">\n\t\t\t\t\t\t<div class=\"elementor-container elementor-column-gap-default\">\n\t\t\t\t\t<div class=\"elementor-column elementor-col-100 elementor-top-column elementor-element elementor-element-a9908c5\" data-id=\"a9908c5\" data-element_type=\"column\" data-e-type=\"column\">\n\t\t\t<div class=\"elementor-widget-wrap elementor-element-populated\">\n\t\t\t\t\t\t<div class=\"elementor-element elementor-element-e9a0ffa elementor-align-center elementor-widget elementor-widget-button\" data-id=\"e9a0ffa\" data-element_type=\"widget\" data-e-type=\"widget\" data-widget_type=\"button.default\">\n\t\t\t\t<div class=\"elementor-widget-container\">\n\t\t\t\t\t\t\t\t\t<div class=\"elementor-button-wrapper\">\n\t\t\t\t\t<a class=\"elementor-button elementor-button-link elementor-size-sm\" href=\"https:\/\/de.nissan.ch\/kunden\/zubehoer.html\" target=\"_blank\">\n\t\t\t\t\t\t<span class=\"elementor-button-content-wrapper\">\n\t\t\t\t\t\t\t\t\t<span class=\"elementor-button-text\">Zubeh\u00f6r suchen<\/span>\n\t\t\t\t\t<\/span>\n\t\t\t\t\t<\/a>\n\t\t\t\t<\/div>\n\t\t\t\t\t\t\t\t<\/div>\n\t\t\t\t<\/div>\n\t\t\t\t\t<\/div>\n\t\t<\/div>\n\t\t\t\t\t<\/div>\n\t\t<\/section>\n\t\t\t\t<\/div>\n\t\t","protected":false},"excerpt":{"rendered":"<p>ZUBEH\u00d6R NACH FAHRZEUGMODELL Entwickelt f\u00fcr Sicherheit, Komfort und Stil, aber vor allem f\u00fcr Sie. Zubeh\u00f6r suchen UNSER VERSPRECHEN 1 JAHR GARANTIE Teile und Arbeitsleistung ZERTIFIZIERUNG aller Nissan Produkte QUALIT\u00c4T Nissan Know-how und Qualit\u00e4t FORTSCHRITT MEINER BESTELLUNG ANSEHEN Bleiben Sie informiert Zubeh\u00f6r suchen<\/p>\n","protected":false},"author":1,"featured_media":0,"parent":41366,"menu_order":0,"comment_status":"closed","ping_status":"closed","template":"","meta":{"_acf_changed":false,"footnotes":""},"categories":[118],"tags":[],"class_list":["post-41727","page","type-page","status-publish","hentry","category-headerfooter-nissan-de"],"acf":[],"yoast_head":"<!-- This site is optimized with the Yoast SEO plugin v27.6 - https:\/\/yoast.com\/product\/yoast-seo-wordpress\/ -->\n<title>Nissan Zubeh\u00f6r - RRG Suisse<\/title>\n<meta name=\"robots\" content=\"index, follow, max-snippet:-1, max-image-preview:large, max-video-preview:-1\" \/>\n<link rel=\"canonical\" href=\"https:\/\/rrgsuisse.ch\/de\/neuwagen\/nissan-neuwagen-modellpalette\/nissan-zubehor\" \/>\n<meta property=\"og:locale\" content=\"de_DE\" \/>\n<meta property=\"og:type\" content=\"article\" \/>\n<meta property=\"og:title\" content=\"Nissan Zubeh\u00f6r - RRG Suisse\" \/>\n<meta property=\"og:description\" content=\"ZUBEH\u00d6R NACH FAHRZEUGMODELL Entwickelt f\u00fcr Sicherheit, Komfort und Stil, aber vor allem f\u00fcr Sie. Zubeh\u00f6r suchen UNSER VERSPRECHEN 1 JAHR GARANTIE Teile und Arbeitsleistung ZERTIFIZIERUNG aller Nissan Produkte QUALIT\u00c4T Nissan Know-how und Qualit\u00e4t FORTSCHRITT MEINER BESTELLUNG ANSEHEN Bleiben Sie informiert Zubeh\u00f6r suchen\" \/>\n<meta property=\"og:url\" content=\"https:\/\/rrgsuisse.ch\/de\/neuwagen\/nissan-neuwagen-modellpalette\/nissan-zubehor\" \/>\n<meta property=\"og:site_name\" content=\"RRG Suisse\" \/>\n<meta property=\"article:modified_time\" content=\"2025-03-17T08:23:53+00:00\" \/>\n<meta property=\"og:image\" content=\"https:\/\/rrgsuisse.ch\/wp-content\/uploads\/2025\/03\/KV_QQ_3000x1300.jpg.ximg_.l_full_m.smart_.jpg\" \/>\n\t<meta property=\"og:image:width\" content=\"1500\" \/>\n\t<meta property=\"og:image:height\" content=\"650\" \/>\n\t<meta property=\"og:image:type\" content=\"image\/jpeg\" \/>\n<meta name=\"twitter:card\" content=\"summary_large_image\" \/>\n<script type=\"application\/ld+json\" class=\"yoast-schema-graph\">{\"@context\":\"https:\\\/\\\/schema.org\",\"@graph\":[{\"@type\":\"WebPage\",\"@id\":\"https:\\\/\\\/rrgsuisse.ch\\\/de\\\/neuwagen\\\/nissan-neuwagen-modellpalette\\\/nissan-zubehor\",\"url\":\"https:\\\/\\\/rrgsuisse.ch\\\/de\\\/neuwagen\\\/nissan-neuwagen-modellpalette\\\/nissan-zubehor\",\"name\":\"Nissan Zubeh\u00f6r - RRG Suisse\",\"isPartOf\":{\"@id\":\"https:\\\/\\\/rrgsuisse.ch\\\/de#website\"},\"primaryImageOfPage\":{\"@id\":\"https:\\\/\\\/rrgsuisse.ch\\\/de\\\/neuwagen\\\/nissan-neuwagen-modellpalette\\\/nissan-zubehor#primaryimage\"},\"image\":{\"@id\":\"https:\\\/\\\/rrgsuisse.ch\\\/de\\\/neuwagen\\\/nissan-neuwagen-modellpalette\\\/nissan-zubehor#primaryimage\"},\"thumbnailUrl\":\"https:\\\/\\\/rrgsuisse.ch\\\/wp-content\\\/uploads\\\/2025\\\/03\\\/KV_QQ_3000x1300.jpg.ximg_.l_full_m.smart_-1024x444.jpg\",\"datePublished\":\"2025-03-11T09:59:53+00:00\",\"dateModified\":\"2025-03-17T08:23:53+00:00\",\"breadcrumb\":{\"@id\":\"https:\\\/\\\/rrgsuisse.ch\\\/de\\\/neuwagen\\\/nissan-neuwagen-modellpalette\\\/nissan-zubehor#breadcrumb\"},\"inLanguage\":\"de-CH\",\"potentialAction\":[{\"@type\":\"ReadAction\",\"target\":[\"https:\\\/\\\/rrgsuisse.ch\\\/de\\\/neuwagen\\\/nissan-neuwagen-modellpalette\\\/nissan-zubehor\"]}]},{\"@type\":\"ImageObject\",\"inLanguage\":\"de-CH\",\"@id\":\"https:\\\/\\\/rrgsuisse.ch\\\/de\\\/neuwagen\\\/nissan-neuwagen-modellpalette\\\/nissan-zubehor#primaryimage\",\"url\":\"https:\\\/\\\/rrgsuisse.ch\\\/wp-content\\\/uploads\\\/2025\\\/03\\\/KV_QQ_3000x1300.jpg.ximg_.l_full_m.smart_-1024x444.jpg\",\"contentUrl\":\"https:\\\/\\\/rrgsuisse.ch\\\/wp-content\\\/uploads\\\/2025\\\/03\\\/KV_QQ_3000x1300.jpg.ximg_.l_full_m.smart_-1024x444.jpg\"},{\"@type\":\"BreadcrumbList\",\"@id\":\"https:\\\/\\\/rrgsuisse.ch\\\/de\\\/neuwagen\\\/nissan-neuwagen-modellpalette\\\/nissan-zubehor#breadcrumb\",\"itemListElement\":[{\"@type\":\"ListItem\",\"position\":1,\"name\":\"Home\",\"item\":\"https:\\\/\\\/rrgsuisse.ch\\\/de\"},{\"@type\":\"ListItem\",\"position\":2,\"name\":\"Neuwagen\",\"item\":\"https:\\\/\\\/rrgsuisse.ch\\\/de\\\/neuwagen\"},{\"@type\":\"ListItem\",\"position\":3,\"name\":\"Nissan Neuwagen Modellpalette\",\"item\":\"https:\\\/\\\/rrgsuisse.ch\\\/de\\\/neuwagen\\\/nissan-neuwagen-modellpalette\"},{\"@type\":\"ListItem\",\"position\":4,\"name\":\"Nissan Zubeh\u00f6r\"}]},{\"@type\":\"WebSite\",\"@id\":\"https:\\\/\\\/rrgsuisse.ch\\\/de#website\",\"url\":\"https:\\\/\\\/rrgsuisse.ch\\\/de\",\"name\":\"RRG Suisse\",\"description\":\"Retail Renault Group - Revendeur officiel Renault, Dacia, Nissan\",\"potentialAction\":[{\"@type\":\"SearchAction\",\"target\":{\"@type\":\"EntryPoint\",\"urlTemplate\":\"https:\\\/\\\/rrgsuisse.ch\\\/de?s={search_term_string}\"},\"query-input\":{\"@type\":\"PropertyValueSpecification\",\"valueRequired\":true,\"valueName\":\"search_term_string\"}}],\"inLanguage\":\"de-CH\"}]}<\/script>\n<!-- \/ Yoast SEO plugin. -->","yoast_head_json":{"title":"Nissan Zubeh\u00f6r - RRG Suisse","robots":{"index":"index","follow":"follow","max-snippet":"max-snippet:-1","max-image-preview":"max-image-preview:large","max-video-preview":"max-video-preview:-1"},"canonical":"https:\/\/rrgsuisse.ch\/de\/neuwagen\/nissan-neuwagen-modellpalette\/nissan-zubehor","og_locale":"de_DE","og_type":"article","og_title":"Nissan Zubeh\u00f6r - RRG Suisse","og_description":"ZUBEH\u00d6R NACH FAHRZEUGMODELL Entwickelt f\u00fcr Sicherheit, Komfort und Stil, aber vor allem f\u00fcr Sie. Zubeh\u00f6r suchen UNSER VERSPRECHEN 1 JAHR GARANTIE Teile und Arbeitsleistung ZERTIFIZIERUNG aller Nissan Produkte QUALIT\u00c4T Nissan Know-how und Qualit\u00e4t FORTSCHRITT MEINER BESTELLUNG ANSEHEN Bleiben Sie informiert Zubeh\u00f6r suchen","og_url":"https:\/\/rrgsuisse.ch\/de\/neuwagen\/nissan-neuwagen-modellpalette\/nissan-zubehor","og_site_name":"RRG Suisse","article_modified_time":"2025-03-17T08:23:53+00:00","og_image":[{"width":1500,"height":650,"url":"https:\/\/rrgsuisse.ch\/wp-content\/uploads\/2025\/03\/KV_QQ_3000x1300.jpg.ximg_.l_full_m.smart_.jpg","type":"image\/jpeg"}],"twitter_card":"summary_large_image","schema":{"@context":"https:\/\/schema.org","@graph":[{"@type":"WebPage","@id":"https:\/\/rrgsuisse.ch\/de\/neuwagen\/nissan-neuwagen-modellpalette\/nissan-zubehor","url":"https:\/\/rrgsuisse.ch\/de\/neuwagen\/nissan-neuwagen-modellpalette\/nissan-zubehor","name":"Nissan Zubeh\u00f6r - RRG Suisse","isPartOf":{"@id":"https:\/\/rrgsuisse.ch\/de#website"},"primaryImageOfPage":{"@id":"https:\/\/rrgsuisse.ch\/de\/neuwagen\/nissan-neuwagen-modellpalette\/nissan-zubehor#primaryimage"},"image":{"@id":"https:\/\/rrgsuisse.ch\/de\/neuwagen\/nissan-neuwagen-modellpalette\/nissan-zubehor#primaryimage"},"thumbnailUrl":"https:\/\/rrgsuisse.ch\/wp-content\/uploads\/2025\/03\/KV_QQ_3000x1300.jpg.ximg_.l_full_m.smart_-1024x444.jpg","datePublished":"2025-03-11T09:59:53+00:00","dateModified":"2025-03-17T08:23:53+00:00","breadcrumb":{"@id":"https:\/\/rrgsuisse.ch\/de\/neuwagen\/nissan-neuwagen-modellpalette\/nissan-zubehor#breadcrumb"},"inLanguage":"de-CH","potentialAction":[{"@type":"ReadAction","target":["https:\/\/rrgsuisse.ch\/de\/neuwagen\/nissan-neuwagen-modellpalette\/nissan-zubehor"]}]},{"@type":"ImageObject","inLanguage":"de-CH","@id":"https:\/\/rrgsuisse.ch\/de\/neuwagen\/nissan-neuwagen-modellpalette\/nissan-zubehor#primaryimage","url":"https:\/\/rrgsuisse.ch\/wp-content\/uploads\/2025\/03\/KV_QQ_3000x1300.jpg.ximg_.l_full_m.smart_-1024x444.jpg","contentUrl":"https:\/\/rrgsuisse.ch\/wp-content\/uploads\/2025\/03\/KV_QQ_3000x1300.jpg.ximg_.l_full_m.smart_-1024x444.jpg"},{"@type":"BreadcrumbList","@id":"https:\/\/rrgsuisse.ch\/de\/neuwagen\/nissan-neuwagen-modellpalette\/nissan-zubehor#breadcrumb","itemListElement":[{"@type":"ListItem","position":1,"name":"Home","item":"https:\/\/rrgsuisse.ch\/de"},{"@type":"ListItem","position":2,"name":"Neuwagen","item":"https:\/\/rrgsuisse.ch\/de\/neuwagen"},{"@type":"ListItem","position":3,"name":"Nissan Neuwagen Modellpalette","item":"https:\/\/rrgsuisse.ch\/de\/neuwagen\/nissan-neuwagen-modellpalette"},{"@type":"ListItem","position":4,"name":"Nissan Zubeh\u00f6r"}]},{"@type":"WebSite","@id":"https:\/\/rrgsuisse.ch\/de#website","url":"https:\/\/rrgsuisse.ch\/de","name":"RRG Suisse","description":"Retail Renault Group - Revendeur officiel Renault, Dacia, Nissan","potentialAction":[{"@type":"SearchAction","target":{"@type":"EntryPoint","urlTemplate":"https:\/\/rrgsuisse.ch\/de?s={search_term_string}"},"query-input":{"@type":"PropertyValueSpecification","valueRequired":true,"valueName":"search_term_string"}}],"inLanguage":"de-CH"}]}},"wpml_current_locale":"de_CH","wpml_translations":[],"_links":{"self":[{"href":"https:\/\/rrgsuisse.ch\/de\/wp-json\/wp\/v2\/pages\/41727","targetHints":{"allow":["GET"]}}],"collection":[{"href":"https:\/\/rrgsuisse.ch\/de\/wp-json\/wp\/v2\/pages"}],"about":[{"href":"https:\/\/rrgsuisse.ch\/de\/wp-json\/wp\/v2\/types\/page"}],"author":[{"embeddable":true,"href":"https:\/\/rrgsuisse.ch\/de\/wp-json\/wp\/v2\/users\/1"}],"replies":[{"embeddable":true,"href":"https:\/\/rrgsuisse.ch\/de\/wp-json\/wp\/v2\/comments?post=41727"}],"version-history":[{"count":3,"href":"https:\/\/rrgsuisse.ch\/de\/wp-json\/wp\/v2\/pages\/41727\/revisions"}],"predecessor-version":[{"id":42134,"href":"https:\/\/rrgsuisse.ch\/de\/wp-json\/wp\/v2\/pages\/41727\/revisions\/42134"}],"up":[{"embeddable":true,"href":"https:\/\/rrgsuisse.ch\/de\/wp-json\/wp\/v2\/pages\/41366"}],"wp:attachment":[{"href":"https:\/\/rrgsuisse.ch\/de\/wp-json\/wp\/v2\/media?parent=41727"}],"wp:term":[{"taxonomy":"category","embeddable":true,"href":"https:\/\/rrgsuisse.ch\/de\/wp-json\/wp\/v2\/categories?post=41727"},{"taxonomy":"post_tag","embeddable":true,"href":"https:\/\/rrgsuisse.ch\/de\/wp-json\/wp\/v2\/tags?post=41727"}],"curies":[{"name":"wp","href":"https:\/\/api.w.org\/{rel}","templated":true}]}}