{"id":41756,"date":"2025-03-11T11:39:19","date_gmt":"2025-03-11T10:39:19","guid":{"rendered":"https:\/\/rrgsuisse.ch\/?page_id=41756"},"modified":"2025-03-17T09:33:43","modified_gmt":"2025-03-17T08:33:43","slug":"nissan-assistance-und-garantien","status":"publish","type":"page","link":"https:\/\/rrgsuisse.ch\/de\/neuwagen\/nissan-neuwagen-modellpalette\/nissan-assistance-und-garantien","title":{"rendered":"Nissan Assistance und Garantien"},"content":{"rendered":"\t\t<div data-elementor-type=\"wp-page\" data-elementor-id=\"41756\" class=\"elementor elementor-41756 elementor-41755\" data-elementor-post-type=\"page\">\n\t\t\t\t\t\t<section class=\"elementor-section elementor-top-section elementor-element elementor-element-87b320e elementor-section-boxed elementor-section-height-default elementor-section-height-default\" data-id=\"87b320e\" data-element_type=\"section\" data-e-type=\"section\" data-settings=\"{&quot;background_background&quot;:&quot;classic&quot;}\">\n\t\t\t\t\t\t<div class=\"elementor-container elementor-column-gap-default\">\n\t\t\t\t\t<div class=\"elementor-column elementor-col-100 elementor-top-column elementor-element elementor-element-a008a79\" data-id=\"a008a79\" data-element_type=\"column\" data-e-type=\"column\">\n\t\t\t<div class=\"elementor-widget-wrap elementor-element-populated\">\n\t\t\t\t\t\t<div class=\"elementor-element elementor-element-cb1c91d elementor-widget elementor-widget-heading\" data-id=\"cb1c91d\" data-element_type=\"widget\" data-e-type=\"widget\" data-widget_type=\"heading.default\">\n\t\t\t\t<div class=\"elementor-widget-container\">\n\t\t\t\t\t<h1 class=\"elementor-heading-title elementor-size-default\">Nissan Assistance und Garantien<\/h1>\t\t\t\t<\/div>\n\t\t\t\t<\/div>\n\t\t\t\t\t<\/div>\n\t\t<\/div>\n\t\t\t\t\t<\/div>\n\t\t<\/section>\n\t\t\t\t<section class=\"elementor-section elementor-top-section elementor-element elementor-element-7043695 elementor-section-boxed elementor-section-height-default elementor-section-height-default\" data-id=\"7043695\" data-element_type=\"section\" data-e-type=\"section\">\n\t\t\t\t\t\t<div class=\"elementor-container elementor-column-gap-default\">\n\t\t\t\t\t<div class=\"elementor-column elementor-col-100 elementor-top-column elementor-element elementor-element-ebce673\" data-id=\"ebce673\" data-element_type=\"column\" data-e-type=\"column\">\n\t\t\t<div class=\"elementor-widget-wrap elementor-element-populated\">\n\t\t\t\t\t\t<div class=\"elementor-element elementor-element-9179101 elementor-widget elementor-widget-breadcrumbs\" data-id=\"9179101\" data-element_type=\"widget\" data-e-type=\"widget\" data-widget_type=\"breadcrumbs.default\">\n\t\t\t\t<div class=\"elementor-widget-container\">\n\t\t\t\t\t<p id=\"breadcrumbs\"><span><span><a href=\"https:\/\/rrgsuisse.ch\/de\">Home<\/a><\/span><\/span><\/p>\t\t\t\t<\/div>\n\t\t\t\t<\/div>\n\t\t\t\t\t<\/div>\n\t\t<\/div>\n\t\t\t\t\t<\/div>\n\t\t<\/section>\n\t\t\t\t<section class=\"elementor-section elementor-top-section elementor-element elementor-element-45fb548 elementor-section-boxed elementor-section-height-default elementor-section-height-default\" data-id=\"45fb548\" data-element_type=\"section\" data-e-type=\"section\">\n\t\t\t\t\t\t<div class=\"elementor-container elementor-column-gap-default\">\n\t\t\t\t\t<div class=\"elementor-column elementor-col-100 elementor-top-column elementor-element elementor-element-babf8f6\" data-id=\"babf8f6\" data-element_type=\"column\" data-e-type=\"column\">\n\t\t\t<div class=\"elementor-widget-wrap elementor-element-populated\">\n\t\t\t\t\t\t<div class=\"elementor-element elementor-element-5d7c394 elementor-widget elementor-widget-heading\" data-id=\"5d7c394\" data-element_type=\"widget\" data-e-type=\"widget\" data-widget_type=\"heading.default\">\n\t\t\t\t<div class=\"elementor-widget-container\">\n\t\t\t\t\t<h2 class=\"elementor-heading-title elementor-size-default\">NISSAN ASSISTANCE<\/h2>\t\t\t\t<\/div>\n\t\t\t\t<\/div>\n\t\t\t\t<div class=\"elementor-element elementor-element-0881784 elementor-widget elementor-widget-heading\" data-id=\"0881784\" data-element_type=\"widget\" data-e-type=\"widget\" data-widget_type=\"heading.default\">\n\t\t\t\t<div class=\"elementor-widget-container\">\n\t\t\t\t\t<h2 class=\"elementor-heading-title elementor-size-default\">Rund um die Uhr f\u00fcr Sie da<\/h2>\t\t\t\t<\/div>\n\t\t\t\t<\/div>\n\t\t\t\t<div class=\"elementor-element elementor-element-3e6353b elementor-widget elementor-widget-text-editor\" data-id=\"3e6353b\" data-element_type=\"widget\" data-e-type=\"widget\" data-widget_type=\"text-editor.default\">\n\t\t\t\t<div class=\"elementor-widget-container\">\n\t\t\t\t\t\t\t\t\t<p>0800 86 09 00 oder +41 800 86 09 00<\/p>\n\t\t\t\t\t\t\t\t<\/div>\n\t\t\t\t<\/div>\n\t\t\t\t\t<\/div>\n\t\t<\/div>\n\t\t\t\t\t<\/div>\n\t\t<\/section>\n\t\t\t\t<section class=\"elementor-section elementor-top-section elementor-element elementor-element-b8ec0b1 elementor-section-boxed elementor-section-height-default elementor-section-height-default\" data-id=\"b8ec0b1\" data-element_type=\"section\" data-e-type=\"section\">\n\t\t\t\t\t\t<div class=\"elementor-container elementor-column-gap-default\">\n\t\t\t\t\t<div class=\"elementor-column elementor-col-100 elementor-top-column elementor-element elementor-element-aca1abb\" data-id=\"aca1abb\" data-element_type=\"column\" data-e-type=\"column\">\n\t\t\t<div class=\"elementor-widget-wrap elementor-element-populated\">\n\t\t\t\t\t\t<div class=\"elementor-element elementor-element-b1562b4 elementor-widget elementor-widget-heading\" data-id=\"b1562b4\" data-element_type=\"widget\" data-e-type=\"widget\" data-widget_type=\"heading.default\">\n\t\t\t\t<div class=\"elementor-widget-container\">\n\t\t\t\t\t<h2 class=\"elementor-heading-title elementor-size-default\">NISSAN GARANTIE<\/h2>\t\t\t\t<\/div>\n\t\t\t\t<\/div>\n\t\t\t\t<div class=\"elementor-element elementor-element-f79ec9d elementor-widget elementor-widget-text-editor\" data-id=\"f79ec9d\" data-element_type=\"widget\" data-e-type=\"widget\" data-widget_type=\"text-editor.default\">\n\t\t\t\t<div class=\"elementor-widget-container\">\n\t\t\t\t\t\t\t\t\t<p><strong><u>NEUWAGENGARANTIE<\/u><\/strong><\/p><p>Willkommen zu unserer Neuwagengarantie. Wir lieben die Fahrzeuge, die wir herstellen. Und Ihnen geht es bei Ihrem Fahrzeug wahrscheinlich genauso &#8211; und Sie m\u00f6chten es so lange wie m\u00f6glich fahren. Um Sie dabei zu unterst\u00fctzen, bietet NISSAN f\u00fcr die meisten Modelle eine Neufahrzeuggarantie von 3 Jahren bzw. 100 000 km (je nachdem, was zuerst eintritt). F\u00fcr Nutzfahrzeuge betr\u00e4gt die Neufahrzeuggarantie sogar 5 Jahre bzw. 160 000 km*.<\/p><p>Mit einer\u00a0<b>3-j\u00e4hrigen Lackgarantie<\/b>\u00a0und einer\u00a0<b>12-j\u00e4hrigen Garantie gegen Durchrostung von Karosserieblechen<\/b>\u00a0\u2013 beide bei unbegrenzter Laufleistung \u2013 bieten wir Ihnen noch mehr Schutz.<\/p><p>Zudem unterliegt jedes\u00a0<b>Original NISSAN Ersatzteil oder Zubeh\u00f6r einer bis zu 3-j\u00e4hrigen Garantie<\/b>\u00a0(unbegrenzte Laufleistung)\u00a0<b><\/b>\u2013 je nach Produkttyp. Somit ist es noch leichter f\u00fcr Sie, Ihren NISSAN so wie am ersten Tag zu erhalten.<\/p><p>F\u00fcr die oben beschriebenen Bedingungen gibt es einige Ausnahmen. Einzelheiten entnehmen Sie bitte Ihrem jeweiligen Kundendienst-Scheckheft, das Sie mit Ihrem Fahrzeug erhalten haben.<\/p><p><i>*5 Jahre Herstellergarantie bis 160.000 km auf alle NISSAN Nutzfahrzeug-Modelle (mit Ausnahme des NISSAN e-NV200: 5 Jahre\/100.000 km Garantie die sich aus 3 Jahren Herstellergarantie und 2 Jahren kostenfreier NISSAN 5\u2605 Anschlussgarantie zusammensetzen).<\/i><\/p>\t\t\t\t\t\t\t\t<\/div>\n\t\t\t\t<\/div>\n\t\t\t\t<div class=\"elementor-element elementor-element-a3b8d86 elementor-widget elementor-widget-text-editor\" data-id=\"a3b8d86\" data-element_type=\"widget\" data-e-type=\"widget\" data-widget_type=\"text-editor.default\">\n\t\t\t\t<div class=\"elementor-widget-container\">\n\t\t\t\t\t\t\t\t\t<p><strong><u>NISSAN 5\u2605 ANSCHLUSSGARANTIE<\/u><\/strong><\/p><p>Mit der Erweiterung der 3-Jahre-\/100 000 km-Garantie auf einen l\u00e4ngeren Zeitraum oder h\u00f6here Laufleistung erhalten Sie noch mehr Planungssicherheit.<\/p><p><strong>GUTE KOSTENKONTROLLE<\/strong><\/p><p>Mit der NISSAN 5\u2605 Anschlussgarantie von NISSAN k\u00f6nnen Sie auch nach Ablauf der Herstellergarantie\u00a0<b>entspannt weiterfahren<\/b>, denn sie bietet Ihnen einen umfangreichen Schutz vor\u00a0<b>unerwarteten und teuren Reparaturkosten, indem sie diese bei mechanischem oder elektrischem Versagen deckt.<\/b><\/p><p><strong>Jetzt ab FR. 259.-**<\/strong><\/p><p>In Abh\u00e4ngigkeit von Alter und Kilometerleistung des Fahrzeugs; es gelten die allgemeinen Gesch\u00e4ftsbedingungen.<\/p><p><strong>FLEXIBILIT\u00c4T<\/strong><\/p><p>Die NISSAN 5\u2605 Anschlussgarantie ist in einer Vielzahl von Kombinationen aus Zeitraum und Laufleistung verf\u00fcgbar. Die NISSAN 5\u2605 Anschlussgarantie k\u00f6nnen Sie\u00a0<b>jederzeit vor Ablauf der Standard-Herstellergarantie abschliessen.<br \/><\/b>Dar\u00fcber hinaus k\u00f6nnen Sie bei Bedarf auch einen bereits bestehenden NISSAN 5\u2605 Anschlussgarantie verl\u00e4ngern, mit einem &#171;Top-Up&#187; Vertrag &#8211; Verl\u00e4ngerung um Zeit\/Kilometer. Fragen Sie Ihren NISSAN Partner nach weiteren Informationen.<\/p><p><strong>QUALIT\u00c4T<\/strong><\/p><p>Mit der NISSAN 5\u2605 Anschlussgarantie erhalten Sie garantiert nur NISSAN Teile bei m\u00f6glichen Reparaturen. Zudem wird Ihr NISSAN von einem geschulten NISSAN Techniker gewartet.<\/p><p><strong>MEHRWERT<\/strong><\/p><p>Der Vertrag bezieht sich auf das Fahrzeug und kann somit \u00fcbertragen werden. Wenn Sie sich zum Verkauf Ihres Fahrzeugs entscheiden, profitiert der n\u00e4chste Besitzer vom gleichen Service.<\/p>\t\t\t\t\t\t\t\t<\/div>\n\t\t\t\t<\/div>\n\t\t\t\t\t<\/div>\n\t\t<\/div>\n\t\t\t\t\t<\/div>\n\t\t<\/section>\n\t\t\t\t<\/div>\n\t\t","protected":false},"excerpt":{"rendered":"<p>NISSAN ASSISTANCE Rund um die Uhr f\u00fcr Sie da 0800 86 09 00 oder +41 800 86 09 00 NISSAN GARANTIE NEUWAGENGARANTIE Willkommen zu unserer Neuwagengarantie. Wir lieben die Fahrzeuge, die wir herstellen. Und Ihnen geht es bei Ihrem Fahrzeug wahrscheinlich genauso &#8211; und Sie m\u00f6chten es so lange wie m\u00f6glich fahren. Um Sie dabei [&hellip;]<\/p>\n","protected":false},"author":1,"featured_media":0,"parent":41366,"menu_order":0,"comment_status":"closed","ping_status":"closed","template":"","meta":{"_acf_changed":false,"footnotes":""},"categories":[113],"tags":[],"class_list":["post-41756","page","type-page","status-publish","hentry","category-headerfooter-nissan"],"acf":[],"yoast_head":"<!-- This site is optimized with the Yoast SEO plugin v27.6 - https:\/\/yoast.com\/product\/yoast-seo-wordpress\/ -->\n<title>Nissan Assistance und Garantien - RRG Suisse<\/title>\n<meta name=\"robots\" content=\"index, follow, max-snippet:-1, max-image-preview:large, max-video-preview:-1\" \/>\n<link rel=\"canonical\" href=\"https:\/\/rrgsuisse.ch\/de\/neuwagen\/nissan-neuwagen-modellpalette\/nissan-assistance-und-garantien\" \/>\n<meta property=\"og:locale\" content=\"de_DE\" \/>\n<meta property=\"og:type\" content=\"article\" \/>\n<meta property=\"og:title\" content=\"Nissan Assistance und Garantien - RRG Suisse\" \/>\n<meta property=\"og:description\" content=\"NISSAN ASSISTANCE Rund um die Uhr f\u00fcr Sie da 0800 86 09 00 oder +41 800 86 09 00 NISSAN GARANTIE NEUWAGENGARANTIE Willkommen zu unserer Neuwagengarantie. Wir lieben die Fahrzeuge, die wir herstellen. Und Ihnen geht es bei Ihrem Fahrzeug wahrscheinlich genauso &#8211; und Sie m\u00f6chten es so lange wie m\u00f6glich fahren. Um Sie dabei [&hellip;]\" \/>\n<meta property=\"og:url\" content=\"https:\/\/rrgsuisse.ch\/de\/neuwagen\/nissan-neuwagen-modellpalette\/nissan-assistance-und-garantien\" \/>\n<meta property=\"og:site_name\" content=\"RRG Suisse\" \/>\n<meta property=\"article:modified_time\" content=\"2025-03-17T08:33:43+00:00\" \/>\n<meta property=\"og:image\" content=\"https:\/\/rrgsuisse.ch\/wp-content\/uploads\/2022\/12\/rrg-logo-2022-black.png\" \/>\n\t<meta property=\"og:image:width\" content=\"770\" \/>\n\t<meta property=\"og:image:height\" content=\"377\" \/>\n\t<meta property=\"og:image:type\" content=\"image\/png\" \/>\n<meta name=\"twitter:card\" content=\"summary_large_image\" \/>\n<meta name=\"twitter:label1\" content=\"Gesch\u00e4tzte Lesezeit\" \/>\n\t<meta name=\"twitter:data1\" content=\"3\u00a0Minuten\" \/>\n<script type=\"application\/ld+json\" class=\"yoast-schema-graph\">{\"@context\":\"https:\\\/\\\/schema.org\",\"@graph\":[{\"@type\":\"WebPage\",\"@id\":\"https:\\\/\\\/rrgsuisse.ch\\\/de\\\/neuwagen\\\/nissan-neuwagen-modellpalette\\\/nissan-assistance-und-garantien\",\"url\":\"https:\\\/\\\/rrgsuisse.ch\\\/de\\\/neuwagen\\\/nissan-neuwagen-modellpalette\\\/nissan-assistance-und-garantien\",\"name\":\"Nissan Assistance und Garantien - RRG Suisse\",\"isPartOf\":{\"@id\":\"https:\\\/\\\/rrgsuisse.ch\\\/de#website\"},\"datePublished\":\"2025-03-11T10:39:19+00:00\",\"dateModified\":\"2025-03-17T08:33:43+00:00\",\"breadcrumb\":{\"@id\":\"https:\\\/\\\/rrgsuisse.ch\\\/de\\\/neuwagen\\\/nissan-neuwagen-modellpalette\\\/nissan-assistance-und-garantien#breadcrumb\"},\"inLanguage\":\"de-CH\",\"potentialAction\":[{\"@type\":\"ReadAction\",\"target\":[\"https:\\\/\\\/rrgsuisse.ch\\\/de\\\/neuwagen\\\/nissan-neuwagen-modellpalette\\\/nissan-assistance-und-garantien\"]}]},{\"@type\":\"BreadcrumbList\",\"@id\":\"https:\\\/\\\/rrgsuisse.ch\\\/de\\\/neuwagen\\\/nissan-neuwagen-modellpalette\\\/nissan-assistance-und-garantien#breadcrumb\",\"itemListElement\":[{\"@type\":\"ListItem\",\"position\":1,\"name\":\"Home\",\"item\":\"https:\\\/\\\/rrgsuisse.ch\\\/de\"},{\"@type\":\"ListItem\",\"position\":2,\"name\":\"Neuwagen\",\"item\":\"https:\\\/\\\/rrgsuisse.ch\\\/de\\\/neuwagen\"},{\"@type\":\"ListItem\",\"position\":3,\"name\":\"Nissan Neuwagen Modellpalette\",\"item\":\"https:\\\/\\\/rrgsuisse.ch\\\/de\\\/neuwagen\\\/nissan-neuwagen-modellpalette\"},{\"@type\":\"ListItem\",\"position\":4,\"name\":\"Nissan Assistance und Garantien\"}]},{\"@type\":\"WebSite\",\"@id\":\"https:\\\/\\\/rrgsuisse.ch\\\/de#website\",\"url\":\"https:\\\/\\\/rrgsuisse.ch\\\/de\",\"name\":\"RRG Suisse\",\"description\":\"Retail Renault Group - Revendeur officiel Renault, Dacia, Nissan\",\"potentialAction\":[{\"@type\":\"SearchAction\",\"target\":{\"@type\":\"EntryPoint\",\"urlTemplate\":\"https:\\\/\\\/rrgsuisse.ch\\\/de?s={search_term_string}\"},\"query-input\":{\"@type\":\"PropertyValueSpecification\",\"valueRequired\":true,\"valueName\":\"search_term_string\"}}],\"inLanguage\":\"de-CH\"}]}<\/script>\n<!-- \/ Yoast SEO plugin. -->","yoast_head_json":{"title":"Nissan Assistance und Garantien - RRG Suisse","robots":{"index":"index","follow":"follow","max-snippet":"max-snippet:-1","max-image-preview":"max-image-preview:large","max-video-preview":"max-video-preview:-1"},"canonical":"https:\/\/rrgsuisse.ch\/de\/neuwagen\/nissan-neuwagen-modellpalette\/nissan-assistance-und-garantien","og_locale":"de_DE","og_type":"article","og_title":"Nissan Assistance und Garantien - RRG Suisse","og_description":"NISSAN ASSISTANCE Rund um die Uhr f\u00fcr Sie da 0800 86 09 00 oder +41 800 86 09 00 NISSAN GARANTIE NEUWAGENGARANTIE Willkommen zu unserer Neuwagengarantie. Wir lieben die Fahrzeuge, die wir herstellen. Und Ihnen geht es bei Ihrem Fahrzeug wahrscheinlich genauso &#8211; und Sie m\u00f6chten es so lange wie m\u00f6glich fahren. Um Sie dabei [&hellip;]","og_url":"https:\/\/rrgsuisse.ch\/de\/neuwagen\/nissan-neuwagen-modellpalette\/nissan-assistance-und-garantien","og_site_name":"RRG Suisse","article_modified_time":"2025-03-17T08:33:43+00:00","og_image":[{"width":770,"height":377,"url":"https:\/\/rrgsuisse.ch\/wp-content\/uploads\/2022\/12\/rrg-logo-2022-black.png","type":"image\/png"}],"twitter_card":"summary_large_image","twitter_misc":{"Gesch\u00e4tzte Lesezeit":"3\u00a0Minuten"},"schema":{"@context":"https:\/\/schema.org","@graph":[{"@type":"WebPage","@id":"https:\/\/rrgsuisse.ch\/de\/neuwagen\/nissan-neuwagen-modellpalette\/nissan-assistance-und-garantien","url":"https:\/\/rrgsuisse.ch\/de\/neuwagen\/nissan-neuwagen-modellpalette\/nissan-assistance-und-garantien","name":"Nissan Assistance und Garantien - RRG Suisse","isPartOf":{"@id":"https:\/\/rrgsuisse.ch\/de#website"},"datePublished":"2025-03-11T10:39:19+00:00","dateModified":"2025-03-17T08:33:43+00:00","breadcrumb":{"@id":"https:\/\/rrgsuisse.ch\/de\/neuwagen\/nissan-neuwagen-modellpalette\/nissan-assistance-und-garantien#breadcrumb"},"inLanguage":"de-CH","potentialAction":[{"@type":"ReadAction","target":["https:\/\/rrgsuisse.ch\/de\/neuwagen\/nissan-neuwagen-modellpalette\/nissan-assistance-und-garantien"]}]},{"@type":"BreadcrumbList","@id":"https:\/\/rrgsuisse.ch\/de\/neuwagen\/nissan-neuwagen-modellpalette\/nissan-assistance-und-garantien#breadcrumb","itemListElement":[{"@type":"ListItem","position":1,"name":"Home","item":"https:\/\/rrgsuisse.ch\/de"},{"@type":"ListItem","position":2,"name":"Neuwagen","item":"https:\/\/rrgsuisse.ch\/de\/neuwagen"},{"@type":"ListItem","position":3,"name":"Nissan Neuwagen Modellpalette","item":"https:\/\/rrgsuisse.ch\/de\/neuwagen\/nissan-neuwagen-modellpalette"},{"@type":"ListItem","position":4,"name":"Nissan Assistance und Garantien"}]},{"@type":"WebSite","@id":"https:\/\/rrgsuisse.ch\/de#website","url":"https:\/\/rrgsuisse.ch\/de","name":"RRG Suisse","description":"Retail Renault Group - Revendeur officiel Renault, Dacia, Nissan","potentialAction":[{"@type":"SearchAction","target":{"@type":"EntryPoint","urlTemplate":"https:\/\/rrgsuisse.ch\/de?s={search_term_string}"},"query-input":{"@type":"PropertyValueSpecification","valueRequired":true,"valueName":"search_term_string"}}],"inLanguage":"de-CH"}]}},"wpml_current_locale":"de_CH","wpml_translations":[],"_links":{"self":[{"href":"https:\/\/rrgsuisse.ch\/de\/wp-json\/wp\/v2\/pages\/41756","targetHints":{"allow":["GET"]}}],"collection":[{"href":"https:\/\/rrgsuisse.ch\/de\/wp-json\/wp\/v2\/pages"}],"about":[{"href":"https:\/\/rrgsuisse.ch\/de\/wp-json\/wp\/v2\/types\/page"}],"author":[{"embeddable":true,"href":"https:\/\/rrgsuisse.ch\/de\/wp-json\/wp\/v2\/users\/1"}],"replies":[{"embeddable":true,"href":"https:\/\/rrgsuisse.ch\/de\/wp-json\/wp\/v2\/comments?post=41756"}],"version-history":[{"count":6,"href":"https:\/\/rrgsuisse.ch\/de\/wp-json\/wp\/v2\/pages\/41756\/revisions"}],"predecessor-version":[{"id":42139,"href":"https:\/\/rrgsuisse.ch\/de\/wp-json\/wp\/v2\/pages\/41756\/revisions\/42139"}],"up":[{"embeddable":true,"href":"https:\/\/rrgsuisse.ch\/de\/wp-json\/wp\/v2\/pages\/41366"}],"wp:attachment":[{"href":"https:\/\/rrgsuisse.ch\/de\/wp-json\/wp\/v2\/media?parent=41756"}],"wp:term":[{"taxonomy":"category","embeddable":true,"href":"https:\/\/rrgsuisse.ch\/de\/wp-json\/wp\/v2\/categories?post=41756"},{"taxonomy":"post_tag","embeddable":true,"href":"https:\/\/rrgsuisse.ch\/de\/wp-json\/wp\/v2\/tags?post=41756"}],"curies":[{"name":"wp","href":"https:\/\/api.w.org\/{rel}","templated":true}]}}