{"id":43435,"date":"2025-04-24T14:57:21","date_gmt":"2025-04-24T12:57:21","guid":{"rendered":"https:\/\/rrgsuisse.ch\/?page_id=43435"},"modified":"2025-04-29T14:47:54","modified_gmt":"2025-04-29T12:47:54","slug":"servicevertrag-pro","status":"publish","type":"page","link":"https:\/\/rrgsuisse.ch\/de\/neuwagen\/renault-neuwagen-modellpalette\/servicevertrag-pro","title":{"rendered":"Servicevertrag PRO+"},"content":{"rendered":"\t\t<div data-elementor-type=\"wp-page\" data-elementor-id=\"43435\" class=\"elementor elementor-43435 elementor-43434\" data-elementor-post-type=\"page\">\n\t\t\t\t\t\t<section class=\"elementor-section elementor-top-section elementor-element elementor-element-fbcf47e elementor-section-boxed elementor-section-height-default elementor-section-height-default\" data-id=\"fbcf47e\" data-element_type=\"section\" data-e-type=\"section\" data-settings=\"{&quot;background_background&quot;:&quot;classic&quot;}\">\n\t\t\t\t\t\t<div class=\"elementor-container elementor-column-gap-default\">\n\t\t\t\t\t<div class=\"elementor-column elementor-col-100 elementor-top-column elementor-element elementor-element-2e88c7a\" data-id=\"2e88c7a\" data-element_type=\"column\" data-e-type=\"column\">\n\t\t\t<div class=\"elementor-widget-wrap elementor-element-populated\">\n\t\t\t\t\t\t<div class=\"elementor-element elementor-element-3e717c2 elementor-widget elementor-widget-heading\" data-id=\"3e717c2\" data-element_type=\"widget\" data-e-type=\"widget\" data-widget_type=\"heading.default\">\n\t\t\t\t<div class=\"elementor-widget-container\">\n\t\t\t\t\t<h1 class=\"elementor-heading-title elementor-size-default\">Entdecken Sie Renault Service<\/h1>\t\t\t\t<\/div>\n\t\t\t\t<\/div>\n\t\t\t\t<div class=\"elementor-element elementor-element-7695407 elementor-widget elementor-widget-text-editor\" data-id=\"7695407\" data-element_type=\"widget\" data-e-type=\"widget\" data-widget_type=\"text-editor.default\">\n\t\t\t\t<div class=\"elementor-widget-container\">\n\t\t\t\t\t\t\t\t\t<p>N\u00e4he, Schnelligkeit, Qualit\u00e4t und Zuverl\u00e4ssigkeit: Auf diesen 4 Faktoren basiert die T\u00e4tigkeit unserer Teams.<\/p>\t\t\t\t\t\t\t\t<\/div>\n\t\t\t\t<\/div>\n\t\t\t\t\t<\/div>\n\t\t<\/div>\n\t\t\t\t\t<\/div>\n\t\t<\/section>\n\t\t\t\t<section class=\"elementor-section elementor-top-section elementor-element elementor-element-473425f elementor-section-boxed elementor-section-height-default elementor-section-height-default\" data-id=\"473425f\" data-element_type=\"section\" data-e-type=\"section\">\n\t\t\t\t\t\t<div class=\"elementor-container elementor-column-gap-default\">\n\t\t\t\t\t<div class=\"elementor-column elementor-col-100 elementor-top-column elementor-element elementor-element-725a911\" data-id=\"725a911\" data-element_type=\"column\" data-e-type=\"column\">\n\t\t\t<div class=\"elementor-widget-wrap elementor-element-populated\">\n\t\t\t\t\t\t<div class=\"elementor-element elementor-element-0061be6 elementor-widget elementor-widget-breadcrumbs\" data-id=\"0061be6\" data-element_type=\"widget\" data-e-type=\"widget\" data-widget_type=\"breadcrumbs.default\">\n\t\t\t\t<div class=\"elementor-widget-container\">\n\t\t\t\t\t<p id=\"breadcrumbs\"><span><span><a href=\"https:\/\/rrgsuisse.ch\/de\">Home<\/a><\/span><\/span><\/p>\t\t\t\t<\/div>\n\t\t\t\t<\/div>\n\t\t\t\t\t<\/div>\n\t\t<\/div>\n\t\t\t\t\t<\/div>\n\t\t<\/section>\n\t\t\t\t<section class=\"elementor-section elementor-top-section elementor-element elementor-element-c9cc522 elementor-section-boxed elementor-section-height-default elementor-section-height-default\" data-id=\"c9cc522\" data-element_type=\"section\" data-e-type=\"section\">\n\t\t\t\t\t\t<div class=\"elementor-container elementor-column-gap-default\">\n\t\t\t\t\t<div class=\"elementor-column elementor-col-100 elementor-top-column elementor-element elementor-element-e5e76ac\" data-id=\"e5e76ac\" data-element_type=\"column\" data-e-type=\"column\">\n\t\t\t<div class=\"elementor-widget-wrap elementor-element-populated\">\n\t\t\t\t\t\t<div class=\"elementor-element elementor-element-c4bbd80 elementor-widget elementor-widget-heading\" data-id=\"c4bbd80\" data-element_type=\"widget\" data-e-type=\"widget\" data-widget_type=\"heading.default\">\n\t\t\t\t<div class=\"elementor-widget-container\">\n\t\t\t\t\t<h2 class=\"elementor-heading-title elementor-size-default\">Unsere H\u00e4ndlernetz-Versprechen<\/h2>\t\t\t\t<\/div>\n\t\t\t\t<\/div>\n\t\t\t\t<section class=\"elementor-section elementor-inner-section elementor-element elementor-element-8fc89ea elementor-section-boxed elementor-section-height-default elementor-section-height-default\" data-id=\"8fc89ea\" data-element_type=\"section\" data-e-type=\"section\">\n\t\t\t\t\t\t<div class=\"elementor-container elementor-column-gap-default\">\n\t\t\t\t\t<div class=\"elementor-column elementor-col-50 elementor-inner-column elementor-element elementor-element-f307faa\" data-id=\"f307faa\" data-element_type=\"column\" data-e-type=\"column\">\n\t\t\t<div class=\"elementor-widget-wrap elementor-element-populated\">\n\t\t\t\t\t\t<div class=\"elementor-element elementor-element-cb6eb20 elementor-widget elementor-widget-image\" data-id=\"cb6eb20\" data-element_type=\"widget\" data-e-type=\"widget\" data-widget_type=\"image.default\">\n\t\t\t\t<div class=\"elementor-widget-container\">\n\t\t\t\t\t\t\t\t\t\t\t\t\t\t\t<img fetchpriority=\"high\" decoding=\"async\" width=\"800\" height=\"450\" src=\"https:\/\/rrgsuisse.ch\/wp-content\/uploads\/2025\/04\/confiance-1024x576.webp\" class=\"attachment-large size-large wp-image-43473\" alt=\"\" srcset=\"https:\/\/rrgsuisse.ch\/wp-content\/uploads\/2025\/04\/confiance-1024x576.webp 1024w, https:\/\/rrgsuisse.ch\/wp-content\/uploads\/2025\/04\/confiance-300x169.webp 300w, https:\/\/rrgsuisse.ch\/wp-content\/uploads\/2025\/04\/confiance-768x432.webp 768w, https:\/\/rrgsuisse.ch\/wp-content\/uploads\/2025\/04\/confiance-1536x864.webp 1536w, https:\/\/rrgsuisse.ch\/wp-content\/uploads\/2025\/04\/confiance-2048x1152.webp 2048w\" sizes=\"(max-width: 800px) 100vw, 800px\" \/>\t\t\t\t\t\t\t\t\t\t\t\t\t\t\t<\/div>\n\t\t\t\t<\/div>\n\t\t\t\t\t<\/div>\n\t\t<\/div>\n\t\t\t\t<div class=\"elementor-column elementor-col-50 elementor-inner-column elementor-element elementor-element-82469c4\" data-id=\"82469c4\" data-element_type=\"column\" data-e-type=\"column\">\n\t\t\t<div class=\"elementor-widget-wrap elementor-element-populated\">\n\t\t\t\t\t\t<div class=\"elementor-element elementor-element-ad25bd7 elementor-widget elementor-widget-heading\" data-id=\"ad25bd7\" data-element_type=\"widget\" data-e-type=\"widget\" data-widget_type=\"heading.default\">\n\t\t\t\t<div class=\"elementor-widget-container\">\n\t\t\t\t\t<h3 class=\"elementor-heading-title elementor-size-default\">Das Vertrauen steht im Vordergrund<\/h3>\t\t\t\t<\/div>\n\t\t\t\t<\/div>\n\t\t\t\t<div class=\"elementor-element elementor-element-4f9ec46 elementor-widget elementor-widget-text-editor\" data-id=\"4f9ec46\" data-element_type=\"widget\" data-e-type=\"widget\" data-widget_type=\"text-editor.default\">\n\t\t\t\t<div class=\"elementor-widget-container\">\n\t\t\t\t\t\t\t\t\t<ul><li>Ein klares, transparentes Angebot, bevor eine Arbeit ausgef\u00fchrt wird<\/li><li>Eine auf das Alter Ihres Fahrzeugs abgestimmte L\u00f6sung<\/li><li>Einbau von Bauteilen mit Garantie von Renault<\/li><li>Genaue Informationen \u00fcber den Fortschritt der Arbeiten an Ihrem Renault<\/li><li>Keine Kosten f\u00fcr Arbeiten, die ohne Ihre Zustimmung durchgef\u00fchrt werden<\/li><li>Eine Ersatzl\u00f6sung, damit Sie mobil bleiben<\/li><li>1 Jahr Garantie auf Bauteile und Arbeit f\u00fcr in unserem H\u00e4ndlernetz durchgef\u00fchrte Arbeiten<\/li><li>Ihr Fahrzeug wird zum vereinbarten Zeitpunkt und Preis zur\u00fcckgegeben<\/li><\/ul>\t\t\t\t\t\t\t\t<\/div>\n\t\t\t\t<\/div>\n\t\t\t\t\t<\/div>\n\t\t<\/div>\n\t\t\t\t\t<\/div>\n\t\t<\/section>\n\t\t\t\t\t<\/div>\n\t\t<\/div>\n\t\t\t\t\t<\/div>\n\t\t<\/section>\n\t\t\t\t<section class=\"elementor-section elementor-top-section elementor-element elementor-element-85292c6 elementor-section-boxed elementor-section-height-default elementor-section-height-default\" data-id=\"85292c6\" data-element_type=\"section\" data-e-type=\"section\">\n\t\t\t\t\t\t<div class=\"elementor-container elementor-column-gap-default\">\n\t\t\t\t\t<div class=\"elementor-column elementor-col-100 elementor-top-column elementor-element elementor-element-3675926\" data-id=\"3675926\" data-element_type=\"column\" data-e-type=\"column\">\n\t\t\t<div class=\"elementor-widget-wrap elementor-element-populated\">\n\t\t\t\t\t\t<div class=\"elementor-element elementor-element-bb78121 elementor-widget elementor-widget-heading\" data-id=\"bb78121\" data-element_type=\"widget\" data-e-type=\"widget\" data-widget_type=\"heading.default\">\n\t\t\t\t<div class=\"elementor-widget-container\">\n\t\t\t\t\t<h2 class=\"elementor-heading-title elementor-size-default\">Renault Originalteile<\/h2>\t\t\t\t<\/div>\n\t\t\t\t<\/div>\n\t\t\t\t<section class=\"elementor-section elementor-inner-section elementor-element elementor-element-2ea03d4 elementor-section-boxed elementor-section-height-default elementor-section-height-default\" data-id=\"2ea03d4\" data-element_type=\"section\" data-e-type=\"section\">\n\t\t\t\t\t\t<div class=\"elementor-container elementor-column-gap-default\">\n\t\t\t\t\t<div class=\"elementor-column elementor-col-50 elementor-inner-column elementor-element elementor-element-4d2a028\" data-id=\"4d2a028\" data-element_type=\"column\" data-e-type=\"column\">\n\t\t\t<div class=\"elementor-widget-wrap elementor-element-populated\">\n\t\t\t\t\t\t<div class=\"elementor-element elementor-element-d63a9c1 elementor-widget elementor-widget-heading\" data-id=\"d63a9c1\" data-element_type=\"widget\" data-e-type=\"widget\" data-widget_type=\"heading.default\">\n\t\t\t\t<div class=\"elementor-widget-container\">\n\t\t\t\t\t<h3 class=\"elementor-heading-title elementor-size-default\">Die Garantien unserer \u00abOriginalteile\u00bb-Pakete f\u00fcr Ihr Renault Fahrzeug<\/h3>\t\t\t\t<\/div>\n\t\t\t\t<\/div>\n\t\t\t\t<div class=\"elementor-element elementor-element-ade1fe6 elementor-widget elementor-widget-text-editor\" data-id=\"ade1fe6\" data-element_type=\"widget\" data-e-type=\"widget\" data-widget_type=\"text-editor.default\">\n\t\t\t\t<div class=\"elementor-widget-container\">\n\t\t\t\t\t\t\t\t\t<ul><li style=\"text-align: left;\"><b>Sicherheit:<\/b> 5\u2019000 Tests pro Jahr, um die Qualit\u00e4t der Renault Originalteile zu garantieren,<\/li><li style=\"text-align: left;\"><b>Umwelt:<\/b> recycelte Materialien oder Materialien, die aufgrund ihrer Recyclingm\u00f6glichkeit ausgew\u00e4hlt wurden,<\/li><li style=\"text-align: left;\"><b>Innovation:<\/b> 700 Patente werden jedes Jahr eingereicht, um Ihrem Renault die effektivsten L\u00f6sungen zu bieten,<\/li><li style=\"text-align: left;\"><b>Qualit\u00e4t:<\/b> 600 Ingenieure und Techniker entwickeln die hochwertigsten Materialien und Herstellungsverfahren,<\/li><li style=\"text-align: left;\"><b>Design:<\/b> Arbeit, die im Einklang mit der \u00c4sthetik und Aerodynamik Ihres Renault steht,<\/li><li style=\"text-align: left;\"><b>Service:<\/b> 1 Jahr Garantie auf Bauteile und Arbeit f\u00fcr in unseren Werkst\u00e4tten durchgef\u00fchrte Reparaturen + 12 Jahre Durchrostungsgarantie f\u00fcr alle Blechteile Ihres Renault.<\/li><\/ul>\t\t\t\t\t\t\t\t<\/div>\n\t\t\t\t<\/div>\n\t\t\t\t\t<\/div>\n\t\t<\/div>\n\t\t\t\t<div class=\"elementor-column elementor-col-50 elementor-inner-column elementor-element elementor-element-9c65001\" data-id=\"9c65001\" data-element_type=\"column\" data-e-type=\"column\">\n\t\t\t<div class=\"elementor-widget-wrap elementor-element-populated\">\n\t\t\t\t\t\t<div class=\"elementor-element elementor-element-92f65e4 elementor-widget elementor-widget-image\" data-id=\"92f65e4\" data-element_type=\"widget\" data-e-type=\"widget\" data-widget_type=\"image.default\">\n\t\t\t\t<div class=\"elementor-widget-container\">\n\t\t\t\t\t\t\t\t\t\t\t\t\t\t\t<img decoding=\"async\" width=\"800\" height=\"450\" src=\"https:\/\/rrgsuisse.ch\/wp-content\/uploads\/2025\/04\/piece-origine-1024x576.webp\" class=\"attachment-large size-large wp-image-43475\" alt=\"\" srcset=\"https:\/\/rrgsuisse.ch\/wp-content\/uploads\/2025\/04\/piece-origine-1024x576.webp 1024w, https:\/\/rrgsuisse.ch\/wp-content\/uploads\/2025\/04\/piece-origine-300x169.webp 300w, https:\/\/rrgsuisse.ch\/wp-content\/uploads\/2025\/04\/piece-origine-768x432.webp 768w, https:\/\/rrgsuisse.ch\/wp-content\/uploads\/2025\/04\/piece-origine-1536x864.webp 1536w, https:\/\/rrgsuisse.ch\/wp-content\/uploads\/2025\/04\/piece-origine-2048x1152.webp 2048w\" sizes=\"(max-width: 800px) 100vw, 800px\" \/>\t\t\t\t\t\t\t\t\t\t\t\t\t\t\t<\/div>\n\t\t\t\t<\/div>\n\t\t\t\t\t<\/div>\n\t\t<\/div>\n\t\t\t\t\t<\/div>\n\t\t<\/section>\n\t\t\t\t\t<\/div>\n\t\t<\/div>\n\t\t\t\t\t<\/div>\n\t\t<\/section>\n\t\t\t\t<section class=\"elementor-section elementor-top-section elementor-element elementor-element-34d4627 elementor-section-boxed elementor-section-height-default elementor-section-height-default\" data-id=\"34d4627\" data-element_type=\"section\" data-e-type=\"section\">\n\t\t\t\t\t\t<div class=\"elementor-container elementor-column-gap-default\">\n\t\t\t\t\t<div class=\"elementor-column elementor-col-100 elementor-top-column elementor-element elementor-element-1d6829e\" data-id=\"1d6829e\" data-element_type=\"column\" data-e-type=\"column\">\n\t\t\t<div class=\"elementor-widget-wrap elementor-element-populated\">\n\t\t\t\t\t\t<div class=\"elementor-element elementor-element-68f5cc2 elementor-align-center elementor-widget elementor-widget-button\" data-id=\"68f5cc2\" data-element_type=\"widget\" data-e-type=\"widget\" data-widget_type=\"button.default\">\n\t\t\t\t<div class=\"elementor-widget-container\">\n\t\t\t\t\t\t\t\t\t<div class=\"elementor-button-wrapper\">\n\t\t\t\t\t<a class=\"elementor-button elementor-button-link elementor-size-sm\" href=\"https:\/\/rrgsuisse.ch\/de\/renault-standort\" target=\"_blank\">\n\t\t\t\t\t\t<span class=\"elementor-button-content-wrapper\">\n\t\t\t\t\t\t\t\t\t<span class=\"elementor-button-text\">Finde Ihren H\u00e4ndler<\/span>\n\t\t\t\t\t<\/span>\n\t\t\t\t\t<\/a>\n\t\t\t\t<\/div>\n\t\t\t\t\t\t\t\t<\/div>\n\t\t\t\t<\/div>\n\t\t\t\t\t<\/div>\n\t\t<\/div>\n\t\t\t\t\t<\/div>\n\t\t<\/section>\n\t\t\t\t<\/div>\n\t\t","protected":false},"excerpt":{"rendered":"<p>Entdecken Sie Renault Service N\u00e4he, Schnelligkeit, Qualit\u00e4t und Zuverl\u00e4ssigkeit: Auf diesen 4 Faktoren basiert die T\u00e4tigkeit unserer Teams. Unsere H\u00e4ndlernetz-Versprechen Das Vertrauen steht im Vordergrund Ein klares, transparentes Angebot, bevor eine Arbeit ausgef\u00fchrt wird Eine auf das Alter Ihres Fahrzeugs abgestimmte L\u00f6sung Einbau von Bauteilen mit Garantie von Renault Genaue Informationen \u00fcber den Fortschritt der [&hellip;]<\/p>\n","protected":false},"author":1,"featured_media":0,"parent":36901,"menu_order":0,"comment_status":"closed","ping_status":"closed","template":"","meta":{"_acf_changed":false,"footnotes":""},"categories":[90],"tags":[],"class_list":["post-43435","page","type-page","status-publish","hentry","category-headerfooter-renault-de"],"acf":[],"yoast_head":"<!-- This site is optimized with the Yoast SEO plugin v27.6 - https:\/\/yoast.com\/product\/yoast-seo-wordpress\/ -->\n<title>Servicevertrag PRO+ - RRG Suisse<\/title>\n<meta name=\"robots\" content=\"index, follow, max-snippet:-1, max-image-preview:large, max-video-preview:-1\" \/>\n<link rel=\"canonical\" href=\"https:\/\/rrgsuisse.ch\/de\/neuwagen\/renault-neuwagen-modellpalette\/servicevertrag-pro\" \/>\n<meta property=\"og:locale\" content=\"de_DE\" \/>\n<meta property=\"og:type\" content=\"article\" \/>\n<meta property=\"og:title\" content=\"Servicevertrag PRO+ - RRG Suisse\" \/>\n<meta property=\"og:description\" content=\"Entdecken Sie Renault Service N\u00e4he, Schnelligkeit, Qualit\u00e4t und Zuverl\u00e4ssigkeit: Auf diesen 4 Faktoren basiert die T\u00e4tigkeit unserer Teams. Unsere H\u00e4ndlernetz-Versprechen Das Vertrauen steht im Vordergrund Ein klares, transparentes Angebot, bevor eine Arbeit ausgef\u00fchrt wird Eine auf das Alter Ihres Fahrzeugs abgestimmte L\u00f6sung Einbau von Bauteilen mit Garantie von Renault Genaue Informationen \u00fcber den Fortschritt der [&hellip;]\" \/>\n<meta property=\"og:url\" content=\"https:\/\/rrgsuisse.ch\/de\/neuwagen\/renault-neuwagen-modellpalette\/servicevertrag-pro\" \/>\n<meta property=\"og:site_name\" content=\"RRG Suisse\" \/>\n<meta property=\"article:modified_time\" content=\"2025-04-29T12:47:54+00:00\" \/>\n<meta property=\"og:image\" content=\"https:\/\/rrgsuisse.ch\/wp-content\/uploads\/2025\/04\/confiance.webp\" \/>\n\t<meta property=\"og:image:width\" content=\"2560\" \/>\n\t<meta property=\"og:image:height\" content=\"1440\" \/>\n\t<meta property=\"og:image:type\" content=\"image\/webp\" \/>\n<meta name=\"twitter:card\" content=\"summary_large_image\" \/>\n<meta name=\"twitter:label1\" content=\"Gesch\u00e4tzte Lesezeit\" \/>\n\t<meta name=\"twitter:data1\" content=\"2\u00a0Minuten\" \/>\n<script type=\"application\/ld+json\" class=\"yoast-schema-graph\">{\"@context\":\"https:\\\/\\\/schema.org\",\"@graph\":[{\"@type\":\"WebPage\",\"@id\":\"https:\\\/\\\/rrgsuisse.ch\\\/de\\\/neuwagen\\\/renault-neuwagen-modellpalette\\\/servicevertrag-pro\",\"url\":\"https:\\\/\\\/rrgsuisse.ch\\\/de\\\/neuwagen\\\/renault-neuwagen-modellpalette\\\/servicevertrag-pro\",\"name\":\"Servicevertrag PRO+ - RRG Suisse\",\"isPartOf\":{\"@id\":\"https:\\\/\\\/rrgsuisse.ch\\\/de#website\"},\"primaryImageOfPage\":{\"@id\":\"https:\\\/\\\/rrgsuisse.ch\\\/de\\\/neuwagen\\\/renault-neuwagen-modellpalette\\\/servicevertrag-pro#primaryimage\"},\"image\":{\"@id\":\"https:\\\/\\\/rrgsuisse.ch\\\/de\\\/neuwagen\\\/renault-neuwagen-modellpalette\\\/servicevertrag-pro#primaryimage\"},\"thumbnailUrl\":\"https:\\\/\\\/rrgsuisse.ch\\\/wp-content\\\/uploads\\\/2025\\\/04\\\/confiance-1024x576.webp\",\"datePublished\":\"2025-04-24T12:57:21+00:00\",\"dateModified\":\"2025-04-29T12:47:54+00:00\",\"breadcrumb\":{\"@id\":\"https:\\\/\\\/rrgsuisse.ch\\\/de\\\/neuwagen\\\/renault-neuwagen-modellpalette\\\/servicevertrag-pro#breadcrumb\"},\"inLanguage\":\"de-CH\",\"potentialAction\":[{\"@type\":\"ReadAction\",\"target\":[\"https:\\\/\\\/rrgsuisse.ch\\\/de\\\/neuwagen\\\/renault-neuwagen-modellpalette\\\/servicevertrag-pro\"]}]},{\"@type\":\"ImageObject\",\"inLanguage\":\"de-CH\",\"@id\":\"https:\\\/\\\/rrgsuisse.ch\\\/de\\\/neuwagen\\\/renault-neuwagen-modellpalette\\\/servicevertrag-pro#primaryimage\",\"url\":\"https:\\\/\\\/rrgsuisse.ch\\\/wp-content\\\/uploads\\\/2025\\\/04\\\/confiance-1024x576.webp\",\"contentUrl\":\"https:\\\/\\\/rrgsuisse.ch\\\/wp-content\\\/uploads\\\/2025\\\/04\\\/confiance-1024x576.webp\"},{\"@type\":\"BreadcrumbList\",\"@id\":\"https:\\\/\\\/rrgsuisse.ch\\\/de\\\/neuwagen\\\/renault-neuwagen-modellpalette\\\/servicevertrag-pro#breadcrumb\",\"itemListElement\":[{\"@type\":\"ListItem\",\"position\":1,\"name\":\"Home\",\"item\":\"https:\\\/\\\/rrgsuisse.ch\\\/de\"},{\"@type\":\"ListItem\",\"position\":2,\"name\":\"Neuwagen\",\"item\":\"https:\\\/\\\/rrgsuisse.ch\\\/de\\\/neuwagen\"},{\"@type\":\"ListItem\",\"position\":3,\"name\":\"Renault Neuwagen Modellpalette\",\"item\":\"https:\\\/\\\/rrgsuisse.ch\\\/de\\\/neuwagen\\\/renault-neuwagen-modellpalette\"},{\"@type\":\"ListItem\",\"position\":4,\"name\":\"Servicevertrag PRO+\"}]},{\"@type\":\"WebSite\",\"@id\":\"https:\\\/\\\/rrgsuisse.ch\\\/de#website\",\"url\":\"https:\\\/\\\/rrgsuisse.ch\\\/de\",\"name\":\"RRG Suisse\",\"description\":\"Retail Renault Group - Revendeur officiel Renault, Dacia, Nissan\",\"potentialAction\":[{\"@type\":\"SearchAction\",\"target\":{\"@type\":\"EntryPoint\",\"urlTemplate\":\"https:\\\/\\\/rrgsuisse.ch\\\/de?s={search_term_string}\"},\"query-input\":{\"@type\":\"PropertyValueSpecification\",\"valueRequired\":true,\"valueName\":\"search_term_string\"}}],\"inLanguage\":\"de-CH\"}]}<\/script>\n<!-- \/ Yoast SEO plugin. -->","yoast_head_json":{"title":"Servicevertrag PRO+ - RRG Suisse","robots":{"index":"index","follow":"follow","max-snippet":"max-snippet:-1","max-image-preview":"max-image-preview:large","max-video-preview":"max-video-preview:-1"},"canonical":"https:\/\/rrgsuisse.ch\/de\/neuwagen\/renault-neuwagen-modellpalette\/servicevertrag-pro","og_locale":"de_DE","og_type":"article","og_title":"Servicevertrag PRO+ - RRG Suisse","og_description":"Entdecken Sie Renault Service N\u00e4he, Schnelligkeit, Qualit\u00e4t und Zuverl\u00e4ssigkeit: Auf diesen 4 Faktoren basiert die T\u00e4tigkeit unserer Teams. Unsere H\u00e4ndlernetz-Versprechen Das Vertrauen steht im Vordergrund Ein klares, transparentes Angebot, bevor eine Arbeit ausgef\u00fchrt wird Eine auf das Alter Ihres Fahrzeugs abgestimmte L\u00f6sung Einbau von Bauteilen mit Garantie von Renault Genaue Informationen \u00fcber den Fortschritt der [&hellip;]","og_url":"https:\/\/rrgsuisse.ch\/de\/neuwagen\/renault-neuwagen-modellpalette\/servicevertrag-pro","og_site_name":"RRG Suisse","article_modified_time":"2025-04-29T12:47:54+00:00","og_image":[{"width":2560,"height":1440,"url":"https:\/\/rrgsuisse.ch\/wp-content\/uploads\/2025\/04\/confiance.webp","type":"image\/webp"}],"twitter_card":"summary_large_image","twitter_misc":{"Gesch\u00e4tzte Lesezeit":"2\u00a0Minuten"},"schema":{"@context":"https:\/\/schema.org","@graph":[{"@type":"WebPage","@id":"https:\/\/rrgsuisse.ch\/de\/neuwagen\/renault-neuwagen-modellpalette\/servicevertrag-pro","url":"https:\/\/rrgsuisse.ch\/de\/neuwagen\/renault-neuwagen-modellpalette\/servicevertrag-pro","name":"Servicevertrag PRO+ - RRG Suisse","isPartOf":{"@id":"https:\/\/rrgsuisse.ch\/de#website"},"primaryImageOfPage":{"@id":"https:\/\/rrgsuisse.ch\/de\/neuwagen\/renault-neuwagen-modellpalette\/servicevertrag-pro#primaryimage"},"image":{"@id":"https:\/\/rrgsuisse.ch\/de\/neuwagen\/renault-neuwagen-modellpalette\/servicevertrag-pro#primaryimage"},"thumbnailUrl":"https:\/\/rrgsuisse.ch\/wp-content\/uploads\/2025\/04\/confiance-1024x576.webp","datePublished":"2025-04-24T12:57:21+00:00","dateModified":"2025-04-29T12:47:54+00:00","breadcrumb":{"@id":"https:\/\/rrgsuisse.ch\/de\/neuwagen\/renault-neuwagen-modellpalette\/servicevertrag-pro#breadcrumb"},"inLanguage":"de-CH","potentialAction":[{"@type":"ReadAction","target":["https:\/\/rrgsuisse.ch\/de\/neuwagen\/renault-neuwagen-modellpalette\/servicevertrag-pro"]}]},{"@type":"ImageObject","inLanguage":"de-CH","@id":"https:\/\/rrgsuisse.ch\/de\/neuwagen\/renault-neuwagen-modellpalette\/servicevertrag-pro#primaryimage","url":"https:\/\/rrgsuisse.ch\/wp-content\/uploads\/2025\/04\/confiance-1024x576.webp","contentUrl":"https:\/\/rrgsuisse.ch\/wp-content\/uploads\/2025\/04\/confiance-1024x576.webp"},{"@type":"BreadcrumbList","@id":"https:\/\/rrgsuisse.ch\/de\/neuwagen\/renault-neuwagen-modellpalette\/servicevertrag-pro#breadcrumb","itemListElement":[{"@type":"ListItem","position":1,"name":"Home","item":"https:\/\/rrgsuisse.ch\/de"},{"@type":"ListItem","position":2,"name":"Neuwagen","item":"https:\/\/rrgsuisse.ch\/de\/neuwagen"},{"@type":"ListItem","position":3,"name":"Renault Neuwagen Modellpalette","item":"https:\/\/rrgsuisse.ch\/de\/neuwagen\/renault-neuwagen-modellpalette"},{"@type":"ListItem","position":4,"name":"Servicevertrag PRO+"}]},{"@type":"WebSite","@id":"https:\/\/rrgsuisse.ch\/de#website","url":"https:\/\/rrgsuisse.ch\/de","name":"RRG Suisse","description":"Retail Renault Group - Revendeur officiel Renault, Dacia, Nissan","potentialAction":[{"@type":"SearchAction","target":{"@type":"EntryPoint","urlTemplate":"https:\/\/rrgsuisse.ch\/de?s={search_term_string}"},"query-input":{"@type":"PropertyValueSpecification","valueRequired":true,"valueName":"search_term_string"}}],"inLanguage":"de-CH"}]}},"wpml_current_locale":"de_CH","wpml_translations":[],"_links":{"self":[{"href":"https:\/\/rrgsuisse.ch\/de\/wp-json\/wp\/v2\/pages\/43435","targetHints":{"allow":["GET"]}}],"collection":[{"href":"https:\/\/rrgsuisse.ch\/de\/wp-json\/wp\/v2\/pages"}],"about":[{"href":"https:\/\/rrgsuisse.ch\/de\/wp-json\/wp\/v2\/types\/page"}],"author":[{"embeddable":true,"href":"https:\/\/rrgsuisse.ch\/de\/wp-json\/wp\/v2\/users\/1"}],"replies":[{"embeddable":true,"href":"https:\/\/rrgsuisse.ch\/de\/wp-json\/wp\/v2\/comments?post=43435"}],"version-history":[{"count":4,"href":"https:\/\/rrgsuisse.ch\/de\/wp-json\/wp\/v2\/pages\/43435\/revisions"}],"predecessor-version":[{"id":43660,"href":"https:\/\/rrgsuisse.ch\/de\/wp-json\/wp\/v2\/pages\/43435\/revisions\/43660"}],"up":[{"embeddable":true,"href":"https:\/\/rrgsuisse.ch\/de\/wp-json\/wp\/v2\/pages\/36901"}],"wp:attachment":[{"href":"https:\/\/rrgsuisse.ch\/de\/wp-json\/wp\/v2\/media?parent=43435"}],"wp:term":[{"taxonomy":"category","embeddable":true,"href":"https:\/\/rrgsuisse.ch\/de\/wp-json\/wp\/v2\/categories?post=43435"},{"taxonomy":"post_tag","embeddable":true,"href":"https:\/\/rrgsuisse.ch\/de\/wp-json\/wp\/v2\/tags?post=43435"}],"curies":[{"name":"wp","href":"https:\/\/api.w.org\/{rel}","templated":true}]}}