{"id":33787,"date":"2024-04-29T13:32:40","date_gmt":"2024-04-29T11:32:40","guid":{"rendered":"https:\/\/rrgsuisse.ch\/?page_id=33787"},"modified":"2025-05-28T10:03:29","modified_gmt":"2025-05-28T08:03:29","slug":"vehicules-neufs","status":"publish","type":"page","link":"https:\/\/rrgsuisse.ch\/fr\/vehicules-neufs","title":{"rendered":"V\u00e9hicules neufs"},"content":{"rendered":"\t\t<div data-elementor-type=\"wp-page\" data-elementor-id=\"33787\" class=\"elementor elementor-33787\" data-elementor-post-type=\"page\">\n\t\t\t\t\t\t<section class=\"elementor-section elementor-top-section elementor-element elementor-element-273d765 elementor-section-boxed elementor-section-height-default elementor-section-height-default\" data-id=\"273d765\" data-element_type=\"section\" data-e-type=\"section\">\n\t\t\t\t\t\t<div class=\"elementor-container elementor-column-gap-default\">\n\t\t\t\t\t<div class=\"elementor-column elementor-col-100 elementor-top-column elementor-element elementor-element-ab6d0b7\" data-id=\"ab6d0b7\" data-element_type=\"column\" data-e-type=\"column\">\n\t\t\t<div class=\"elementor-widget-wrap elementor-element-populated\">\n\t\t\t\t\t\t<div class=\"elementor-element elementor-element-fbcbc1e elementor-widget elementor-widget-heading\" data-id=\"fbcbc1e\" data-element_type=\"widget\" data-e-type=\"widget\" data-widget_type=\"heading.default\">\n\t\t\t\t<div class=\"elementor-widget-container\">\n\t\t\t\t\t<h1 class=\"elementor-heading-title elementor-size-default\">Nos gammes de v\u00e9hicules neufs<\/h1>\t\t\t\t<\/div>\n\t\t\t\t<\/div>\n\t\t\t\t\t<\/div>\n\t\t<\/div>\n\t\t\t\t\t<\/div>\n\t\t<\/section>\n\t\t\t\t<section class=\"elementor-section elementor-top-section elementor-element elementor-element-2d1a461 elementor-section-boxed elementor-section-height-default elementor-section-height-default\" data-id=\"2d1a461\" data-element_type=\"section\" data-e-type=\"section\">\n\t\t\t\t\t\t<div class=\"elementor-container elementor-column-gap-default\">\n\t\t\t\t\t<div class=\"elementor-column elementor-col-100 elementor-top-column elementor-element elementor-element-4293170\" data-id=\"4293170\" data-element_type=\"column\" data-e-type=\"column\">\n\t\t\t<div class=\"elementor-widget-wrap elementor-element-populated\">\n\t\t\t\t\t\t<div class=\"elementor-element elementor-element-1d1648e elementor-widget elementor-widget-heading\" data-id=\"1d1648e\" data-element_type=\"widget\" data-e-type=\"widget\" data-widget_type=\"heading.default\">\n\t\t\t\t<div class=\"elementor-widget-container\">\n\t\t\t\t\t<h5 class=\"elementor-heading-title elementor-size-default\">Choisissez votre gamme<\/h5>\t\t\t\t<\/div>\n\t\t\t\t<\/div>\n\t\t\t\t\t<\/div>\n\t\t<\/div>\n\t\t\t\t\t<\/div>\n\t\t<\/section>\n\t\t\t\t<section class=\"elementor-section elementor-top-section elementor-element elementor-element-8d66b3a elementor-section-boxed elementor-section-height-default elementor-section-height-default\" data-id=\"8d66b3a\" data-element_type=\"section\" data-e-type=\"section\">\n\t\t\t\t\t\t<div class=\"elementor-container elementor-column-gap-default\">\n\t\t\t\t\t<div class=\"elementor-column elementor-col-25 elementor-top-column elementor-element elementor-element-de4b9ac\" data-id=\"de4b9ac\" data-element_type=\"column\" data-e-type=\"column\">\n\t\t\t<div class=\"elementor-widget-wrap elementor-element-populated\">\n\t\t\t\t\t\t<div class=\"elementor-element elementor-element-6a6e3b8 elementor-position-top elementor-widget elementor-widget-image-box\" data-id=\"6a6e3b8\" data-element_type=\"widget\" data-e-type=\"widget\" data-widget_type=\"image-box.default\">\n\t\t\t\t<div class=\"elementor-widget-container\">\n\t\t\t\t\t<div class=\"elementor-image-box-wrapper\"><figure class=\"elementor-image-box-img\"><a href=\"https:\/\/rrgsuisse.ch\/fr\/vehicules-neufs\/gamme-vehicules-neufs-renault\" tabindex=\"-1\"><img fetchpriority=\"high\" decoding=\"async\" width=\"350\" height=\"350\" src=\"https:\/\/rrgsuisse.ch\/wp-content\/uploads\/2024\/07\/Gamme_Renault.svg\" class=\"attachment-full size-full wp-image-35836\" alt=\"\" \/><\/a><\/figure><div class=\"elementor-image-box-content\"><h2 class=\"elementor-image-box-title\"><a href=\"https:\/\/rrgsuisse.ch\/fr\/vehicules-neufs\/gamme-vehicules-neufs-renault\">D\u00e9couvrir notre gamme Renault<\/a><\/h2><\/div><\/div>\t\t\t\t<\/div>\n\t\t\t\t<\/div>\n\t\t\t\t\t<\/div>\n\t\t<\/div>\n\t\t\t\t<div class=\"elementor-column elementor-col-25 elementor-top-column elementor-element elementor-element-5d36030\" data-id=\"5d36030\" data-element_type=\"column\" data-e-type=\"column\">\n\t\t\t<div class=\"elementor-widget-wrap elementor-element-populated\">\n\t\t\t\t\t\t<div class=\"elementor-element elementor-element-1f5ba7a elementor-position-top elementor-widget elementor-widget-image-box\" data-id=\"1f5ba7a\" data-element_type=\"widget\" data-e-type=\"widget\" data-widget_type=\"image-box.default\">\n\t\t\t\t<div class=\"elementor-widget-container\">\n\t\t\t\t\t<div class=\"elementor-image-box-wrapper\"><figure class=\"elementor-image-box-img\"><a href=\"https:\/\/rrgsuisse.ch\/fr\/vehicules-neufs\/gamme-vehicules-neufs-dacia\" tabindex=\"-1\"><img decoding=\"async\" width=\"350\" height=\"350\" src=\"https:\/\/rrgsuisse.ch\/wp-content\/uploads\/2024\/07\/Gamme_Dacia.svg\" class=\"attachment-full size-full wp-image-35832\" alt=\"\" \/><\/a><\/figure><div class=\"elementor-image-box-content\"><h2 class=\"elementor-image-box-title\"><a href=\"https:\/\/rrgsuisse.ch\/fr\/vehicules-neufs\/gamme-vehicules-neufs-dacia\">D\u00e9couvrir notre gamme Dacia<\/a><\/h2><\/div><\/div>\t\t\t\t<\/div>\n\t\t\t\t<\/div>\n\t\t\t\t\t<\/div>\n\t\t<\/div>\n\t\t\t\t<div class=\"elementor-column elementor-col-25 elementor-top-column elementor-element elementor-element-6f8050e\" data-id=\"6f8050e\" data-element_type=\"column\" data-e-type=\"column\">\n\t\t\t<div class=\"elementor-widget-wrap elementor-element-populated\">\n\t\t\t\t\t\t<div class=\"elementor-element elementor-element-a495483 elementor-position-top elementor-widget elementor-widget-image-box\" data-id=\"a495483\" data-element_type=\"widget\" data-e-type=\"widget\" data-widget_type=\"image-box.default\">\n\t\t\t\t<div class=\"elementor-widget-container\">\n\t\t\t\t\t<div class=\"elementor-image-box-wrapper\"><figure class=\"elementor-image-box-img\"><a href=\"https:\/\/rrgsuisse.ch\/fr\/vehicules-neufs\/gamme-vehicules-neufs-alpine\" target=\"_blank\" tabindex=\"-1\"><img decoding=\"async\" width=\"350\" height=\"350\" src=\"https:\/\/rrgsuisse.ch\/wp-content\/uploads\/2024\/07\/Gamme_Alpine.svg\" class=\"attachment-full size-full wp-image-35830\" alt=\"\" \/><\/a><\/figure><div class=\"elementor-image-box-content\"><h2 class=\"elementor-image-box-title\"><a href=\"https:\/\/rrgsuisse.ch\/fr\/vehicules-neufs\/gamme-vehicules-neufs-alpine\" target=\"_blank\">D\u00e9couvrir notre gamme Alpine<\/a><\/h2><\/div><\/div>\t\t\t\t<\/div>\n\t\t\t\t<\/div>\n\t\t\t\t\t<\/div>\n\t\t<\/div>\n\t\t\t\t<div class=\"elementor-column elementor-col-25 elementor-top-column elementor-element elementor-element-325e2f8\" data-id=\"325e2f8\" data-element_type=\"column\" data-e-type=\"column\">\n\t\t\t<div class=\"elementor-widget-wrap elementor-element-populated\">\n\t\t\t\t\t\t<div class=\"elementor-element elementor-element-b8485fd elementor-position-top elementor-widget elementor-widget-image-box\" data-id=\"b8485fd\" data-element_type=\"widget\" data-e-type=\"widget\" data-widget_type=\"image-box.default\">\n\t\t\t\t<div class=\"elementor-widget-container\">\n\t\t\t\t\t<div class=\"elementor-image-box-wrapper\"><figure class=\"elementor-image-box-img\"><a href=\"https:\/\/rrgsuisse.ch\/fr\/vehicules-neufs\/gamme-vehicules-neufs-nissan\" target=\"_blank\" tabindex=\"-1\"><img loading=\"lazy\" decoding=\"async\" width=\"350\" height=\"350\" src=\"https:\/\/rrgsuisse.ch\/wp-content\/uploads\/2024\/08\/Gamme_Nissan.svg\" class=\"attachment-full size-full wp-image-37405\" alt=\"\" \/><\/a><\/figure><div class=\"elementor-image-box-content\"><h2 class=\"elementor-image-box-title\"><a href=\"https:\/\/rrgsuisse.ch\/fr\/vehicules-neufs\/gamme-vehicules-neufs-nissan\" target=\"_blank\">D\u00e9couvrir notre gamme Nissan<\/a><\/h2><\/div><\/div>\t\t\t\t<\/div>\n\t\t\t\t<\/div>\n\t\t\t\t\t<\/div>\n\t\t<\/div>\n\t\t\t\t\t<\/div>\n\t\t<\/section>\n\t\t\t\t<\/div>\n\t\t","protected":false},"excerpt":{"rendered":"<p>Nos gammes de v\u00e9hicules neufs Choisissez votre gamme D\u00e9couvrir notre gamme Renault D\u00e9couvrir notre gamme Dacia D\u00e9couvrir notre gamme Alpine D\u00e9couvrir notre gamme Nissan<\/p>\n","protected":false},"author":1,"featured_media":0,"parent":0,"menu_order":0,"comment_status":"closed","ping_status":"closed","template":"","meta":{"_acf_changed":false,"footnotes":""},"categories":[],"tags":[],"class_list":["post-33787","page","type-page","status-publish","hentry"],"acf":[],"yoast_head":"<!-- This site is optimized with the Yoast SEO plugin v27.6 - https:\/\/yoast.com\/product\/yoast-seo-wordpress\/ -->\n<title>V\u00e9hicules neufs - RRG Suisse<\/title>\n<meta name=\"robots\" content=\"index, follow, max-snippet:-1, max-image-preview:large, max-video-preview:-1\" \/>\n<link rel=\"canonical\" href=\"https:\/\/rrgsuisse.ch\/fr\/vehicules-neufs\" \/>\n<meta property=\"og:locale\" content=\"fr_FR\" \/>\n<meta property=\"og:type\" content=\"article\" \/>\n<meta property=\"og:title\" content=\"V\u00e9hicules neufs - RRG Suisse\" \/>\n<meta property=\"og:description\" content=\"Nos gammes de v\u00e9hicules neufs Choisissez votre gamme D\u00e9couvrir notre gamme Renault D\u00e9couvrir notre gamme Dacia D\u00e9couvrir notre gamme Alpine D\u00e9couvrir notre gamme Nissan\" \/>\n<meta property=\"og:url\" content=\"https:\/\/rrgsuisse.ch\/fr\/vehicules-neufs\" \/>\n<meta property=\"og:site_name\" content=\"RRG Suisse\" \/>\n<meta property=\"article:modified_time\" content=\"2025-05-28T08:03:29+00:00\" \/>\n<meta property=\"og:image\" content=\"https:\/\/rrgsuisse.ch\/wp-content\/uploads\/2022\/12\/rrg-logo-2022-black.png\" \/>\n\t<meta property=\"og:image:width\" content=\"770\" \/>\n\t<meta property=\"og:image:height\" content=\"377\" \/>\n\t<meta property=\"og:image:type\" content=\"image\/png\" \/>\n<meta name=\"twitter:card\" content=\"summary_large_image\" \/>\n<meta name=\"twitter:label1\" content=\"Est. reading time\" \/>\n\t<meta name=\"twitter:data1\" content=\"1 minute\" \/>\n<script type=\"application\/ld+json\" class=\"yoast-schema-graph\">{\"@context\":\"https:\\\/\\\/schema.org\",\"@graph\":[{\"@type\":\"WebPage\",\"@id\":\"https:\\\/\\\/rrgsuisse.ch\\\/fr\\\/vehicules-neufs\",\"url\":\"https:\\\/\\\/rrgsuisse.ch\\\/fr\\\/vehicules-neufs\",\"name\":\"V\u00e9hicules neufs - RRG Suisse\",\"isPartOf\":{\"@id\":\"https:\\\/\\\/rrgsuisse.ch\\\/fr\\\/#website\"},\"primaryImageOfPage\":{\"@id\":\"https:\\\/\\\/rrgsuisse.ch\\\/fr\\\/vehicules-neufs#primaryimage\"},\"image\":{\"@id\":\"https:\\\/\\\/rrgsuisse.ch\\\/fr\\\/vehicules-neufs#primaryimage\"},\"thumbnailUrl\":\"https:\\\/\\\/rrgsuisse.ch\\\/wp-content\\\/uploads\\\/2024\\\/07\\\/Gamme_Renault.svg\",\"datePublished\":\"2024-04-29T11:32:40+00:00\",\"dateModified\":\"2025-05-28T08:03:29+00:00\",\"breadcrumb\":{\"@id\":\"https:\\\/\\\/rrgsuisse.ch\\\/fr\\\/vehicules-neufs#breadcrumb\"},\"inLanguage\":\"fr-CH\",\"potentialAction\":[{\"@type\":\"ReadAction\",\"target\":[\"https:\\\/\\\/rrgsuisse.ch\\\/fr\\\/vehicules-neufs\"]}]},{\"@type\":\"ImageObject\",\"inLanguage\":\"fr-CH\",\"@id\":\"https:\\\/\\\/rrgsuisse.ch\\\/fr\\\/vehicules-neufs#primaryimage\",\"url\":\"https:\\\/\\\/rrgsuisse.ch\\\/wp-content\\\/uploads\\\/2024\\\/07\\\/Gamme_Renault.svg\",\"contentUrl\":\"https:\\\/\\\/rrgsuisse.ch\\\/wp-content\\\/uploads\\\/2024\\\/07\\\/Gamme_Renault.svg\"},{\"@type\":\"BreadcrumbList\",\"@id\":\"https:\\\/\\\/rrgsuisse.ch\\\/fr\\\/vehicules-neufs#breadcrumb\",\"itemListElement\":[{\"@type\":\"ListItem\",\"position\":1,\"name\":\"Home\",\"item\":\"https:\\\/\\\/rrgsuisse.ch\\\/fr\"},{\"@type\":\"ListItem\",\"position\":2,\"name\":\"V\u00e9hicules neufs\"}]},{\"@type\":\"WebSite\",\"@id\":\"https:\\\/\\\/rrgsuisse.ch\\\/fr\\\/#website\",\"url\":\"https:\\\/\\\/rrgsuisse.ch\\\/fr\\\/\",\"name\":\"RRG Suisse\",\"description\":\"Retail Renault Group - Revendeur officiel Renault, Dacia, Nissan\",\"potentialAction\":[{\"@type\":\"SearchAction\",\"target\":{\"@type\":\"EntryPoint\",\"urlTemplate\":\"https:\\\/\\\/rrgsuisse.ch\\\/fr\\\/?s={search_term_string}\"},\"query-input\":{\"@type\":\"PropertyValueSpecification\",\"valueRequired\":true,\"valueName\":\"search_term_string\"}}],\"inLanguage\":\"fr-CH\"}]}<\/script>\n<!-- \/ Yoast SEO plugin. -->","yoast_head_json":{"title":"V\u00e9hicules neufs - RRG Suisse","robots":{"index":"index","follow":"follow","max-snippet":"max-snippet:-1","max-image-preview":"max-image-preview:large","max-video-preview":"max-video-preview:-1"},"canonical":"https:\/\/rrgsuisse.ch\/fr\/vehicules-neufs","og_locale":"fr_FR","og_type":"article","og_title":"V\u00e9hicules neufs - RRG Suisse","og_description":"Nos gammes de v\u00e9hicules neufs Choisissez votre gamme D\u00e9couvrir notre gamme Renault D\u00e9couvrir notre gamme Dacia D\u00e9couvrir notre gamme Alpine D\u00e9couvrir notre gamme Nissan","og_url":"https:\/\/rrgsuisse.ch\/fr\/vehicules-neufs","og_site_name":"RRG Suisse","article_modified_time":"2025-05-28T08:03:29+00:00","og_image":[{"width":770,"height":377,"url":"https:\/\/rrgsuisse.ch\/wp-content\/uploads\/2022\/12\/rrg-logo-2022-black.png","type":"image\/png"}],"twitter_card":"summary_large_image","twitter_misc":{"Est. reading time":"1 minute"},"schema":{"@context":"https:\/\/schema.org","@graph":[{"@type":"WebPage","@id":"https:\/\/rrgsuisse.ch\/fr\/vehicules-neufs","url":"https:\/\/rrgsuisse.ch\/fr\/vehicules-neufs","name":"V\u00e9hicules neufs - RRG Suisse","isPartOf":{"@id":"https:\/\/rrgsuisse.ch\/fr\/#website"},"primaryImageOfPage":{"@id":"https:\/\/rrgsuisse.ch\/fr\/vehicules-neufs#primaryimage"},"image":{"@id":"https:\/\/rrgsuisse.ch\/fr\/vehicules-neufs#primaryimage"},"thumbnailUrl":"https:\/\/rrgsuisse.ch\/wp-content\/uploads\/2024\/07\/Gamme_Renault.svg","datePublished":"2024-04-29T11:32:40+00:00","dateModified":"2025-05-28T08:03:29+00:00","breadcrumb":{"@id":"https:\/\/rrgsuisse.ch\/fr\/vehicules-neufs#breadcrumb"},"inLanguage":"fr-CH","potentialAction":[{"@type":"ReadAction","target":["https:\/\/rrgsuisse.ch\/fr\/vehicules-neufs"]}]},{"@type":"ImageObject","inLanguage":"fr-CH","@id":"https:\/\/rrgsuisse.ch\/fr\/vehicules-neufs#primaryimage","url":"https:\/\/rrgsuisse.ch\/wp-content\/uploads\/2024\/07\/Gamme_Renault.svg","contentUrl":"https:\/\/rrgsuisse.ch\/wp-content\/uploads\/2024\/07\/Gamme_Renault.svg"},{"@type":"BreadcrumbList","@id":"https:\/\/rrgsuisse.ch\/fr\/vehicules-neufs#breadcrumb","itemListElement":[{"@type":"ListItem","position":1,"name":"Home","item":"https:\/\/rrgsuisse.ch\/fr"},{"@type":"ListItem","position":2,"name":"V\u00e9hicules neufs"}]},{"@type":"WebSite","@id":"https:\/\/rrgsuisse.ch\/fr\/#website","url":"https:\/\/rrgsuisse.ch\/fr\/","name":"RRG Suisse","description":"Retail Renault Group - Revendeur officiel Renault, Dacia, Nissan","potentialAction":[{"@type":"SearchAction","target":{"@type":"EntryPoint","urlTemplate":"https:\/\/rrgsuisse.ch\/fr\/?s={search_term_string}"},"query-input":{"@type":"PropertyValueSpecification","valueRequired":true,"valueName":"search_term_string"}}],"inLanguage":"fr-CH"}]}},"wpml_current_locale":"fr_CH","wpml_translations":{"de_CH":{"locale":"de_CH","id":34031,"slug":"neuwagen","post_title":"Neuwagen","href":"https:\/\/rrgsuisse.ch\/de\/neuwagen"}},"_links":{"self":[{"href":"https:\/\/rrgsuisse.ch\/fr\/wp-json\/wp\/v2\/pages\/33787","targetHints":{"allow":["GET"]}}],"collection":[{"href":"https:\/\/rrgsuisse.ch\/fr\/wp-json\/wp\/v2\/pages"}],"about":[{"href":"https:\/\/rrgsuisse.ch\/fr\/wp-json\/wp\/v2\/types\/page"}],"author":[{"embeddable":true,"href":"https:\/\/rrgsuisse.ch\/fr\/wp-json\/wp\/v2\/users\/1"}],"replies":[{"embeddable":true,"href":"https:\/\/rrgsuisse.ch\/fr\/wp-json\/wp\/v2\/comments?post=33787"}],"version-history":[{"count":163,"href":"https:\/\/rrgsuisse.ch\/fr\/wp-json\/wp\/v2\/pages\/33787\/revisions"}],"predecessor-version":[{"id":44596,"href":"https:\/\/rrgsuisse.ch\/fr\/wp-json\/wp\/v2\/pages\/33787\/revisions\/44596"}],"wp:attachment":[{"href":"https:\/\/rrgsuisse.ch\/fr\/wp-json\/wp\/v2\/media?parent=33787"}],"wp:term":[{"taxonomy":"category","embeddable":true,"href":"https:\/\/rrgsuisse.ch\/fr\/wp-json\/wp\/v2\/categories?post=33787"},{"taxonomy":"post_tag","embeddable":true,"href":"https:\/\/rrgsuisse.ch\/fr\/wp-json\/wp\/v2\/tags?post=33787"}],"curies":[{"name":"wp","href":"https:\/\/api.w.org\/{rel}","templated":true}]}}