{"id":34658,"date":"2024-06-04T14:00:26","date_gmt":"2024-06-04T12:00:26","guid":{"rendered":"https:\/\/rrgsuisse.ch\/?page_id=34658"},"modified":"2026-04-23T09:03:01","modified_gmt":"2026-04-23T07:03:01","slug":"jobs","status":"publish","type":"page","link":"https:\/\/rrgsuisse.ch\/fr\/jobs","title":{"rendered":"Carri\u00e8res"},"content":{"rendered":"\t\t<div data-elementor-type=\"wp-page\" data-elementor-id=\"34658\" class=\"elementor elementor-34658\" data-elementor-post-type=\"page\">\n\t\t\t\t\t\t<section class=\"elementor-section elementor-top-section elementor-element elementor-element-40ed543 elementor-section-boxed elementor-section-height-default elementor-section-height-default\" data-id=\"40ed543\" data-element_type=\"section\" data-e-type=\"section\">\n\t\t\t\t\t\t<div class=\"elementor-container elementor-column-gap-default\">\n\t\t\t\t\t<div class=\"elementor-column elementor-col-100 elementor-top-column elementor-element elementor-element-82d412a\" data-id=\"82d412a\" data-element_type=\"column\" data-e-type=\"column\">\n\t\t\t<div class=\"elementor-widget-wrap elementor-element-populated\">\n\t\t\t\t\t\t<div class=\"elementor-element elementor-element-2cb61f9 elementor-widget elementor-widget-heading\" data-id=\"2cb61f9\" data-element_type=\"widget\" data-e-type=\"widget\" data-widget_type=\"heading.default\">\n\t\t\t\t<div class=\"elementor-widget-container\">\n\t\t\t\t\t<h1 class=\"elementor-heading-title elementor-size-default\">Travaillez avec nous<\/h1>\t\t\t\t<\/div>\n\t\t\t\t<\/div>\n\t\t\t\t<div class=\"elementor-element elementor-element-eae5834 elementor-view-default elementor-widget elementor-widget-icon\" data-id=\"eae5834\" data-element_type=\"widget\" data-e-type=\"widget\" data-widget_type=\"icon.default\">\n\t\t\t\t<div class=\"elementor-widget-container\">\n\t\t\t\t\t\t\t<div class=\"elementor-icon-wrapper\">\n\t\t\t<div class=\"elementor-icon\">\n\t\t\t<svg xmlns=\"http:\/\/www.w3.org\/2000\/svg\" id=\"Picto\" viewBox=\"0 0 190.78 100.19\"><defs><style>.cls-1{fill:#1d1d1b;stroke-width:0px;}<\/style><\/defs><path class=\"cls-1\" d=\"M8.95,69.42v3.49H0v-3.71c0-17.9,6.33-29.25,18.77-33.83-4.58-3.49-6.55-8.52-6.55-14.63C12.22,8.08,20.52,0,32.96,0s20.74,8.08,20.74,20.74c0,6.11-1.96,11.13-6.55,14.63,7.86,2.83,13.31,8.3,16.15,16.59-3.27,2.4-5.68,5.24-7.2,7.42-1.75-11.35-9.61-17.9-23.14-17.9-16.15,0-24.01,9.17-24.01,27.94ZM44.75,20.74c0-7.42-4.37-12.01-11.79-12.01s-11.79,4.58-11.79,12.01,4.37,12.01,11.79,12.01,11.79-4.58,11.79-12.01ZM63.52,100.19h-8.95v-4.59c0-23.35,8.3-37.11,25.32-42.35-6.33-4.15-9.61-10.91-9.61-19.42,0-15.06,9.61-24.67,25.1-24.67s25.1,9.61,25.1,24.67c0,8.3-3.27,15.28-9.39,19.42,17.03,5.24,25.32,18.99,25.32,42.35v4.59h-8.95v-4.59c0-24.45-10.26-36.24-32.09-36.24s-31.87,12.01-31.87,36.24v4.59ZM111.76,33.84c0-9.82-5.89-15.94-16.37-15.94s-16.37,6.11-16.37,15.94c0,10.69,5.9,16.8,16.37,16.8s16.37-6.11,16.37-16.8ZM134.68,59.37c-1.53-2.18-3.93-5.02-7.2-7.42,2.84-8.3,8.3-13.76,16.15-16.59-4.59-3.49-6.55-8.52-6.55-14.63,0-12.66,8.3-20.74,20.74-20.74s20.74,8.08,20.74,20.74c0,6.11-1.97,11.13-6.55,14.63,12.44,4.58,18.77,15.93,18.77,33.83v3.71h-8.95v-3.49c0-18.77-7.86-27.94-24.01-27.94-13.53,0-21.39,6.55-23.14,17.9ZM169.6,20.74c0-7.42-4.37-12.01-11.79-12.01s-11.79,4.58-11.79,12.01,4.37,12.01,11.79,12.01,11.79-4.58,11.79-12.01Z\"><\/path><\/svg>\t\t\t<\/div>\n\t\t<\/div>\n\t\t\t\t\t\t<\/div>\n\t\t\t\t<\/div>\n\t\t\t\t\t<\/div>\n\t\t<\/div>\n\t\t\t\t\t<\/div>\n\t\t<\/section>\n\t\t\t\t<section class=\"elementor-section elementor-top-section elementor-element elementor-element-eb317ed elementor-section-boxed elementor-section-height-default elementor-section-height-default\" data-id=\"eb317ed\" data-element_type=\"section\" data-e-type=\"section\" data-settings=\"{&quot;background_background&quot;:&quot;classic&quot;}\">\n\t\t\t\t\t\t<div class=\"elementor-container elementor-column-gap-default\">\n\t\t\t\t\t<div class=\"elementor-column elementor-col-100 elementor-top-column elementor-element elementor-element-886061f\" data-id=\"886061f\" data-element_type=\"column\" data-e-type=\"column\">\n\t\t\t<div class=\"elementor-widget-wrap elementor-element-populated\">\n\t\t\t\t\t\t<div class=\"elementor-element elementor-element-cc234a1 elementor-widget elementor-widget-heading\" data-id=\"cc234a1\" data-element_type=\"widget\" data-e-type=\"widget\" data-widget_type=\"heading.default\">\n\t\t\t\t<div class=\"elementor-widget-container\">\n\t\t\t\t\t<p class=\"elementor-heading-title elementor-size-default\">S\u00e9lectionnez votre r\u00e9gion pour <b>acc\u00e9der \u00e0 nos offres d'emplois<\/b><\/p>\t\t\t\t<\/div>\n\t\t\t\t<\/div>\n\t\t\t\t<div class=\"elementor-element elementor-element-ba0c3d9 elementor-align-justify elementor-widget elementor-widget-button\" data-id=\"ba0c3d9\" data-element_type=\"widget\" data-e-type=\"widget\" data-widget_type=\"button.default\">\n\t\t\t\t<div class=\"elementor-widget-container\">\n\t\t\t\t\t\t\t\t\t<div class=\"elementor-button-wrapper\">\n\t\t\t\t\t<a class=\"elementor-button elementor-button-link elementor-size-sm\" href=\"https:\/\/www.jobup.ch\/fr\/societes\/12649-rrg-suisse-sa\/\" target=\"_blank\">\n\t\t\t\t\t\t<span class=\"elementor-button-content-wrapper\">\n\t\t\t\t\t\t\t\t\t<span class=\"elementor-button-text\">R\u00e9gion francophone\u200b<\/span>\n\t\t\t\t\t<\/span>\n\t\t\t\t\t<\/a>\n\t\t\t\t<\/div>\n\t\t\t\t\t\t\t\t<\/div>\n\t\t\t\t<\/div>\n\t\t\t\t<div class=\"elementor-element elementor-element-6e243b3 elementor-align-justify elementor-widget elementor-widget-button\" data-id=\"6e243b3\" data-element_type=\"widget\" data-e-type=\"widget\" data-widget_type=\"button.default\">\n\t\t\t\t<div class=\"elementor-widget-container\">\n\t\t\t\t\t\t\t\t\t<div class=\"elementor-button-wrapper\">\n\t\t\t\t\t<a class=\"elementor-button elementor-button-link elementor-size-sm\" href=\"https:\/\/www.jobs.ch\/de\/firmen\/76383-rrg-suisse-sa\/\" target=\"_blank\">\n\t\t\t\t\t\t<span class=\"elementor-button-content-wrapper\">\n\t\t\t\t\t\t\t\t\t<span class=\"elementor-button-text\">R\u00e9gion germanophone\u200b<\/span>\n\t\t\t\t\t<\/span>\n\t\t\t\t\t<\/a>\n\t\t\t\t<\/div>\n\t\t\t\t\t\t\t\t<\/div>\n\t\t\t\t<\/div>\n\t\t\t\t\t<\/div>\n\t\t<\/div>\n\t\t\t\t\t<\/div>\n\t\t<\/section>\n\t\t\t\t<section class=\"elementor-section elementor-top-section elementor-element elementor-element-c5fac85 elementor-section-boxed elementor-section-height-default elementor-section-height-default\" data-id=\"c5fac85\" data-element_type=\"section\" data-e-type=\"section\">\n\t\t\t\t\t\t<div class=\"elementor-container elementor-column-gap-default\">\n\t\t\t\t\t<div class=\"elementor-column elementor-col-100 elementor-top-column elementor-element elementor-element-9b5c6e5\" data-id=\"9b5c6e5\" data-element_type=\"column\" data-e-type=\"column\">\n\t\t\t<div class=\"elementor-widget-wrap elementor-element-populated\">\n\t\t\t\t\t\t<div class=\"elementor-element elementor-element-7c455e2 elementor-widget-divider--view-line elementor-widget elementor-widget-divider\" data-id=\"7c455e2\" data-element_type=\"widget\" data-e-type=\"widget\" data-widget_type=\"divider.default\">\n\t\t\t\t<div class=\"elementor-widget-container\">\n\t\t\t\t\t\t\t<div class=\"elementor-divider\">\n\t\t\t<span class=\"elementor-divider-separator\">\n\t\t\t\t\t\t<\/span>\n\t\t<\/div>\n\t\t\t\t\t\t<\/div>\n\t\t\t\t<\/div>\n\t\t\t\t<div class=\"elementor-element elementor-element-6a7608e elementor-widget elementor-widget-heading\" data-id=\"6a7608e\" data-element_type=\"widget\" data-e-type=\"widget\" data-widget_type=\"heading.default\">\n\t\t\t\t<div class=\"elementor-widget-container\">\n\t\t\t\t\t<p class=\"elementor-heading-title elementor-size-default\">Ou <b>d\u00e9posez votre candidature spontan\u00e9e<\/b> via ce formulaire<\/p>\t\t\t\t<\/div>\n\t\t\t\t<\/div>\n\t\t\t\t\t<\/div>\n\t\t<\/div>\n\t\t\t\t\t<\/div>\n\t\t<\/section>\n\t\t\t\t<section class=\"elementor-section elementor-top-section elementor-element elementor-element-ebe85af elementor-section-boxed elementor-section-height-default elementor-section-height-default\" data-id=\"ebe85af\" data-element_type=\"section\" data-e-type=\"section\">\n\t\t\t\t\t\t<div class=\"elementor-container elementor-column-gap-default\">\n\t\t\t\t\t<div class=\"elementor-column elementor-col-100 elementor-top-column elementor-element elementor-element-d07e286\" data-id=\"d07e286\" data-element_type=\"column\" data-e-type=\"column\">\n\t\t\t<div class=\"elementor-widget-wrap elementor-element-populated\">\n\t\t\t\t\t\t<div class=\"elementor-element elementor-element-2176d08 elementor-button-align-stretch elementor-widget elementor-widget-form\" data-id=\"2176d08\" data-element_type=\"widget\" data-e-type=\"widget\" data-settings=\"{&quot;step_next_label&quot;:&quot;Next&quot;,&quot;step_previous_label&quot;:&quot;Previous&quot;,&quot;button_width&quot;:&quot;100&quot;,&quot;step_type&quot;:&quot;number_text&quot;,&quot;step_icon_shape&quot;:&quot;circle&quot;}\" data-widget_type=\"form.default\">\n\t\t\t\t<div class=\"elementor-widget-container\">\n\t\t\t\t\t\t\t<form class=\"elementor-form\" method=\"post\" name=\"Carriere_CandidatureSpontannee_FR\" aria-label=\"Carriere_CandidatureSpontannee_FR\">\n\t\t\t<input type=\"hidden\" name=\"post_id\" value=\"34658\"\/>\n\t\t\t<input type=\"hidden\" name=\"form_id\" value=\"2176d08\"\/>\n\t\t\t<input type=\"hidden\" name=\"referer_title\" value=\"Carri\u00e8res - RRG Suisse\" \/>\n\n\t\t\t\t\t\t\t<input type=\"hidden\" name=\"queried_id\" value=\"34658\"\/>\n\t\t\t\n\t\t\t<div class=\"elementor-form-fields-wrapper elementor-labels-above\">\n\t\t\t\t\t\t\t\t<div class=\"elementor-field-type-text elementor-field-group elementor-column elementor-field-group-name elementor-col-50 elementor-field-required elementor-mark-required\">\n\t\t\t\t\t\t\t\t\t\t\t\t<label for=\"form-field-name\" class=\"elementor-field-label\">\n\t\t\t\t\t\t\t\tNom\t\t\t\t\t\t\t<\/label>\n\t\t\t\t\t\t\t\t\t\t\t\t\t\t<input size=\"1\" type=\"text\" name=\"form_fields[name]\" id=\"form-field-name\" class=\"elementor-field elementor-size-sm  elementor-field-textual\" placeholder=\"Nom\" required=\"required\">\n\t\t\t\t\t\t\t\t\t\t\t<\/div>\n\t\t\t\t\t\t\t\t<div class=\"elementor-field-type-text elementor-field-group elementor-column elementor-field-group-firstname elementor-col-50 elementor-field-required elementor-mark-required\">\n\t\t\t\t\t\t\t\t\t\t\t\t<label for=\"form-field-firstname\" class=\"elementor-field-label\">\n\t\t\t\t\t\t\t\tPr\u00e9nom\t\t\t\t\t\t\t<\/label>\n\t\t\t\t\t\t\t\t\t\t\t\t\t\t<input size=\"1\" type=\"text\" name=\"form_fields[firstname]\" id=\"form-field-firstname\" class=\"elementor-field elementor-size-sm  elementor-field-textual\" placeholder=\"Pr\u00e9nom\" required=\"required\">\n\t\t\t\t\t\t\t\t\t\t\t<\/div>\n\t\t\t\t\t\t\t\t<div class=\"elementor-field-type-email elementor-field-group elementor-column elementor-field-group-email elementor-col-50 elementor-field-required elementor-mark-required\">\n\t\t\t\t\t\t\t\t\t\t\t\t<label for=\"form-field-email\" class=\"elementor-field-label\">\n\t\t\t\t\t\t\t\tEmail\t\t\t\t\t\t\t<\/label>\n\t\t\t\t\t\t\t\t\t\t\t\t\t\t<input size=\"1\" type=\"email\" name=\"form_fields[email]\" id=\"form-field-email\" class=\"elementor-field elementor-size-sm  elementor-field-textual\" placeholder=\"Email\" required=\"required\">\n\t\t\t\t\t\t\t\t\t\t\t<\/div>\n\t\t\t\t\t\t\t\t<div class=\"elementor-field-type-tel elementor-field-group elementor-column elementor-field-group-phone elementor-col-50\">\n\t\t\t\t\t\t\t\t\t\t\t\t<label for=\"form-field-phone\" class=\"elementor-field-label\">\n\t\t\t\t\t\t\t\tT\u00e9l\u00e9phone\t\t\t\t\t\t\t<\/label>\n\t\t\t\t\t\t\t\t<input size=\"1\" type=\"tel\" name=\"form_fields[phone]\" id=\"form-field-phone\" class=\"elementor-field elementor-size-sm  elementor-field-textual\" placeholder=\"T\u00e9l\u00e9phone\" pattern=\"[0-9()#&amp;+*-=.]+\" title=\"Only numbers and phone characters (#, -, *, etc) are accepted.\">\n\n\t\t\t\t\t\t<\/div>\n\t\t\t\t\t\t\t\t<div class=\"elementor-field-type-textarea elementor-field-group elementor-column elementor-field-group-field_dca9a51 elementor-col-100\">\n\t\t\t\t\t\t\t\t\t\t\t\t<label for=\"form-field-field_dca9a51\" class=\"elementor-field-label\">\n\t\t\t\t\t\t\t\tMessage\t\t\t\t\t\t\t<\/label>\n\t\t\t\t\t\t<textarea class=\"elementor-field-textual elementor-field  elementor-size-sm\" name=\"form_fields[field_dca9a51]\" id=\"form-field-field_dca9a51\" rows=\"4\"><\/textarea>\t\t\t\t<\/div>\n\t\t\t\t\t\t\t\t<div class=\"elementor-field-type-upload elementor-field-group elementor-column elementor-field-group-field_bb09400 elementor-col-50\">\n\t\t\t\t\t\t\t\t\t\t\t\t<label for=\"form-field-field_bb09400\" class=\"elementor-field-label\">\n\t\t\t\t\t\t\t\t<b>CV<\/b><br><small>(format accept\u00e9 : .pdf - 8 Mo max.)<\/small>\t\t\t\t\t\t\t<\/label>\n\t\t\t\t\t\t\t\t<input type=\"file\" name=\"form_fields[field_bb09400]\" id=\"form-field-field_bb09400\" class=\"elementor-field elementor-size-sm  elementor-upload-field\" data-maxsize=\"8\" data-maxsize-message=\"This file exceeds the maximum allowed size.\">\n\n\t\t\t\t\t\t<\/div>\n\t\t\t\t\t\t\t\t<div class=\"elementor-field-type-upload elementor-field-group elementor-column elementor-field-group-field_a13e01d elementor-col-50\">\n\t\t\t\t\t\t\t\t\t\t\t\t<label for=\"form-field-field_a13e01d\" class=\"elementor-field-label\">\n\t\t\t\t\t\t\t\t<b>Autre document<\/b><br><small>(format accept\u00e9 : .pdf - 8 Mo max.)<\/small>\t\t\t\t\t\t\t<\/label>\n\t\t\t\t\t\t\t\t<input type=\"file\" name=\"form_fields[field_a13e01d]\" id=\"form-field-field_a13e01d\" class=\"elementor-field elementor-size-sm  elementor-upload-field\" data-maxsize=\"8\" data-maxsize-message=\"This file exceeds the maximum allowed size.\">\n\n\t\t\t\t\t\t<\/div>\n\t\t\t\t\t\t\t\t<div class=\"elementor-field-type-acceptance elementor-field-group elementor-column elementor-field-group-field_d7c3f91 elementor-col-100 elementor-field-required elementor-mark-required\">\n\t\t\t\t\t\t\t\t\t\t\t\t<label for=\"form-field-field_d7c3f91\" class=\"elementor-field-label\">\n\t\t\t\t\t\t\t\tProtection des donn\u00e9es\t\t\t\t\t\t\t<\/label>\n\t\t\t\t\t\t\t\t<div class=\"elementor-field-subgroup\">\n\t\t\t<span class=\"elementor-field-option\">\n\t\t\t\t<input type=\"checkbox\" name=\"form_fields[field_d7c3f91]\" id=\"form-field-field_d7c3f91\" class=\"elementor-field elementor-size-sm  elementor-acceptance-field\" required=\"required\">\n\t\t\t\t<label for=\"form-field-field_d7c3f91\">Je consens \u00e0 l\u2019utilisation de mes donn\u00e9es personnelles par le service ressources humaines de RRG Suisse SA pour recevoir une r\u00e9ponse \u00e0 ma candidature.<\/label>\t\t\t<\/span>\n\t\t<\/div>\n\t\t\t\t\t\t<\/div>\n\t\t\t\t\t\t\t\t<div class=\"elementor-field-group elementor-column elementor-field-type-submit elementor-col-100 e-form__buttons\">\n\t\t\t\t\t<button class=\"elementor-button elementor-size-md\" type=\"submit\">\n\t\t\t\t\t\t<span class=\"elementor-button-content-wrapper\">\n\t\t\t\t\t\t\t\t\t\t\t\t\t\t\t\t\t\t\t\t\t\t<span class=\"elementor-button-text\">Envoyer<\/span>\n\t\t\t\t\t\t\t\t\t\t\t\t\t<\/span>\n\t\t\t\t\t<\/button>\n\t\t\t\t<\/div>\n\t\t\t<\/div>\n\t\t<\/form>\n\t\t\t\t\t\t<\/div>\n\t\t\t\t<\/div>\n\t\t\t\t\t<\/div>\n\t\t<\/div>\n\t\t\t\t\t<\/div>\n\t\t<\/section>\n\t\t\t\t<\/div>\n\t\t","protected":false},"excerpt":{"rendered":"<p>Travaillez avec nous S\u00e9lectionnez votre r\u00e9gion pour acc\u00e9der \u00e0 nos offres d&#8217;emplois R\u00e9gion francophone\u200b R\u00e9gion germanophone\u200b Ou d\u00e9posez votre candidature spontan\u00e9e via ce formulaire<\/p>\n","protected":false},"author":1,"featured_media":0,"parent":0,"menu_order":0,"comment_status":"closed","ping_status":"closed","template":"","meta":{"_acf_changed":false,"footnotes":""},"categories":[],"tags":[],"class_list":["post-34658","page","type-page","status-publish","hentry"],"acf":[],"yoast_head":"<!-- This site is optimized with the Yoast SEO plugin v27.5 - https:\/\/yoast.com\/product\/yoast-seo-wordpress\/ -->\n<title>Carri\u00e8res - RRG Suisse<\/title>\n<meta name=\"robots\" content=\"index, follow, max-snippet:-1, max-image-preview:large, max-video-preview:-1\" \/>\n<link rel=\"canonical\" href=\"https:\/\/rrgsuisse.ch\/fr\/jobs\" \/>\n<meta property=\"og:locale\" content=\"fr_FR\" \/>\n<meta property=\"og:type\" content=\"article\" \/>\n<meta property=\"og:title\" content=\"Carri\u00e8res - RRG Suisse\" \/>\n<meta property=\"og:description\" content=\"Travaillez avec nous S\u00e9lectionnez votre r\u00e9gion pour acc\u00e9der \u00e0 nos offres d&#8217;emplois R\u00e9gion francophone\u200b R\u00e9gion germanophone\u200b Ou d\u00e9posez votre candidature spontan\u00e9e via ce formulaire\" \/>\n<meta property=\"og:url\" content=\"https:\/\/rrgsuisse.ch\/fr\/jobs\" \/>\n<meta property=\"og:site_name\" content=\"RRG Suisse\" \/>\n<meta property=\"article:modified_time\" content=\"2026-04-23T07:03:01+00:00\" \/>\n<meta property=\"og:image\" content=\"https:\/\/rrgsuisse.ch\/wp-content\/uploads\/2022\/12\/rrg-logo-2022-black.png\" \/>\n\t<meta property=\"og:image:width\" content=\"770\" \/>\n\t<meta property=\"og:image:height\" content=\"377\" \/>\n\t<meta property=\"og:image:type\" content=\"image\/png\" \/>\n<meta name=\"twitter:card\" content=\"summary_large_image\" \/>\n<meta name=\"twitter:label1\" content=\"Est. reading time\" \/>\n\t<meta name=\"twitter:data1\" content=\"1 minute\" \/>\n<script type=\"application\/ld+json\" class=\"yoast-schema-graph\">{\"@context\":\"https:\\\/\\\/schema.org\",\"@graph\":[{\"@type\":\"WebPage\",\"@id\":\"https:\\\/\\\/rrgsuisse.ch\\\/fr\\\/jobs\",\"url\":\"https:\\\/\\\/rrgsuisse.ch\\\/fr\\\/jobs\",\"name\":\"Carri\u00e8res - RRG Suisse\",\"isPartOf\":{\"@id\":\"https:\\\/\\\/rrgsuisse.ch\\\/fr\\\/#website\"},\"datePublished\":\"2024-06-04T12:00:26+00:00\",\"dateModified\":\"2026-04-23T07:03:01+00:00\",\"breadcrumb\":{\"@id\":\"https:\\\/\\\/rrgsuisse.ch\\\/fr\\\/jobs#breadcrumb\"},\"inLanguage\":\"fr-CH\",\"potentialAction\":[{\"@type\":\"ReadAction\",\"target\":[\"https:\\\/\\\/rrgsuisse.ch\\\/fr\\\/jobs\"]}]},{\"@type\":\"BreadcrumbList\",\"@id\":\"https:\\\/\\\/rrgsuisse.ch\\\/fr\\\/jobs#breadcrumb\",\"itemListElement\":[{\"@type\":\"ListItem\",\"position\":1,\"name\":\"Home\",\"item\":\"https:\\\/\\\/rrgsuisse.ch\\\/fr\"},{\"@type\":\"ListItem\",\"position\":2,\"name\":\"Carri\u00e8res\"}]},{\"@type\":\"WebSite\",\"@id\":\"https:\\\/\\\/rrgsuisse.ch\\\/fr\\\/#website\",\"url\":\"https:\\\/\\\/rrgsuisse.ch\\\/fr\\\/\",\"name\":\"RRG Suisse\",\"description\":\"Retail Renault Group - Revendeur officiel Renault, Dacia, Nissan\",\"potentialAction\":[{\"@type\":\"SearchAction\",\"target\":{\"@type\":\"EntryPoint\",\"urlTemplate\":\"https:\\\/\\\/rrgsuisse.ch\\\/fr\\\/?s={search_term_string}\"},\"query-input\":{\"@type\":\"PropertyValueSpecification\",\"valueRequired\":true,\"valueName\":\"search_term_string\"}}],\"inLanguage\":\"fr-CH\"}]}<\/script>\n<!-- \/ Yoast SEO plugin. -->","yoast_head_json":{"title":"Carri\u00e8res - RRG Suisse","robots":{"index":"index","follow":"follow","max-snippet":"max-snippet:-1","max-image-preview":"max-image-preview:large","max-video-preview":"max-video-preview:-1"},"canonical":"https:\/\/rrgsuisse.ch\/fr\/jobs","og_locale":"fr_FR","og_type":"article","og_title":"Carri\u00e8res - RRG Suisse","og_description":"Travaillez avec nous S\u00e9lectionnez votre r\u00e9gion pour acc\u00e9der \u00e0 nos offres d&#8217;emplois R\u00e9gion francophone\u200b R\u00e9gion germanophone\u200b Ou d\u00e9posez votre candidature spontan\u00e9e via ce formulaire","og_url":"https:\/\/rrgsuisse.ch\/fr\/jobs","og_site_name":"RRG Suisse","article_modified_time":"2026-04-23T07:03:01+00:00","og_image":[{"width":770,"height":377,"url":"https:\/\/rrgsuisse.ch\/wp-content\/uploads\/2022\/12\/rrg-logo-2022-black.png","type":"image\/png"}],"twitter_card":"summary_large_image","twitter_misc":{"Est. reading time":"1 minute"},"schema":{"@context":"https:\/\/schema.org","@graph":[{"@type":"WebPage","@id":"https:\/\/rrgsuisse.ch\/fr\/jobs","url":"https:\/\/rrgsuisse.ch\/fr\/jobs","name":"Carri\u00e8res - RRG Suisse","isPartOf":{"@id":"https:\/\/rrgsuisse.ch\/fr\/#website"},"datePublished":"2024-06-04T12:00:26+00:00","dateModified":"2026-04-23T07:03:01+00:00","breadcrumb":{"@id":"https:\/\/rrgsuisse.ch\/fr\/jobs#breadcrumb"},"inLanguage":"fr-CH","potentialAction":[{"@type":"ReadAction","target":["https:\/\/rrgsuisse.ch\/fr\/jobs"]}]},{"@type":"BreadcrumbList","@id":"https:\/\/rrgsuisse.ch\/fr\/jobs#breadcrumb","itemListElement":[{"@type":"ListItem","position":1,"name":"Home","item":"https:\/\/rrgsuisse.ch\/fr"},{"@type":"ListItem","position":2,"name":"Carri\u00e8res"}]},{"@type":"WebSite","@id":"https:\/\/rrgsuisse.ch\/fr\/#website","url":"https:\/\/rrgsuisse.ch\/fr\/","name":"RRG Suisse","description":"Retail Renault Group - Revendeur officiel Renault, Dacia, Nissan","potentialAction":[{"@type":"SearchAction","target":{"@type":"EntryPoint","urlTemplate":"https:\/\/rrgsuisse.ch\/fr\/?s={search_term_string}"},"query-input":{"@type":"PropertyValueSpecification","valueRequired":true,"valueName":"search_term_string"}}],"inLanguage":"fr-CH"}]}},"wpml_current_locale":"fr_CH","wpml_translations":{"de_CH":{"locale":"de_CH","id":34698,"slug":"jobs","post_title":"Karrieren","href":"https:\/\/rrgsuisse.ch\/de\/jobs"}},"_links":{"self":[{"href":"https:\/\/rrgsuisse.ch\/fr\/wp-json\/wp\/v2\/pages\/34658","targetHints":{"allow":["GET"]}}],"collection":[{"href":"https:\/\/rrgsuisse.ch\/fr\/wp-json\/wp\/v2\/pages"}],"about":[{"href":"https:\/\/rrgsuisse.ch\/fr\/wp-json\/wp\/v2\/types\/page"}],"author":[{"embeddable":true,"href":"https:\/\/rrgsuisse.ch\/fr\/wp-json\/wp\/v2\/users\/1"}],"replies":[{"embeddable":true,"href":"https:\/\/rrgsuisse.ch\/fr\/wp-json\/wp\/v2\/comments?post=34658"}],"version-history":[{"count":33,"href":"https:\/\/rrgsuisse.ch\/fr\/wp-json\/wp\/v2\/pages\/34658\/revisions"}],"predecessor-version":[{"id":49879,"href":"https:\/\/rrgsuisse.ch\/fr\/wp-json\/wp\/v2\/pages\/34658\/revisions\/49879"}],"wp:attachment":[{"href":"https:\/\/rrgsuisse.ch\/fr\/wp-json\/wp\/v2\/media?parent=34658"}],"wp:term":[{"taxonomy":"category","embeddable":true,"href":"https:\/\/rrgsuisse.ch\/fr\/wp-json\/wp\/v2\/categories?post=34658"},{"taxonomy":"post_tag","embeddable":true,"href":"https:\/\/rrgsuisse.ch\/fr\/wp-json\/wp\/v2\/tags?post=34658"}],"curies":[{"name":"wp","href":"https:\/\/api.w.org\/{rel}","templated":true}]}}