{"id":36125,"date":"2024-07-05T11:34:04","date_gmt":"2024-07-05T09:34:04","guid":{"rendered":"https:\/\/rrgsuisse.ch\/?page_id=36125"},"modified":"2025-02-18T13:59:23","modified_gmt":"2025-02-18T12:59:23","slug":"assistances-garantie-renault","status":"publish","type":"page","link":"https:\/\/rrgsuisse.ch\/fr\/vehicules-neufs\/gamme-vehicules-neufs-renault\/assistances-garantie-renault","title":{"rendered":"Assistances et Garanties Renault"},"content":{"rendered":"\t\t<div data-elementor-type=\"wp-page\" data-elementor-id=\"36125\" class=\"elementor elementor-36125\" data-elementor-post-type=\"page\">\n\t\t\t\t\t\t<section class=\"elementor-section elementor-top-section elementor-element elementor-element-fbcf47e elementor-section-boxed elementor-section-height-default elementor-section-height-default\" data-id=\"fbcf47e\" data-element_type=\"section\" data-e-type=\"section\" data-settings=\"{&quot;background_background&quot;:&quot;classic&quot;}\">\n\t\t\t\t\t\t<div class=\"elementor-container elementor-column-gap-default\">\n\t\t\t\t\t<div class=\"elementor-column elementor-col-100 elementor-top-column elementor-element elementor-element-2e88c7a\" data-id=\"2e88c7a\" data-element_type=\"column\" data-e-type=\"column\">\n\t\t\t<div class=\"elementor-widget-wrap elementor-element-populated\">\n\t\t\t\t\t\t<div class=\"elementor-element elementor-element-3e717c2 elementor-widget elementor-widget-heading\" data-id=\"3e717c2\" data-element_type=\"widget\" data-e-type=\"widget\" data-widget_type=\"heading.default\">\n\t\t\t\t<div class=\"elementor-widget-container\">\n\t\t\t\t\t<h1 class=\"elementor-heading-title elementor-size-default\">Assistances et Garanties Renault<\/h1>\t\t\t\t<\/div>\n\t\t\t\t<\/div>\n\t\t\t\t\t<\/div>\n\t\t<\/div>\n\t\t\t\t\t<\/div>\n\t\t<\/section>\n\t\t\t\t<section class=\"elementor-section elementor-top-section elementor-element elementor-element-473425f elementor-section-boxed elementor-section-height-default elementor-section-height-default\" data-id=\"473425f\" data-element_type=\"section\" data-e-type=\"section\">\n\t\t\t\t\t\t<div class=\"elementor-container elementor-column-gap-default\">\n\t\t\t\t\t<div class=\"elementor-column elementor-col-100 elementor-top-column elementor-element elementor-element-725a911\" data-id=\"725a911\" data-element_type=\"column\" data-e-type=\"column\">\n\t\t\t<div class=\"elementor-widget-wrap elementor-element-populated\">\n\t\t\t\t\t\t<div class=\"elementor-element elementor-element-0061be6 elementor-widget elementor-widget-breadcrumbs\" data-id=\"0061be6\" data-element_type=\"widget\" data-e-type=\"widget\" data-widget_type=\"breadcrumbs.default\">\n\t\t\t\t<div class=\"elementor-widget-container\">\n\t\t\t\t\t<p id=\"breadcrumbs\"><span><span><a href=\"https:\/\/rrgsuisse.ch\/fr\">Home<\/a><\/span><\/span><\/p>\t\t\t\t<\/div>\n\t\t\t\t<\/div>\n\t\t\t\t\t<\/div>\n\t\t<\/div>\n\t\t\t\t\t<\/div>\n\t\t<\/section>\n\t\t\t\t<section class=\"elementor-section elementor-top-section elementor-element elementor-element-c9cc522 elementor-section-boxed elementor-section-height-default elementor-section-height-default\" data-id=\"c9cc522\" data-element_type=\"section\" data-e-type=\"section\">\n\t\t\t\t\t\t<div class=\"elementor-container elementor-column-gap-default\">\n\t\t\t\t\t<div class=\"elementor-column elementor-col-100 elementor-top-column elementor-element elementor-element-e5e76ac\" data-id=\"e5e76ac\" data-element_type=\"column\" data-e-type=\"column\">\n\t\t\t<div class=\"elementor-widget-wrap elementor-element-populated\">\n\t\t\t\t\t\t<div class=\"elementor-element elementor-element-c4bbd80 elementor-widget elementor-widget-heading\" data-id=\"c4bbd80\" data-element_type=\"widget\" data-e-type=\"widget\" data-widget_type=\"heading.default\">\n\t\t\t\t<div class=\"elementor-widget-container\">\n\t\t\t\t\t<h2 class=\"elementor-heading-title elementor-size-default\">RENAULT ASSISTANCE<\/h2>\t\t\t\t<\/div>\n\t\t\t\t<\/div>\n\t\t\t\t<div class=\"elementor-element elementor-element-40c1611 elementor-widget elementor-widget-text-editor\" data-id=\"40c1611\" data-element_type=\"widget\" data-e-type=\"widget\" data-widget_type=\"text-editor.default\">\n\t\t\t\t<div class=\"elementor-widget-container\">\n\t\t\t\t\t\t\t\t\t<p><strong>Renault Assistance: +(41) (0) 44 834 12 00<\/strong><\/p><p><strong>Renault Service 24h\/24 7j\/7, dans toute l\u2019Europe, avec un seul num\u00e9ro d&#8217;appel.<\/strong><\/p><p>Nos prestations de service Renault Assistance sont valables pendant toute la dur\u00e9e de la garantie Renault:<\/p><ul><li>R\u00e9paration de votre v\u00e9hicule sur place ou remorqu\u00e9 au garage Renault le plus proche,<\/li><li>Solutions de mobilit\u00e9 pour que vous puissiez poursuivre votre voyage ou<\/li><li>Prise en charge de votre h\u00e9bergement en cas d&#8217;immobilisation prolong\u00e9e de votre v\u00e9hicule.<\/li><\/ul>\t\t\t\t\t\t\t\t<\/div>\n\t\t\t\t<\/div>\n\t\t\t\t\t<\/div>\n\t\t<\/div>\n\t\t\t\t\t<\/div>\n\t\t<\/section>\n\t\t\t\t<section class=\"elementor-section elementor-top-section elementor-element elementor-element-34d4627 elementor-section-boxed elementor-section-height-default elementor-section-height-default\" data-id=\"34d4627\" data-element_type=\"section\" data-e-type=\"section\">\n\t\t\t\t\t\t<div class=\"elementor-container elementor-column-gap-default\">\n\t\t\t\t\t<div class=\"elementor-column elementor-col-100 elementor-top-column elementor-element elementor-element-1d6829e\" data-id=\"1d6829e\" data-element_type=\"column\" data-e-type=\"column\">\n\t\t\t<div class=\"elementor-widget-wrap elementor-element-populated\">\n\t\t\t\t\t\t<div class=\"elementor-element elementor-element-54ec472 elementor-widget elementor-widget-heading\" data-id=\"54ec472\" data-element_type=\"widget\" data-e-type=\"widget\" data-widget_type=\"heading.default\">\n\t\t\t\t<div class=\"elementor-widget-container\">\n\t\t\t\t\t<h2 class=\"elementor-heading-title elementor-size-default\">GARANTIES<\/h2>\t\t\t\t<\/div>\n\t\t\t\t<\/div>\n\t\t\t\t<div class=\"elementor-element elementor-element-9952bbe elementor-widget elementor-widget-text-editor\" data-id=\"9952bbe\" data-element_type=\"widget\" data-e-type=\"widget\" data-widget_type=\"text-editor.default\">\n\t\t\t\t<div class=\"elementor-widget-container\">\n\t\t\t\t\t\t\t\t\t<p>La garantie Renault est comprise dans l\u2019achat du v\u00e9hicule\u00a0<\/p><p><strong>GARANTIE CONSTRUCTEUR RENAULT \u2013 3 ANS*<\/strong><\/p><p>Assistance 24h\/24 en cas de panne immobilisante et r\u00e9paration gratuite, pi\u00e8ces et main-d\u2019\u0153uvre comprises.\u00a0\u00a0<\/p><p><strong>GARANTIE PEINTURE \u2013 3 ANS<\/strong><\/p><p>Remise en \u00e9tat des \u00e9l\u00e9ments pr\u00e9sentant des d\u00e9fauts de peinture reconnus par nos experts.<\/p><p>Prise en compte de l&#8217;\u00e9tat g\u00e9n\u00e9ral du v\u00e9hicule. Consultez votre notice d\u2019utilisation pour plus d\u2019informations.\u00a0<\/p><p><strong>GARANTIE ANTI-CORROSION \u2013 12 ANS**, KILOM\u00c9TRAGE ILLIMIT\u00c9<\/strong><\/p><p>Sous r\u00e9serve du respect des contr\u00f4les anti-corrosion effectu\u00e9s une fois tous les 2 ans ou du kilom\u00e9trage indiqu\u00e9 dans le carnet d\u2019entretien de votre Renault.\u00a0<\/p><p><strong>GARANTIE R\u00c9PARATION \u2013 1 AN PI\u00c8CES ET MAIN-D\u2019\u0152UVRE<\/strong><\/p><p>Pour tous les v\u00e9hicules Renault et pour toutes les r\u00e9parations effectu\u00e9es dans le r\u00e9seau Renault.\u00a0<\/p><p><strong>GARANTIE PARE-BRISE \u2013 \u00c0 VIE<\/strong><\/p><p>Pour la r\u00e9paration ou le remplacement de votre pare-brise dans le r\u00e9seau de concessionnaires Renault.<\/p><p>* \u00c0 l\u2019exception de Renault TWIZY &#8211; 2 ans.<br \/>** \u00c0 l\u2019exception de Renault TWIZY &amp; Master &#8211; 6 ans.<\/p>\t\t\t\t\t\t\t\t<\/div>\n\t\t\t\t<\/div>\n\t\t\t\t\t<\/div>\n\t\t<\/div>\n\t\t\t\t\t<\/div>\n\t\t<\/section>\n\t\t\t\t<\/div>\n\t\t","protected":false},"excerpt":{"rendered":"<p>RENAULT ASSISTANCE Renault Assistance: +(41) (0) 44 834 12 00 Renault Service 24h\/24 7j\/7, dans toute l\u2019Europe, avec un seul num\u00e9ro d&#8217;appel. Nos prestations de service Renault Assistance sont valables pendant toute la dur\u00e9e de la garantie Renault: R\u00e9paration de votre v\u00e9hicule sur place ou remorqu\u00e9 au garage Renault le plus proche, Solutions de mobilit\u00e9 [&hellip;]<\/p>\n","protected":false},"author":1,"featured_media":0,"parent":34063,"menu_order":0,"comment_status":"closed","ping_status":"closed","template":"","meta":{"_acf_changed":false,"footnotes":""},"categories":[88],"tags":[],"class_list":["post-36125","page","type-page","status-publish","hentry","category-headerfooter-renault"],"acf":[],"yoast_head":"<!-- This site is optimized with the Yoast SEO plugin v27.4 - https:\/\/yoast.com\/product\/yoast-seo-wordpress\/ -->\n<title>Assistances et Garanties Renault - RRG Suisse<\/title>\n<meta name=\"robots\" content=\"index, follow, max-snippet:-1, max-image-preview:large, max-video-preview:-1\" \/>\n<link rel=\"canonical\" href=\"https:\/\/rrgsuisse.ch\/fr\/vehicules-neufs\/gamme-vehicules-neufs-renault\/assistances-garantie-renault\" \/>\n<meta property=\"og:locale\" content=\"fr_FR\" \/>\n<meta property=\"og:type\" content=\"article\" \/>\n<meta property=\"og:title\" content=\"Assistances et Garanties Renault - RRG Suisse\" \/>\n<meta property=\"og:description\" content=\"RENAULT ASSISTANCE Renault Assistance: +(41) (0) 44 834 12 00 Renault Service 24h\/24 7j\/7, dans toute l\u2019Europe, avec un seul num\u00e9ro d&#8217;appel. Nos prestations de service Renault Assistance sont valables pendant toute la dur\u00e9e de la garantie Renault: R\u00e9paration de votre v\u00e9hicule sur place ou remorqu\u00e9 au garage Renault le plus proche, Solutions de mobilit\u00e9 [&hellip;]\" \/>\n<meta property=\"og:url\" content=\"https:\/\/rrgsuisse.ch\/fr\/vehicules-neufs\/gamme-vehicules-neufs-renault\/assistances-garantie-renault\" \/>\n<meta property=\"og:site_name\" content=\"RRG Suisse\" \/>\n<meta property=\"article:modified_time\" content=\"2025-02-18T12:59:23+00:00\" \/>\n<meta property=\"og:image\" content=\"https:\/\/rrgsuisse.ch\/wp-content\/uploads\/2022\/12\/rrg-logo-2022-black.png\" \/>\n\t<meta property=\"og:image:width\" content=\"770\" \/>\n\t<meta property=\"og:image:height\" content=\"377\" \/>\n\t<meta property=\"og:image:type\" content=\"image\/png\" \/>\n<meta name=\"twitter:card\" content=\"summary_large_image\" \/>\n<meta name=\"twitter:label1\" content=\"Est. reading time\" \/>\n\t<meta name=\"twitter:data1\" content=\"2 minutes\" \/>\n<script type=\"application\/ld+json\" class=\"yoast-schema-graph\">{\"@context\":\"https:\\\/\\\/schema.org\",\"@graph\":[{\"@type\":\"WebPage\",\"@id\":\"https:\\\/\\\/rrgsuisse.ch\\\/fr\\\/vehicules-neufs\\\/gamme-vehicules-neufs-renault\\\/assistances-garantie-renault\",\"url\":\"https:\\\/\\\/rrgsuisse.ch\\\/fr\\\/vehicules-neufs\\\/gamme-vehicules-neufs-renault\\\/assistances-garantie-renault\",\"name\":\"Assistances et Garanties Renault - RRG Suisse\",\"isPartOf\":{\"@id\":\"https:\\\/\\\/rrgsuisse.ch\\\/fr\\\/#website\"},\"datePublished\":\"2024-07-05T09:34:04+00:00\",\"dateModified\":\"2025-02-18T12:59:23+00:00\",\"breadcrumb\":{\"@id\":\"https:\\\/\\\/rrgsuisse.ch\\\/fr\\\/vehicules-neufs\\\/gamme-vehicules-neufs-renault\\\/assistances-garantie-renault#breadcrumb\"},\"inLanguage\":\"fr-CH\",\"potentialAction\":[{\"@type\":\"ReadAction\",\"target\":[\"https:\\\/\\\/rrgsuisse.ch\\\/fr\\\/vehicules-neufs\\\/gamme-vehicules-neufs-renault\\\/assistances-garantie-renault\"]}]},{\"@type\":\"BreadcrumbList\",\"@id\":\"https:\\\/\\\/rrgsuisse.ch\\\/fr\\\/vehicules-neufs\\\/gamme-vehicules-neufs-renault\\\/assistances-garantie-renault#breadcrumb\",\"itemListElement\":[{\"@type\":\"ListItem\",\"position\":1,\"name\":\"Home\",\"item\":\"https:\\\/\\\/rrgsuisse.ch\\\/fr\"},{\"@type\":\"ListItem\",\"position\":2,\"name\":\"V\u00e9hicules neufs\",\"item\":\"https:\\\/\\\/rrgsuisse.ch\\\/fr\\\/vehicules-neufs\"},{\"@type\":\"ListItem\",\"position\":3,\"name\":\"Gamme V\u00e9hicules neufs Renault\",\"item\":\"https:\\\/\\\/rrgsuisse.ch\\\/fr\\\/vehicules-neufs\\\/gamme-vehicules-neufs-renault\"},{\"@type\":\"ListItem\",\"position\":4,\"name\":\"Assistances et Garanties Renault\"}]},{\"@type\":\"WebSite\",\"@id\":\"https:\\\/\\\/rrgsuisse.ch\\\/fr\\\/#website\",\"url\":\"https:\\\/\\\/rrgsuisse.ch\\\/fr\\\/\",\"name\":\"RRG Suisse\",\"description\":\"Retail Renault Group - Revendeur officiel Renault, Dacia, Nissan\",\"potentialAction\":[{\"@type\":\"SearchAction\",\"target\":{\"@type\":\"EntryPoint\",\"urlTemplate\":\"https:\\\/\\\/rrgsuisse.ch\\\/fr\\\/?s={search_term_string}\"},\"query-input\":{\"@type\":\"PropertyValueSpecification\",\"valueRequired\":true,\"valueName\":\"search_term_string\"}}],\"inLanguage\":\"fr-CH\"}]}<\/script>\n<!-- \/ Yoast SEO plugin. -->","yoast_head_json":{"title":"Assistances et Garanties Renault - RRG Suisse","robots":{"index":"index","follow":"follow","max-snippet":"max-snippet:-1","max-image-preview":"max-image-preview:large","max-video-preview":"max-video-preview:-1"},"canonical":"https:\/\/rrgsuisse.ch\/fr\/vehicules-neufs\/gamme-vehicules-neufs-renault\/assistances-garantie-renault","og_locale":"fr_FR","og_type":"article","og_title":"Assistances et Garanties Renault - RRG Suisse","og_description":"RENAULT ASSISTANCE Renault Assistance: +(41) (0) 44 834 12 00 Renault Service 24h\/24 7j\/7, dans toute l\u2019Europe, avec un seul num\u00e9ro d&#8217;appel. Nos prestations de service Renault Assistance sont valables pendant toute la dur\u00e9e de la garantie Renault: R\u00e9paration de votre v\u00e9hicule sur place ou remorqu\u00e9 au garage Renault le plus proche, Solutions de mobilit\u00e9 [&hellip;]","og_url":"https:\/\/rrgsuisse.ch\/fr\/vehicules-neufs\/gamme-vehicules-neufs-renault\/assistances-garantie-renault","og_site_name":"RRG Suisse","article_modified_time":"2025-02-18T12:59:23+00:00","og_image":[{"width":770,"height":377,"url":"https:\/\/rrgsuisse.ch\/wp-content\/uploads\/2022\/12\/rrg-logo-2022-black.png","type":"image\/png"}],"twitter_card":"summary_large_image","twitter_misc":{"Est. reading time":"2 minutes"},"schema":{"@context":"https:\/\/schema.org","@graph":[{"@type":"WebPage","@id":"https:\/\/rrgsuisse.ch\/fr\/vehicules-neufs\/gamme-vehicules-neufs-renault\/assistances-garantie-renault","url":"https:\/\/rrgsuisse.ch\/fr\/vehicules-neufs\/gamme-vehicules-neufs-renault\/assistances-garantie-renault","name":"Assistances et Garanties Renault - RRG Suisse","isPartOf":{"@id":"https:\/\/rrgsuisse.ch\/fr\/#website"},"datePublished":"2024-07-05T09:34:04+00:00","dateModified":"2025-02-18T12:59:23+00:00","breadcrumb":{"@id":"https:\/\/rrgsuisse.ch\/fr\/vehicules-neufs\/gamme-vehicules-neufs-renault\/assistances-garantie-renault#breadcrumb"},"inLanguage":"fr-CH","potentialAction":[{"@type":"ReadAction","target":["https:\/\/rrgsuisse.ch\/fr\/vehicules-neufs\/gamme-vehicules-neufs-renault\/assistances-garantie-renault"]}]},{"@type":"BreadcrumbList","@id":"https:\/\/rrgsuisse.ch\/fr\/vehicules-neufs\/gamme-vehicules-neufs-renault\/assistances-garantie-renault#breadcrumb","itemListElement":[{"@type":"ListItem","position":1,"name":"Home","item":"https:\/\/rrgsuisse.ch\/fr"},{"@type":"ListItem","position":2,"name":"V\u00e9hicules neufs","item":"https:\/\/rrgsuisse.ch\/fr\/vehicules-neufs"},{"@type":"ListItem","position":3,"name":"Gamme V\u00e9hicules neufs Renault","item":"https:\/\/rrgsuisse.ch\/fr\/vehicules-neufs\/gamme-vehicules-neufs-renault"},{"@type":"ListItem","position":4,"name":"Assistances et Garanties Renault"}]},{"@type":"WebSite","@id":"https:\/\/rrgsuisse.ch\/fr\/#website","url":"https:\/\/rrgsuisse.ch\/fr\/","name":"RRG Suisse","description":"Retail Renault Group - Revendeur officiel Renault, Dacia, Nissan","potentialAction":[{"@type":"SearchAction","target":{"@type":"EntryPoint","urlTemplate":"https:\/\/rrgsuisse.ch\/fr\/?s={search_term_string}"},"query-input":{"@type":"PropertyValueSpecification","valueRequired":true,"valueName":"search_term_string"}}],"inLanguage":"fr-CH"}]}},"wpml_current_locale":"fr_CH","wpml_translations":{"de_CH":{"locale":"de_CH","id":37052,"slug":"assistance-und-garantien-renault","post_title":"Assistance und Garantien Renault","href":"https:\/\/rrgsuisse.ch\/de\/neuwagen\/renault-neuwagen-modellpalette\/assistance-und-garantien-renault"}},"_links":{"self":[{"href":"https:\/\/rrgsuisse.ch\/fr\/wp-json\/wp\/v2\/pages\/36125","targetHints":{"allow":["GET"]}}],"collection":[{"href":"https:\/\/rrgsuisse.ch\/fr\/wp-json\/wp\/v2\/pages"}],"about":[{"href":"https:\/\/rrgsuisse.ch\/fr\/wp-json\/wp\/v2\/types\/page"}],"author":[{"embeddable":true,"href":"https:\/\/rrgsuisse.ch\/fr\/wp-json\/wp\/v2\/users\/1"}],"replies":[{"embeddable":true,"href":"https:\/\/rrgsuisse.ch\/fr\/wp-json\/wp\/v2\/comments?post=36125"}],"version-history":[{"count":34,"href":"https:\/\/rrgsuisse.ch\/fr\/wp-json\/wp\/v2\/pages\/36125\/revisions"}],"predecessor-version":[{"id":41166,"href":"https:\/\/rrgsuisse.ch\/fr\/wp-json\/wp\/v2\/pages\/36125\/revisions\/41166"}],"up":[{"embeddable":true,"href":"https:\/\/rrgsuisse.ch\/fr\/wp-json\/wp\/v2\/pages\/34063"}],"wp:attachment":[{"href":"https:\/\/rrgsuisse.ch\/fr\/wp-json\/wp\/v2\/media?parent=36125"}],"wp:term":[{"taxonomy":"category","embeddable":true,"href":"https:\/\/rrgsuisse.ch\/fr\/wp-json\/wp\/v2\/categories?post=36125"},{"taxonomy":"post_tag","embeddable":true,"href":"https:\/\/rrgsuisse.ch\/fr\/wp-json\/wp\/v2\/tags?post=36125"}],"curies":[{"name":"wp","href":"https:\/\/api.w.org\/{rel}","templated":true}]}}