{"id":36494,"date":"2024-07-10T11:12:59","date_gmt":"2024-07-10T09:12:59","guid":{"rendered":"https:\/\/rrgsuisse.ch\/?page_id=36494"},"modified":"2024-07-12T14:43:51","modified_gmt":"2024-07-12T12:43:51","slug":"accessoires-dacia","status":"publish","type":"page","link":"https:\/\/rrgsuisse.ch\/fr\/vehicules-neufs\/gamme-vehicules-neufs-dacia\/accessoires-dacia","title":{"rendered":"Accessoires Dacia"},"content":{"rendered":"\t\t<div data-elementor-type=\"wp-page\" data-elementor-id=\"36494\" class=\"elementor elementor-36494\" data-elementor-post-type=\"page\">\n\t\t\t\t\t\t<section class=\"elementor-section elementor-top-section elementor-element elementor-element-31016eb elementor-section-boxed elementor-section-height-default elementor-section-height-default\" data-id=\"31016eb\" data-element_type=\"section\" data-e-type=\"section\" data-settings=\"{&quot;background_background&quot;:&quot;classic&quot;}\">\n\t\t\t\t\t\t<div class=\"elementor-container elementor-column-gap-default\">\n\t\t\t\t\t<div class=\"elementor-column elementor-col-100 elementor-top-column elementor-element elementor-element-b26d110\" data-id=\"b26d110\" data-element_type=\"column\" data-e-type=\"column\">\n\t\t\t<div class=\"elementor-widget-wrap elementor-element-populated\">\n\t\t\t\t\t\t<div class=\"elementor-element elementor-element-0176ad0 elementor-widget elementor-widget-heading\" data-id=\"0176ad0\" data-element_type=\"widget\" data-e-type=\"widget\" data-widget_type=\"heading.default\">\n\t\t\t\t<div class=\"elementor-widget-container\">\n\t\t\t\t\t<h1 class=\"elementor-heading-title elementor-size-default\">Accessoires Dacia<\/h1>\t\t\t\t<\/div>\n\t\t\t\t<\/div>\n\t\t\t\t\t<\/div>\n\t\t<\/div>\n\t\t\t\t\t<\/div>\n\t\t<\/section>\n\t\t\t\t<section class=\"elementor-section elementor-top-section elementor-element elementor-element-36b8d57 elementor-section-boxed elementor-section-height-default elementor-section-height-default\" data-id=\"36b8d57\" data-element_type=\"section\" data-e-type=\"section\">\n\t\t\t\t\t\t<div class=\"elementor-container elementor-column-gap-default\">\n\t\t\t\t\t<div class=\"elementor-column elementor-col-100 elementor-top-column elementor-element elementor-element-461e5d9\" data-id=\"461e5d9\" data-element_type=\"column\" data-e-type=\"column\">\n\t\t\t<div class=\"elementor-widget-wrap elementor-element-populated\">\n\t\t\t\t\t\t<div class=\"elementor-element elementor-element-29de4ab elementor-widget elementor-widget-breadcrumbs\" data-id=\"29de4ab\" data-element_type=\"widget\" data-e-type=\"widget\" data-widget_type=\"breadcrumbs.default\">\n\t\t\t\t<div class=\"elementor-widget-container\">\n\t\t\t\t\t<p id=\"breadcrumbs\"><span><span><a href=\"https:\/\/rrgsuisse.ch\/fr\">Home<\/a><\/span><\/span><\/p>\t\t\t\t<\/div>\n\t\t\t\t<\/div>\n\t\t\t\t\t<\/div>\n\t\t<\/div>\n\t\t\t\t\t<\/div>\n\t\t<\/section>\n\t\t\t\t<section class=\"elementor-section elementor-top-section elementor-element elementor-element-a52947d elementor-section-boxed elementor-section-height-default elementor-section-height-default\" data-id=\"a52947d\" data-element_type=\"section\" data-e-type=\"section\">\n\t\t\t\t\t\t<div class=\"elementor-container elementor-column-gap-default\">\n\t\t\t\t\t<div class=\"elementor-column elementor-col-100 elementor-top-column elementor-element elementor-element-7823769\" data-id=\"7823769\" data-element_type=\"column\" data-e-type=\"column\">\n\t\t\t<div class=\"elementor-widget-wrap elementor-element-populated\">\n\t\t\t\t\t\t<div class=\"elementor-element elementor-element-bbe1fac elementor-widget elementor-widget-heading\" data-id=\"bbe1fac\" data-element_type=\"widget\" data-e-type=\"widget\" data-widget_type=\"heading.default\">\n\t\t\t\t<div class=\"elementor-widget-container\">\n\t\t\t\t\t<h2 class=\"elementor-heading-title elementor-size-default\">LES ACCESSOIRES PAR <span class=\"texte_vert_dacia\">MOD\u00c8LE<\/span><\/h2>\t\t\t\t<\/div>\n\t\t\t\t<\/div>\n\t\t\t\t<div class=\"elementor-element elementor-element-bdb256f elementor-widget elementor-widget-text-editor\" data-id=\"bdb256f\" data-element_type=\"widget\" data-e-type=\"widget\" data-widget_type=\"text-editor.default\">\n\t\t\t\t<div class=\"elementor-widget-container\">\n\t\t\t\t\t\t\t\t\t<p>Des jantes aux surtapis, d\u00e9couvrez tous les accessoires disponibles pour votre mod\u00e8le.<\/p>\t\t\t\t\t\t\t\t<\/div>\n\t\t\t\t<\/div>\n\t\t\t\t<div class=\"elementor-element elementor-element-3b5c767 elementor-align-center elementor-widget elementor-widget-button\" data-id=\"3b5c767\" data-element_type=\"widget\" data-e-type=\"widget\" data-widget_type=\"button.default\">\n\t\t\t\t<div class=\"elementor-widget-container\">\n\t\t\t\t\t\t\t\t\t<div class=\"elementor-button-wrapper\">\n\t\t\t\t\t<a class=\"elementor-button elementor-button-link elementor-size-sm\" href=\"https:\/\/fr.dacia.ch\/accessoires-cax.html\" target=\"_blank\">\n\t\t\t\t\t\t<span class=\"elementor-button-content-wrapper\">\n\t\t\t\t\t\t\t\t\t<span class=\"elementor-button-text\">Rechercher un accessoire<\/span>\n\t\t\t\t\t<\/span>\n\t\t\t\t\t<\/a>\n\t\t\t\t<\/div>\n\t\t\t\t\t\t\t\t<\/div>\n\t\t\t\t<\/div>\n\t\t\t\t<div class=\"elementor-element elementor-element-ebbe30d elementor-widget elementor-widget-image\" data-id=\"ebbe30d\" data-element_type=\"widget\" data-e-type=\"widget\" data-widget_type=\"image.default\">\n\t\t\t\t<div class=\"elementor-widget-container\">\n\t\t\t\t\t\t\t\t\t\t\t\t\t\t\t\t<a href=\"https:\/\/fr.dacia.ch\/accessoires-cax.html\" target=\"_blank\">\n\t\t\t\t\t\t\t<img fetchpriority=\"high\" decoding=\"async\" width=\"687\" height=\"495\" src=\"https:\/\/rrgsuisse.ch\/wp-content\/uploads\/2024\/07\/rrg_accessoires_dacia-1.png\" class=\"attachment-large size-large wp-image-36497\" alt=\"\" srcset=\"https:\/\/rrgsuisse.ch\/wp-content\/uploads\/2024\/07\/rrg_accessoires_dacia-1.png 687w, https:\/\/rrgsuisse.ch\/wp-content\/uploads\/2024\/07\/rrg_accessoires_dacia-1-300x216.png 300w\" sizes=\"(max-width: 687px) 100vw, 687px\" \/>\t\t\t\t\t\t\t\t<\/a>\n\t\t\t\t\t\t\t\t\t\t\t\t\t\t\t<\/div>\n\t\t\t\t<\/div>\n\t\t\t\t\t<\/div>\n\t\t<\/div>\n\t\t\t\t\t<\/div>\n\t\t<\/section>\n\t\t\t\t<section class=\"elementor-section elementor-top-section elementor-element elementor-element-97f2567 elementor-section-boxed elementor-section-height-default elementor-section-height-default\" data-id=\"97f2567\" data-element_type=\"section\" data-e-type=\"section\">\n\t\t\t\t\t\t<div class=\"elementor-container elementor-column-gap-default\">\n\t\t\t\t\t<div class=\"elementor-column elementor-col-100 elementor-top-column elementor-element elementor-element-0df681a\" data-id=\"0df681a\" data-element_type=\"column\" data-e-type=\"column\">\n\t\t\t<div class=\"elementor-widget-wrap elementor-element-populated\">\n\t\t\t\t\t\t<div class=\"elementor-element elementor-element-c03008d elementor-widget elementor-widget-heading\" data-id=\"c03008d\" data-element_type=\"widget\" data-e-type=\"widget\" data-widget_type=\"heading.default\">\n\t\t\t\t<div class=\"elementor-widget-container\">\n\t\t\t\t\t<h2 class=\"elementor-heading-title elementor-size-default\">LA QUALIT\u00c9 ET LES GARANTIES, <span class=\"texte_vert_dacia\">TOUJOURS \u00c0 PRIX DACIA<\/span><\/h2>\t\t\t\t<\/div>\n\t\t\t\t<\/div>\n\t\t\t\t\t<\/div>\n\t\t<\/div>\n\t\t\t\t\t<\/div>\n\t\t<\/section>\n\t\t\t\t<section class=\"elementor-section elementor-top-section elementor-element elementor-element-1886e98 elementor-section-boxed elementor-section-height-default elementor-section-height-default\" data-id=\"1886e98\" data-element_type=\"section\" data-e-type=\"section\">\n\t\t\t\t\t\t<div class=\"elementor-container elementor-column-gap-default\">\n\t\t\t\t\t<div class=\"elementor-column elementor-col-25 elementor-top-column elementor-element elementor-element-7818e8e\" data-id=\"7818e8e\" data-element_type=\"column\" data-e-type=\"column\">\n\t\t\t<div class=\"elementor-widget-wrap elementor-element-populated\">\n\t\t\t\t\t\t<div class=\"elementor-element elementor-element-57018a6 elementor-position-top elementor-widget elementor-widget-image-box\" data-id=\"57018a6\" data-element_type=\"widget\" data-e-type=\"widget\" data-widget_type=\"image-box.default\">\n\t\t\t\t<div class=\"elementor-widget-container\">\n\t\t\t\t\t<div class=\"elementor-image-box-wrapper\"><figure class=\"elementor-image-box-img\"><img decoding=\"async\" width=\"82\" height=\"82\" src=\"https:\/\/rrgsuisse.ch\/wp-content\/uploads\/2024\/07\/e2199b29ab.png\" class=\"attachment-full size-full wp-image-36499\" alt=\"\" \/><\/figure><div class=\"elementor-image-box-content\"><h3 class=\"elementor-image-box-title\">GARANTIE 1 AN<\/h3><p class=\"elementor-image-box-description\">Pi\u00e8ces et main-d\u2019\u0153uvre<\/p><\/div><\/div>\t\t\t\t<\/div>\n\t\t\t\t<\/div>\n\t\t\t\t\t<\/div>\n\t\t<\/div>\n\t\t\t\t<div class=\"elementor-column elementor-col-25 elementor-top-column elementor-element elementor-element-06f1c25\" data-id=\"06f1c25\" data-element_type=\"column\" data-e-type=\"column\">\n\t\t\t<div class=\"elementor-widget-wrap elementor-element-populated\">\n\t\t\t\t\t\t<div class=\"elementor-element elementor-element-b27ce5c elementor-position-top elementor-widget elementor-widget-image-box\" data-id=\"b27ce5c\" data-element_type=\"widget\" data-e-type=\"widget\" data-widget_type=\"image-box.default\">\n\t\t\t\t<div class=\"elementor-widget-container\">\n\t\t\t\t\t<div class=\"elementor-image-box-wrapper\"><figure class=\"elementor-image-box-img\"><img decoding=\"async\" width=\"82\" height=\"82\" src=\"https:\/\/rrgsuisse.ch\/wp-content\/uploads\/2024\/07\/fa106fb395.png\" class=\"attachment-full size-full wp-image-36505\" alt=\"\" \/><\/figure><div class=\"elementor-image-box-content\"><h3 class=\"elementor-image-box-title\">CERTIFICATION<\/h3><p class=\"elementor-image-box-description\">Tous les produits Dacia<\/p><\/div><\/div>\t\t\t\t<\/div>\n\t\t\t\t<\/div>\n\t\t\t\t\t<\/div>\n\t\t<\/div>\n\t\t\t\t<div class=\"elementor-column elementor-col-25 elementor-top-column elementor-element elementor-element-ef102cb\" data-id=\"ef102cb\" data-element_type=\"column\" data-e-type=\"column\">\n\t\t\t<div class=\"elementor-widget-wrap elementor-element-populated\">\n\t\t\t\t\t\t<div class=\"elementor-element elementor-element-ff8ac94 elementor-position-top elementor-widget elementor-widget-image-box\" data-id=\"ff8ac94\" data-element_type=\"widget\" data-e-type=\"widget\" data-widget_type=\"image-box.default\">\n\t\t\t\t<div class=\"elementor-widget-container\">\n\t\t\t\t\t<div class=\"elementor-image-box-wrapper\"><figure class=\"elementor-image-box-img\"><img loading=\"lazy\" decoding=\"async\" width=\"82\" height=\"82\" src=\"https:\/\/rrgsuisse.ch\/wp-content\/uploads\/2024\/07\/1eeb61f953.png\" class=\"attachment-full size-full wp-image-36501\" alt=\"\" \/><\/figure><div class=\"elementor-image-box-content\"><h3 class=\"elementor-image-box-title\">QUALIT\u00c9<\/h3><p class=\"elementor-image-box-description\">Savoir-faire et qualit\u00e9 Dacia<\/p><\/div><\/div>\t\t\t\t<\/div>\n\t\t\t\t<\/div>\n\t\t\t\t\t<\/div>\n\t\t<\/div>\n\t\t\t\t<div class=\"elementor-column elementor-col-25 elementor-top-column elementor-element elementor-element-b0636b4\" data-id=\"b0636b4\" data-element_type=\"column\" data-e-type=\"column\">\n\t\t\t<div class=\"elementor-widget-wrap elementor-element-populated\">\n\t\t\t\t\t\t<div class=\"elementor-element elementor-element-b5cc77f elementor-position-top elementor-widget elementor-widget-image-box\" data-id=\"b5cc77f\" data-element_type=\"widget\" data-e-type=\"widget\" data-widget_type=\"image-box.default\">\n\t\t\t\t<div class=\"elementor-widget-container\">\n\t\t\t\t\t<div class=\"elementor-image-box-wrapper\"><figure class=\"elementor-image-box-img\"><img loading=\"lazy\" decoding=\"async\" width=\"82\" height=\"82\" src=\"https:\/\/rrgsuisse.ch\/wp-content\/uploads\/2024\/07\/3103fa886c.png\" class=\"attachment-full size-full wp-image-36503\" alt=\"\" \/><\/figure><div class=\"elementor-image-box-content\"><h3 class=\"elementor-image-box-title\">SUIVI DE COMMANDE<\/h3><p class=\"elementor-image-box-description\">Simplifiez-vous le quotidien avec My Dacia<\/p><\/div><\/div>\t\t\t\t<\/div>\n\t\t\t\t<\/div>\n\t\t\t\t\t<\/div>\n\t\t<\/div>\n\t\t\t\t\t<\/div>\n\t\t<\/section>\n\t\t\t\t<section class=\"elementor-section elementor-top-section elementor-element elementor-element-418c646 elementor-section-boxed elementor-section-height-default elementor-section-height-default\" data-id=\"418c646\" data-element_type=\"section\" data-e-type=\"section\">\n\t\t\t\t\t\t<div class=\"elementor-container elementor-column-gap-default\">\n\t\t\t\t\t<div class=\"elementor-column elementor-col-100 elementor-top-column elementor-element elementor-element-a9908c5\" data-id=\"a9908c5\" data-element_type=\"column\" data-e-type=\"column\">\n\t\t\t<div class=\"elementor-widget-wrap elementor-element-populated\">\n\t\t\t\t\t\t<div class=\"elementor-element elementor-element-c2dca1c elementor-align-center elementor-widget elementor-widget-button\" data-id=\"c2dca1c\" data-element_type=\"widget\" data-e-type=\"widget\" data-widget_type=\"button.default\">\n\t\t\t\t<div class=\"elementor-widget-container\">\n\t\t\t\t\t\t\t\t\t<div class=\"elementor-button-wrapper\">\n\t\t\t\t\t<a class=\"elementor-button elementor-button-link elementor-size-sm\" href=\"https:\/\/fr.dacia.ch\/accessoires-cax.html\" target=\"_blank\">\n\t\t\t\t\t\t<span class=\"elementor-button-content-wrapper\">\n\t\t\t\t\t\t\t\t\t<span class=\"elementor-button-text\">Rechercher un accessoire<\/span>\n\t\t\t\t\t<\/span>\n\t\t\t\t\t<\/a>\n\t\t\t\t<\/div>\n\t\t\t\t\t\t\t\t<\/div>\n\t\t\t\t<\/div>\n\t\t\t\t\t<\/div>\n\t\t<\/div>\n\t\t\t\t\t<\/div>\n\t\t<\/section>\n\t\t\t\t<\/div>\n\t\t","protected":false},"excerpt":{"rendered":"<p>LES ACCESSOIRES PAR MOD\u00c8LE Des jantes aux surtapis, d\u00e9couvrez tous les accessoires disponibles pour votre mod\u00e8le. Rechercher un accessoire LA QUALIT\u00c9 ET LES GARANTIES, TOUJOURS \u00c0 PRIX DACIA GARANTIE 1 AN Pi\u00e8ces et main-d\u2019\u0153uvre CERTIFICATION Tous les produits Dacia QUALIT\u00c9 Savoir-faire et qualit\u00e9 Dacia SUIVI DE COMMANDE Simplifiez-vous le quotidien avec My Dacia Rechercher un [&hellip;]<\/p>\n","protected":false},"author":1,"featured_media":0,"parent":34867,"menu_order":0,"comment_status":"closed","ping_status":"closed","template":"","meta":{"_acf_changed":false,"footnotes":""},"categories":[89],"tags":[],"class_list":["post-36494","page","type-page","status-publish","hentry","category-headerfooter-dacia"],"acf":[],"yoast_head":"<!-- This site is optimized with the Yoast SEO plugin v27.5 - https:\/\/yoast.com\/product\/yoast-seo-wordpress\/ -->\n<title>Accessoires Dacia - RRG Suisse<\/title>\n<meta name=\"robots\" content=\"index, follow, max-snippet:-1, max-image-preview:large, max-video-preview:-1\" \/>\n<link rel=\"canonical\" href=\"https:\/\/rrgsuisse.ch\/fr\/vehicules-neufs\/gamme-vehicules-neufs-dacia\/accessoires-dacia\" \/>\n<meta property=\"og:locale\" content=\"fr_FR\" \/>\n<meta property=\"og:type\" content=\"article\" \/>\n<meta property=\"og:title\" content=\"Accessoires Dacia - RRG Suisse\" \/>\n<meta property=\"og:description\" content=\"LES ACCESSOIRES PAR MOD\u00c8LE Des jantes aux surtapis, d\u00e9couvrez tous les accessoires disponibles pour votre mod\u00e8le. Rechercher un accessoire LA QUALIT\u00c9 ET LES GARANTIES, TOUJOURS \u00c0 PRIX DACIA GARANTIE 1 AN Pi\u00e8ces et main-d\u2019\u0153uvre CERTIFICATION Tous les produits Dacia QUALIT\u00c9 Savoir-faire et qualit\u00e9 Dacia SUIVI DE COMMANDE Simplifiez-vous le quotidien avec My Dacia Rechercher un [&hellip;]\" \/>\n<meta property=\"og:url\" content=\"https:\/\/rrgsuisse.ch\/fr\/vehicules-neufs\/gamme-vehicules-neufs-dacia\/accessoires-dacia\" \/>\n<meta property=\"og:site_name\" content=\"RRG Suisse\" \/>\n<meta property=\"article:modified_time\" content=\"2024-07-12T12:43:51+00:00\" \/>\n<meta property=\"og:image\" content=\"https:\/\/rrgsuisse.ch\/wp-content\/uploads\/2024\/07\/rrg_accessoires_dacia-1.png\" \/>\n<meta name=\"twitter:card\" content=\"summary_large_image\" \/>\n<meta name=\"twitter:label1\" content=\"Est. reading time\" \/>\n\t<meta name=\"twitter:data1\" content=\"2 minutes\" \/>\n<script type=\"application\/ld+json\" class=\"yoast-schema-graph\">{\"@context\":\"https:\\\/\\\/schema.org\",\"@graph\":[{\"@type\":\"WebPage\",\"@id\":\"https:\\\/\\\/rrgsuisse.ch\\\/fr\\\/vehicules-neufs\\\/gamme-vehicules-neufs-dacia\\\/accessoires-dacia\",\"url\":\"https:\\\/\\\/rrgsuisse.ch\\\/fr\\\/vehicules-neufs\\\/gamme-vehicules-neufs-dacia\\\/accessoires-dacia\",\"name\":\"Accessoires Dacia - RRG Suisse\",\"isPartOf\":{\"@id\":\"https:\\\/\\\/rrgsuisse.ch\\\/fr\\\/#website\"},\"primaryImageOfPage\":{\"@id\":\"https:\\\/\\\/rrgsuisse.ch\\\/fr\\\/vehicules-neufs\\\/gamme-vehicules-neufs-dacia\\\/accessoires-dacia#primaryimage\"},\"image\":{\"@id\":\"https:\\\/\\\/rrgsuisse.ch\\\/fr\\\/vehicules-neufs\\\/gamme-vehicules-neufs-dacia\\\/accessoires-dacia#primaryimage\"},\"thumbnailUrl\":\"https:\\\/\\\/rrgsuisse.ch\\\/wp-content\\\/uploads\\\/2024\\\/07\\\/rrg_accessoires_dacia-1.png\",\"datePublished\":\"2024-07-10T09:12:59+00:00\",\"dateModified\":\"2024-07-12T12:43:51+00:00\",\"breadcrumb\":{\"@id\":\"https:\\\/\\\/rrgsuisse.ch\\\/fr\\\/vehicules-neufs\\\/gamme-vehicules-neufs-dacia\\\/accessoires-dacia#breadcrumb\"},\"inLanguage\":\"fr-CH\",\"potentialAction\":[{\"@type\":\"ReadAction\",\"target\":[\"https:\\\/\\\/rrgsuisse.ch\\\/fr\\\/vehicules-neufs\\\/gamme-vehicules-neufs-dacia\\\/accessoires-dacia\"]}]},{\"@type\":\"ImageObject\",\"inLanguage\":\"fr-CH\",\"@id\":\"https:\\\/\\\/rrgsuisse.ch\\\/fr\\\/vehicules-neufs\\\/gamme-vehicules-neufs-dacia\\\/accessoires-dacia#primaryimage\",\"url\":\"https:\\\/\\\/rrgsuisse.ch\\\/wp-content\\\/uploads\\\/2024\\\/07\\\/rrg_accessoires_dacia-1.png\",\"contentUrl\":\"https:\\\/\\\/rrgsuisse.ch\\\/wp-content\\\/uploads\\\/2024\\\/07\\\/rrg_accessoires_dacia-1.png\"},{\"@type\":\"BreadcrumbList\",\"@id\":\"https:\\\/\\\/rrgsuisse.ch\\\/fr\\\/vehicules-neufs\\\/gamme-vehicules-neufs-dacia\\\/accessoires-dacia#breadcrumb\",\"itemListElement\":[{\"@type\":\"ListItem\",\"position\":1,\"name\":\"Home\",\"item\":\"https:\\\/\\\/rrgsuisse.ch\\\/fr\"},{\"@type\":\"ListItem\",\"position\":2,\"name\":\"V\u00e9hicules neufs\",\"item\":\"https:\\\/\\\/rrgsuisse.ch\\\/fr\\\/vehicules-neufs\"},{\"@type\":\"ListItem\",\"position\":3,\"name\":\"Gamme V\u00e9hicules Neufs Dacia\",\"item\":\"https:\\\/\\\/rrgsuisse.ch\\\/fr\\\/vehicules-neufs\\\/gamme-vehicules-neufs-dacia\"},{\"@type\":\"ListItem\",\"position\":4,\"name\":\"Accessoires Dacia\"}]},{\"@type\":\"WebSite\",\"@id\":\"https:\\\/\\\/rrgsuisse.ch\\\/fr\\\/#website\",\"url\":\"https:\\\/\\\/rrgsuisse.ch\\\/fr\\\/\",\"name\":\"RRG Suisse\",\"description\":\"Retail Renault Group - Revendeur officiel Renault, Dacia, Nissan\",\"potentialAction\":[{\"@type\":\"SearchAction\",\"target\":{\"@type\":\"EntryPoint\",\"urlTemplate\":\"https:\\\/\\\/rrgsuisse.ch\\\/fr\\\/?s={search_term_string}\"},\"query-input\":{\"@type\":\"PropertyValueSpecification\",\"valueRequired\":true,\"valueName\":\"search_term_string\"}}],\"inLanguage\":\"fr-CH\"}]}<\/script>\n<!-- \/ Yoast SEO plugin. -->","yoast_head_json":{"title":"Accessoires Dacia - RRG Suisse","robots":{"index":"index","follow":"follow","max-snippet":"max-snippet:-1","max-image-preview":"max-image-preview:large","max-video-preview":"max-video-preview:-1"},"canonical":"https:\/\/rrgsuisse.ch\/fr\/vehicules-neufs\/gamme-vehicules-neufs-dacia\/accessoires-dacia","og_locale":"fr_FR","og_type":"article","og_title":"Accessoires Dacia - RRG Suisse","og_description":"LES ACCESSOIRES PAR MOD\u00c8LE Des jantes aux surtapis, d\u00e9couvrez tous les accessoires disponibles pour votre mod\u00e8le. Rechercher un accessoire LA QUALIT\u00c9 ET LES GARANTIES, TOUJOURS \u00c0 PRIX DACIA GARANTIE 1 AN Pi\u00e8ces et main-d\u2019\u0153uvre CERTIFICATION Tous les produits Dacia QUALIT\u00c9 Savoir-faire et qualit\u00e9 Dacia SUIVI DE COMMANDE Simplifiez-vous le quotidien avec My Dacia Rechercher un [&hellip;]","og_url":"https:\/\/rrgsuisse.ch\/fr\/vehicules-neufs\/gamme-vehicules-neufs-dacia\/accessoires-dacia","og_site_name":"RRG Suisse","article_modified_time":"2024-07-12T12:43:51+00:00","og_image":[{"url":"https:\/\/rrgsuisse.ch\/wp-content\/uploads\/2024\/07\/rrg_accessoires_dacia-1.png","type":"","width":"","height":""}],"twitter_card":"summary_large_image","twitter_misc":{"Est. reading time":"2 minutes"},"schema":{"@context":"https:\/\/schema.org","@graph":[{"@type":"WebPage","@id":"https:\/\/rrgsuisse.ch\/fr\/vehicules-neufs\/gamme-vehicules-neufs-dacia\/accessoires-dacia","url":"https:\/\/rrgsuisse.ch\/fr\/vehicules-neufs\/gamme-vehicules-neufs-dacia\/accessoires-dacia","name":"Accessoires Dacia - RRG Suisse","isPartOf":{"@id":"https:\/\/rrgsuisse.ch\/fr\/#website"},"primaryImageOfPage":{"@id":"https:\/\/rrgsuisse.ch\/fr\/vehicules-neufs\/gamme-vehicules-neufs-dacia\/accessoires-dacia#primaryimage"},"image":{"@id":"https:\/\/rrgsuisse.ch\/fr\/vehicules-neufs\/gamme-vehicules-neufs-dacia\/accessoires-dacia#primaryimage"},"thumbnailUrl":"https:\/\/rrgsuisse.ch\/wp-content\/uploads\/2024\/07\/rrg_accessoires_dacia-1.png","datePublished":"2024-07-10T09:12:59+00:00","dateModified":"2024-07-12T12:43:51+00:00","breadcrumb":{"@id":"https:\/\/rrgsuisse.ch\/fr\/vehicules-neufs\/gamme-vehicules-neufs-dacia\/accessoires-dacia#breadcrumb"},"inLanguage":"fr-CH","potentialAction":[{"@type":"ReadAction","target":["https:\/\/rrgsuisse.ch\/fr\/vehicules-neufs\/gamme-vehicules-neufs-dacia\/accessoires-dacia"]}]},{"@type":"ImageObject","inLanguage":"fr-CH","@id":"https:\/\/rrgsuisse.ch\/fr\/vehicules-neufs\/gamme-vehicules-neufs-dacia\/accessoires-dacia#primaryimage","url":"https:\/\/rrgsuisse.ch\/wp-content\/uploads\/2024\/07\/rrg_accessoires_dacia-1.png","contentUrl":"https:\/\/rrgsuisse.ch\/wp-content\/uploads\/2024\/07\/rrg_accessoires_dacia-1.png"},{"@type":"BreadcrumbList","@id":"https:\/\/rrgsuisse.ch\/fr\/vehicules-neufs\/gamme-vehicules-neufs-dacia\/accessoires-dacia#breadcrumb","itemListElement":[{"@type":"ListItem","position":1,"name":"Home","item":"https:\/\/rrgsuisse.ch\/fr"},{"@type":"ListItem","position":2,"name":"V\u00e9hicules neufs","item":"https:\/\/rrgsuisse.ch\/fr\/vehicules-neufs"},{"@type":"ListItem","position":3,"name":"Gamme V\u00e9hicules Neufs Dacia","item":"https:\/\/rrgsuisse.ch\/fr\/vehicules-neufs\/gamme-vehicules-neufs-dacia"},{"@type":"ListItem","position":4,"name":"Accessoires Dacia"}]},{"@type":"WebSite","@id":"https:\/\/rrgsuisse.ch\/fr\/#website","url":"https:\/\/rrgsuisse.ch\/fr\/","name":"RRG Suisse","description":"Retail Renault Group - Revendeur officiel Renault, Dacia, Nissan","potentialAction":[{"@type":"SearchAction","target":{"@type":"EntryPoint","urlTemplate":"https:\/\/rrgsuisse.ch\/fr\/?s={search_term_string}"},"query-input":{"@type":"PropertyValueSpecification","valueRequired":true,"valueName":"search_term_string"}}],"inLanguage":"fr-CH"}]}},"wpml_current_locale":"fr_CH","wpml_translations":{"de_CH":{"locale":"de_CH","id":37058,"slug":"dacia-zubehoer","post_title":"Dacia Zubeh\u00f6r","href":"https:\/\/rrgsuisse.ch\/de\/neuwagen\/dacia-neuwagen-modellpalette\/dacia-zubehoer"}},"_links":{"self":[{"href":"https:\/\/rrgsuisse.ch\/fr\/wp-json\/wp\/v2\/pages\/36494","targetHints":{"allow":["GET"]}}],"collection":[{"href":"https:\/\/rrgsuisse.ch\/fr\/wp-json\/wp\/v2\/pages"}],"about":[{"href":"https:\/\/rrgsuisse.ch\/fr\/wp-json\/wp\/v2\/types\/page"}],"author":[{"embeddable":true,"href":"https:\/\/rrgsuisse.ch\/fr\/wp-json\/wp\/v2\/users\/1"}],"replies":[{"embeddable":true,"href":"https:\/\/rrgsuisse.ch\/fr\/wp-json\/wp\/v2\/comments?post=36494"}],"version-history":[{"count":10,"href":"https:\/\/rrgsuisse.ch\/fr\/wp-json\/wp\/v2\/pages\/36494\/revisions"}],"predecessor-version":[{"id":36897,"href":"https:\/\/rrgsuisse.ch\/fr\/wp-json\/wp\/v2\/pages\/36494\/revisions\/36897"}],"up":[{"embeddable":true,"href":"https:\/\/rrgsuisse.ch\/fr\/wp-json\/wp\/v2\/pages\/34867"}],"wp:attachment":[{"href":"https:\/\/rrgsuisse.ch\/fr\/wp-json\/wp\/v2\/media?parent=36494"}],"wp:term":[{"taxonomy":"category","embeddable":true,"href":"https:\/\/rrgsuisse.ch\/fr\/wp-json\/wp\/v2\/categories?post=36494"},{"taxonomy":"post_tag","embeddable":true,"href":"https:\/\/rrgsuisse.ch\/fr\/wp-json\/wp\/v2\/tags?post=36494"}],"curies":[{"name":"wp","href":"https:\/\/api.w.org\/{rel}","templated":true}]}}