{"id":41755,"date":"2025-03-11T11:39:19","date_gmt":"2025-03-11T10:39:19","guid":{"rendered":"https:\/\/rrgsuisse.ch\/?page_id=41755"},"modified":"2025-03-11T11:53:54","modified_gmt":"2025-03-11T10:53:54","slug":"assistances-et-garanties-nissan","status":"publish","type":"page","link":"https:\/\/rrgsuisse.ch\/fr\/vehicules-neufs\/gamme-vehicules-neufs-nissan\/assistances-et-garanties-nissan","title":{"rendered":"Assistances et Garanties Nissan"},"content":{"rendered":"\t\t<div data-elementor-type=\"wp-page\" data-elementor-id=\"41755\" class=\"elementor elementor-41755\" data-elementor-post-type=\"page\">\n\t\t\t\t\t\t<section class=\"elementor-section elementor-top-section elementor-element elementor-element-87b320e elementor-section-boxed elementor-section-height-default elementor-section-height-default\" data-id=\"87b320e\" data-element_type=\"section\" data-e-type=\"section\" data-settings=\"{&quot;background_background&quot;:&quot;classic&quot;}\">\n\t\t\t\t\t\t<div class=\"elementor-container elementor-column-gap-default\">\n\t\t\t\t\t<div class=\"elementor-column elementor-col-100 elementor-top-column elementor-element elementor-element-a008a79\" data-id=\"a008a79\" data-element_type=\"column\" data-e-type=\"column\">\n\t\t\t<div class=\"elementor-widget-wrap elementor-element-populated\">\n\t\t\t\t\t\t<div class=\"elementor-element elementor-element-cb1c91d elementor-widget elementor-widget-heading\" data-id=\"cb1c91d\" data-element_type=\"widget\" data-e-type=\"widget\" data-widget_type=\"heading.default\">\n\t\t\t\t<div class=\"elementor-widget-container\">\n\t\t\t\t\t<h1 class=\"elementor-heading-title elementor-size-default\">Assistances et Garanties Nissan<\/h1>\t\t\t\t<\/div>\n\t\t\t\t<\/div>\n\t\t\t\t\t<\/div>\n\t\t<\/div>\n\t\t\t\t\t<\/div>\n\t\t<\/section>\n\t\t\t\t<section class=\"elementor-section elementor-top-section elementor-element elementor-element-7043695 elementor-section-boxed elementor-section-height-default elementor-section-height-default\" data-id=\"7043695\" data-element_type=\"section\" data-e-type=\"section\">\n\t\t\t\t\t\t<div class=\"elementor-container elementor-column-gap-default\">\n\t\t\t\t\t<div class=\"elementor-column elementor-col-100 elementor-top-column elementor-element elementor-element-ebce673\" data-id=\"ebce673\" data-element_type=\"column\" data-e-type=\"column\">\n\t\t\t<div class=\"elementor-widget-wrap elementor-element-populated\">\n\t\t\t\t\t\t<div class=\"elementor-element elementor-element-9179101 elementor-widget elementor-widget-breadcrumbs\" data-id=\"9179101\" data-element_type=\"widget\" data-e-type=\"widget\" data-widget_type=\"breadcrumbs.default\">\n\t\t\t\t<div class=\"elementor-widget-container\">\n\t\t\t\t\t<p id=\"breadcrumbs\"><span><span><a href=\"https:\/\/rrgsuisse.ch\/fr\">Home<\/a><\/span><\/span><\/p>\t\t\t\t<\/div>\n\t\t\t\t<\/div>\n\t\t\t\t\t<\/div>\n\t\t<\/div>\n\t\t\t\t\t<\/div>\n\t\t<\/section>\n\t\t\t\t<section class=\"elementor-section elementor-top-section elementor-element elementor-element-45fb548 elementor-section-boxed elementor-section-height-default elementor-section-height-default\" data-id=\"45fb548\" data-element_type=\"section\" data-e-type=\"section\">\n\t\t\t\t\t\t<div class=\"elementor-container elementor-column-gap-default\">\n\t\t\t\t\t<div class=\"elementor-column elementor-col-100 elementor-top-column elementor-element elementor-element-babf8f6\" data-id=\"babf8f6\" data-element_type=\"column\" data-e-type=\"column\">\n\t\t\t<div class=\"elementor-widget-wrap elementor-element-populated\">\n\t\t\t\t\t\t<div class=\"elementor-element elementor-element-5d7c394 elementor-widget elementor-widget-heading\" data-id=\"5d7c394\" data-element_type=\"widget\" data-e-type=\"widget\" data-widget_type=\"heading.default\">\n\t\t\t\t<div class=\"elementor-widget-container\">\n\t\t\t\t\t<h2 class=\"elementor-heading-title elementor-size-default\">NISSAN ASSISTANCE<\/h2>\t\t\t\t<\/div>\n\t\t\t\t<\/div>\n\t\t\t\t<div class=\"elementor-element elementor-element-0881784 elementor-widget elementor-widget-heading\" data-id=\"0881784\" data-element_type=\"widget\" data-e-type=\"widget\" data-widget_type=\"heading.default\">\n\t\t\t\t<div class=\"elementor-widget-container\">\n\t\t\t\t\t<h2 class=\"elementor-heading-title elementor-size-default\">A votre \u00e9coute 24\/24 7\/7<\/h2>\t\t\t\t<\/div>\n\t\t\t\t<\/div>\n\t\t\t\t<div class=\"elementor-element elementor-element-3e6353b elementor-widget elementor-widget-text-editor\" data-id=\"3e6353b\" data-element_type=\"widget\" data-e-type=\"widget\" data-widget_type=\"text-editor.default\">\n\t\t\t\t<div class=\"elementor-widget-container\">\n\t\t\t\t\t\t\t\t\t<p>0800 86 09 00 ou +41 800 86 09 00<\/p>\t\t\t\t\t\t\t\t<\/div>\n\t\t\t\t<\/div>\n\t\t\t\t\t<\/div>\n\t\t<\/div>\n\t\t\t\t\t<\/div>\n\t\t<\/section>\n\t\t\t\t<section class=\"elementor-section elementor-top-section elementor-element elementor-element-b8ec0b1 elementor-section-boxed elementor-section-height-default elementor-section-height-default\" data-id=\"b8ec0b1\" data-element_type=\"section\" data-e-type=\"section\">\n\t\t\t\t\t\t<div class=\"elementor-container elementor-column-gap-default\">\n\t\t\t\t\t<div class=\"elementor-column elementor-col-100 elementor-top-column elementor-element elementor-element-aca1abb\" data-id=\"aca1abb\" data-element_type=\"column\" data-e-type=\"column\">\n\t\t\t<div class=\"elementor-widget-wrap elementor-element-populated\">\n\t\t\t\t\t\t<div class=\"elementor-element elementor-element-b1562b4 elementor-widget elementor-widget-heading\" data-id=\"b1562b4\" data-element_type=\"widget\" data-e-type=\"widget\" data-widget_type=\"heading.default\">\n\t\t\t\t<div class=\"elementor-widget-container\">\n\t\t\t\t\t<h2 class=\"elementor-heading-title elementor-size-default\">GARANTIE NISSAN<\/h2>\t\t\t\t<\/div>\n\t\t\t\t<\/div>\n\t\t\t\t<div class=\"elementor-element elementor-element-f79ec9d elementor-widget elementor-widget-text-editor\" data-id=\"f79ec9d\" data-element_type=\"widget\" data-e-type=\"widget\" data-widget_type=\"text-editor.default\">\n\t\t\t\t<div class=\"elementor-widget-container\">\n\t\t\t\t\t\t\t\t\t<p><strong><u>GARANTIE V\u00c9HICULE NEUF<\/u><\/strong><\/p><p>D\u00e9couvrez notre Garantie V\u00e9hicule neuf. Nous aimons les v\u00e9hicules que nous construisons. Vous avez sans doute le m\u00eame sentiment \u00e0 l\u2019\u00e9gard de votre v\u00e9hicule, c\u2019est pourquoi vous voulez en prendre soin. Pour vous y aider, NISSAN propose, pour la plupart des mod\u00e8les, une garantie de 3 ans v\u00e9hicule neuf ou 100 000 km (au premier des deux termes \u00e9chu). Pour les v\u00e9hicules utilitaires, la garantie v\u00e9hicule neuf s\u2019\u00e9tend m\u00eame jusqu\u2019\u00e0 5 ans ou 160 000 km*.<\/p><p>Nous offrons \u00e9galement une protection suppl\u00e9mentaire avec une <b>garantie peinture de 3 ans<\/b> et une <b>garantie anticorrosion de la carrosserie de 12 ans<\/b>, chacune avec un kilom\u00e9trage illimit\u00e9.<\/p><p>De plus, chaque <b>pi\u00e8ce d\u2019origine ou accessoire NISSAN est couvert(e) par une garantie de 1, 2 ou 3 an(s)<\/b> (kilom\u00e9trage illimit\u00e9), en fonction du type de produit. Il vous est ainsi plus facile de conserver votre NISSAN comme neuve.<\/p><p>Quelques exceptions s\u2019appliquent aux conditions ci-dessus. Pour le d\u00e9tail, veuillez vous reporter au carnet de contr\u00f4le technique\/service client livr\u00e9 avec votre v\u00e9hicule.<\/p><p><i>*Garantie 5 ans\/160 000 km pour tous les utilitaires NISSAN \u00e0 l\u2019exception du NISSAN e-NV200 profitant quant \u00e0 lui de 5 ans\/100 000 km de garantie, correspondant \u00e0 3 ans de garantie constructeur + 2 ans d\u2019extension de garantie NISSAN 5* offerts.<\/i><\/p>\t\t\t\t\t\t\t\t<\/div>\n\t\t\t\t<\/div>\n\t\t\t\t<div class=\"elementor-element elementor-element-a3b8d86 elementor-widget elementor-widget-text-editor\" data-id=\"a3b8d86\" data-element_type=\"widget\" data-e-type=\"widget\" data-widget_type=\"text-editor.default\">\n\t\t\t\t<div class=\"elementor-widget-container\">\n\t\t\t\t\t\t\t\t\t<p><strong><u>EXTENSION DE GARANTIE NISSAN 5\u2605<\/u><\/strong><\/p><p>En prolongeant la garantie constructeur d\u2019une dur\u00e9e initiale de 3 ans\/100 000 km pour une p\u00e9riode plus longue ou davantage de kilom\u00e8tres, vous pouvez faire des projets \u00e0 plus long terme.<\/p><p><strong>MA\u00ceTRISE DES CO\u00dbTS<\/strong><\/p><p>Avec l\u2019extension de garantie NISSAN 5\u2605 de NISSAN, vous pouvez continuer \u00e0 conduire <b>l\u2019esprit tranquille<\/b> puisque vous \u00eates prot\u00e9g\u00e9 contre toutes les <b>d\u00e9penses de r\u00e9paration co\u00fbteuses et impr\u00e9vues li\u00e9es aux pannes m\u00e9caniques ou \u00e9lectriques.<\/b><\/p><p><strong>Et ceci \u00e0 partir de CHF 259.\u2013**<\/strong><\/p><p>En fonction de l\u2019\u00e2ge et du kilom\u00e9trage du v\u00e9hicule, les conditions g\u00e9n\u00e9rales s\u2019appliquent.<\/p><p><strong>FLEXIBILIT\u00c9<\/strong><\/p><p>L\u2019extension de garantie NISSAN 5\u2605 est disponible dans une multitude de combinaisons de dur\u00e9es et de kilom\u00e9trages. Vous pouvez souscrire une extension de garantie NISSAN 5\u2605 <b>\u00e0 tout moment avant l\u2019expiration de la garantie constructeur standard.<\/b><\/p><p>De plus, vous pouvez au besoin prolonger votre extension de garantie en cours NISSAN 5\u2605, par un avenant de &#8220;Top-Up&#8221; &#8211; prolongation en dur\u00e9e\/kilom\u00e8tres. Pour de plus amples informations, consultez votre partenaire NISSAN.<\/p><p><strong>QUALIT\u00c9<\/strong><\/p><p>Avec l\u2019extension de garantie NISSAN 5\u2605, vous avez l\u2019assurance de la fourniture exclusive de pi\u00e8ces NISSAN d\u2019origine pour vos \u00e9ventuelles r\u00e9parations. De plus, la maintenance de votre NISSAN est confi\u00e9e \u00e0 un technicien NISSAN qualifi\u00e9.<\/p><p><strong>VALEUR AJOUT\u00c9E<\/strong><\/p><p>S\u2019appliquant au v\u00e9hicule, le contrat est <b>transmissible<\/b>. Si vous d\u00e9cidez de vendre votre v\u00e9hicule, la personne \u00e0 qui vous la c\u00e9dez b\u00e9n\u00e9ficiera de la <b>m\u00eame qualit\u00e9 de maintenance<\/b>.<\/p>\t\t\t\t\t\t\t\t<\/div>\n\t\t\t\t<\/div>\n\t\t\t\t\t<\/div>\n\t\t<\/div>\n\t\t\t\t\t<\/div>\n\t\t<\/section>\n\t\t\t\t<\/div>\n\t\t","protected":false},"excerpt":{"rendered":"<p>NISSAN ASSISTANCE A votre \u00e9coute 24\/24 7\/7 0800 86 09 00 ou +41 800 86 09 00 GARANTIE NISSAN GARANTIE V\u00c9HICULE NEUF D\u00e9couvrez notre Garantie V\u00e9hicule neuf. Nous aimons les v\u00e9hicules que nous construisons. Vous avez sans doute le m\u00eame sentiment \u00e0 l\u2019\u00e9gard de votre v\u00e9hicule, c\u2019est pourquoi vous voulez en prendre soin. Pour vous [&hellip;]<\/p>\n","protected":false},"author":1,"featured_media":0,"parent":41365,"menu_order":0,"comment_status":"closed","ping_status":"closed","template":"","meta":{"_acf_changed":false,"footnotes":""},"categories":[113],"tags":[],"class_list":["post-41755","page","type-page","status-publish","hentry","category-headerfooter-nissan"],"acf":[],"yoast_head":"<!-- This site is optimized with the Yoast SEO plugin v27.5 - https:\/\/yoast.com\/product\/yoast-seo-wordpress\/ -->\n<title>Assistances et Garanties Nissan - RRG Suisse<\/title>\n<meta name=\"robots\" content=\"index, follow, max-snippet:-1, max-image-preview:large, max-video-preview:-1\" \/>\n<link rel=\"canonical\" href=\"https:\/\/rrgsuisse.ch\/fr\/vehicules-neufs\/gamme-vehicules-neufs-nissan\/assistances-et-garanties-nissan\" \/>\n<meta property=\"og:locale\" content=\"fr_FR\" \/>\n<meta property=\"og:type\" content=\"article\" \/>\n<meta property=\"og:title\" content=\"Assistances et Garanties Nissan - RRG Suisse\" \/>\n<meta property=\"og:description\" content=\"NISSAN ASSISTANCE A votre \u00e9coute 24\/24 7\/7 0800 86 09 00 ou +41 800 86 09 00 GARANTIE NISSAN GARANTIE V\u00c9HICULE NEUF D\u00e9couvrez notre Garantie V\u00e9hicule neuf. Nous aimons les v\u00e9hicules que nous construisons. Vous avez sans doute le m\u00eame sentiment \u00e0 l\u2019\u00e9gard de votre v\u00e9hicule, c\u2019est pourquoi vous voulez en prendre soin. Pour vous [&hellip;]\" \/>\n<meta property=\"og:url\" content=\"https:\/\/rrgsuisse.ch\/fr\/vehicules-neufs\/gamme-vehicules-neufs-nissan\/assistances-et-garanties-nissan\" \/>\n<meta property=\"og:site_name\" content=\"RRG Suisse\" \/>\n<meta property=\"article:modified_time\" content=\"2025-03-11T10:53:54+00:00\" \/>\n<meta property=\"og:image\" content=\"https:\/\/rrgsuisse.ch\/wp-content\/uploads\/2022\/12\/rrg-logo-2022-black.png\" \/>\n\t<meta property=\"og:image:width\" content=\"770\" \/>\n\t<meta property=\"og:image:height\" content=\"377\" \/>\n\t<meta property=\"og:image:type\" content=\"image\/png\" \/>\n<meta name=\"twitter:card\" content=\"summary_large_image\" \/>\n<meta name=\"twitter:label1\" content=\"Est. reading time\" \/>\n\t<meta name=\"twitter:data1\" content=\"3 minutes\" \/>\n<script type=\"application\/ld+json\" class=\"yoast-schema-graph\">{\"@context\":\"https:\\\/\\\/schema.org\",\"@graph\":[{\"@type\":\"WebPage\",\"@id\":\"https:\\\/\\\/rrgsuisse.ch\\\/fr\\\/vehicules-neufs\\\/gamme-vehicules-neufs-nissan\\\/assistances-et-garanties-nissan\",\"url\":\"https:\\\/\\\/rrgsuisse.ch\\\/fr\\\/vehicules-neufs\\\/gamme-vehicules-neufs-nissan\\\/assistances-et-garanties-nissan\",\"name\":\"Assistances et Garanties Nissan - RRG Suisse\",\"isPartOf\":{\"@id\":\"https:\\\/\\\/rrgsuisse.ch\\\/fr\\\/#website\"},\"datePublished\":\"2025-03-11T10:39:19+00:00\",\"dateModified\":\"2025-03-11T10:53:54+00:00\",\"breadcrumb\":{\"@id\":\"https:\\\/\\\/rrgsuisse.ch\\\/fr\\\/vehicules-neufs\\\/gamme-vehicules-neufs-nissan\\\/assistances-et-garanties-nissan#breadcrumb\"},\"inLanguage\":\"fr-CH\",\"potentialAction\":[{\"@type\":\"ReadAction\",\"target\":[\"https:\\\/\\\/rrgsuisse.ch\\\/fr\\\/vehicules-neufs\\\/gamme-vehicules-neufs-nissan\\\/assistances-et-garanties-nissan\"]}]},{\"@type\":\"BreadcrumbList\",\"@id\":\"https:\\\/\\\/rrgsuisse.ch\\\/fr\\\/vehicules-neufs\\\/gamme-vehicules-neufs-nissan\\\/assistances-et-garanties-nissan#breadcrumb\",\"itemListElement\":[{\"@type\":\"ListItem\",\"position\":1,\"name\":\"Home\",\"item\":\"https:\\\/\\\/rrgsuisse.ch\\\/fr\"},{\"@type\":\"ListItem\",\"position\":2,\"name\":\"V\u00e9hicules neufs\",\"item\":\"https:\\\/\\\/rrgsuisse.ch\\\/fr\\\/vehicules-neufs\"},{\"@type\":\"ListItem\",\"position\":3,\"name\":\"Gamme V\u00e9hicules Neufs Nissan\",\"item\":\"https:\\\/\\\/rrgsuisse.ch\\\/fr\\\/vehicules-neufs\\\/gamme-vehicules-neufs-nissan\"},{\"@type\":\"ListItem\",\"position\":4,\"name\":\"Assistances et Garanties Nissan\"}]},{\"@type\":\"WebSite\",\"@id\":\"https:\\\/\\\/rrgsuisse.ch\\\/fr\\\/#website\",\"url\":\"https:\\\/\\\/rrgsuisse.ch\\\/fr\\\/\",\"name\":\"RRG Suisse\",\"description\":\"Retail Renault Group - Revendeur officiel Renault, Dacia, Nissan\",\"potentialAction\":[{\"@type\":\"SearchAction\",\"target\":{\"@type\":\"EntryPoint\",\"urlTemplate\":\"https:\\\/\\\/rrgsuisse.ch\\\/fr\\\/?s={search_term_string}\"},\"query-input\":{\"@type\":\"PropertyValueSpecification\",\"valueRequired\":true,\"valueName\":\"search_term_string\"}}],\"inLanguage\":\"fr-CH\"}]}<\/script>\n<!-- \/ Yoast SEO plugin. -->","yoast_head_json":{"title":"Assistances et Garanties Nissan - RRG Suisse","robots":{"index":"index","follow":"follow","max-snippet":"max-snippet:-1","max-image-preview":"max-image-preview:large","max-video-preview":"max-video-preview:-1"},"canonical":"https:\/\/rrgsuisse.ch\/fr\/vehicules-neufs\/gamme-vehicules-neufs-nissan\/assistances-et-garanties-nissan","og_locale":"fr_FR","og_type":"article","og_title":"Assistances et Garanties Nissan - RRG Suisse","og_description":"NISSAN ASSISTANCE A votre \u00e9coute 24\/24 7\/7 0800 86 09 00 ou +41 800 86 09 00 GARANTIE NISSAN GARANTIE V\u00c9HICULE NEUF D\u00e9couvrez notre Garantie V\u00e9hicule neuf. Nous aimons les v\u00e9hicules que nous construisons. Vous avez sans doute le m\u00eame sentiment \u00e0 l\u2019\u00e9gard de votre v\u00e9hicule, c\u2019est pourquoi vous voulez en prendre soin. Pour vous [&hellip;]","og_url":"https:\/\/rrgsuisse.ch\/fr\/vehicules-neufs\/gamme-vehicules-neufs-nissan\/assistances-et-garanties-nissan","og_site_name":"RRG Suisse","article_modified_time":"2025-03-11T10:53:54+00:00","og_image":[{"width":770,"height":377,"url":"https:\/\/rrgsuisse.ch\/wp-content\/uploads\/2022\/12\/rrg-logo-2022-black.png","type":"image\/png"}],"twitter_card":"summary_large_image","twitter_misc":{"Est. reading time":"3 minutes"},"schema":{"@context":"https:\/\/schema.org","@graph":[{"@type":"WebPage","@id":"https:\/\/rrgsuisse.ch\/fr\/vehicules-neufs\/gamme-vehicules-neufs-nissan\/assistances-et-garanties-nissan","url":"https:\/\/rrgsuisse.ch\/fr\/vehicules-neufs\/gamme-vehicules-neufs-nissan\/assistances-et-garanties-nissan","name":"Assistances et Garanties Nissan - RRG Suisse","isPartOf":{"@id":"https:\/\/rrgsuisse.ch\/fr\/#website"},"datePublished":"2025-03-11T10:39:19+00:00","dateModified":"2025-03-11T10:53:54+00:00","breadcrumb":{"@id":"https:\/\/rrgsuisse.ch\/fr\/vehicules-neufs\/gamme-vehicules-neufs-nissan\/assistances-et-garanties-nissan#breadcrumb"},"inLanguage":"fr-CH","potentialAction":[{"@type":"ReadAction","target":["https:\/\/rrgsuisse.ch\/fr\/vehicules-neufs\/gamme-vehicules-neufs-nissan\/assistances-et-garanties-nissan"]}]},{"@type":"BreadcrumbList","@id":"https:\/\/rrgsuisse.ch\/fr\/vehicules-neufs\/gamme-vehicules-neufs-nissan\/assistances-et-garanties-nissan#breadcrumb","itemListElement":[{"@type":"ListItem","position":1,"name":"Home","item":"https:\/\/rrgsuisse.ch\/fr"},{"@type":"ListItem","position":2,"name":"V\u00e9hicules neufs","item":"https:\/\/rrgsuisse.ch\/fr\/vehicules-neufs"},{"@type":"ListItem","position":3,"name":"Gamme V\u00e9hicules Neufs Nissan","item":"https:\/\/rrgsuisse.ch\/fr\/vehicules-neufs\/gamme-vehicules-neufs-nissan"},{"@type":"ListItem","position":4,"name":"Assistances et Garanties Nissan"}]},{"@type":"WebSite","@id":"https:\/\/rrgsuisse.ch\/fr\/#website","url":"https:\/\/rrgsuisse.ch\/fr\/","name":"RRG Suisse","description":"Retail Renault Group - Revendeur officiel Renault, Dacia, Nissan","potentialAction":[{"@type":"SearchAction","target":{"@type":"EntryPoint","urlTemplate":"https:\/\/rrgsuisse.ch\/fr\/?s={search_term_string}"},"query-input":{"@type":"PropertyValueSpecification","valueRequired":true,"valueName":"search_term_string"}}],"inLanguage":"fr-CH"}]}},"wpml_current_locale":"fr_CH","wpml_translations":{"de_CH":{"locale":"de_CH","id":41756,"slug":"nissan-assistance-und-garantien","post_title":"Nissan Assistance und Garantien","href":"https:\/\/rrgsuisse.ch\/de\/neuwagen\/nissan-neuwagen-modellpalette\/nissan-assistance-und-garantien"}},"_links":{"self":[{"href":"https:\/\/rrgsuisse.ch\/fr\/wp-json\/wp\/v2\/pages\/41755","targetHints":{"allow":["GET"]}}],"collection":[{"href":"https:\/\/rrgsuisse.ch\/fr\/wp-json\/wp\/v2\/pages"}],"about":[{"href":"https:\/\/rrgsuisse.ch\/fr\/wp-json\/wp\/v2\/types\/page"}],"author":[{"embeddable":true,"href":"https:\/\/rrgsuisse.ch\/fr\/wp-json\/wp\/v2\/users\/1"}],"replies":[{"embeddable":true,"href":"https:\/\/rrgsuisse.ch\/fr\/wp-json\/wp\/v2\/comments?post=41755"}],"version-history":[{"count":10,"href":"https:\/\/rrgsuisse.ch\/fr\/wp-json\/wp\/v2\/pages\/41755\/revisions"}],"predecessor-version":[{"id":41769,"href":"https:\/\/rrgsuisse.ch\/fr\/wp-json\/wp\/v2\/pages\/41755\/revisions\/41769"}],"up":[{"embeddable":true,"href":"https:\/\/rrgsuisse.ch\/fr\/wp-json\/wp\/v2\/pages\/41365"}],"wp:attachment":[{"href":"https:\/\/rrgsuisse.ch\/fr\/wp-json\/wp\/v2\/media?parent=41755"}],"wp:term":[{"taxonomy":"category","embeddable":true,"href":"https:\/\/rrgsuisse.ch\/fr\/wp-json\/wp\/v2\/categories?post=41755"},{"taxonomy":"post_tag","embeddable":true,"href":"https:\/\/rrgsuisse.ch\/fr\/wp-json\/wp\/v2\/tags?post=41755"}],"curies":[{"name":"wp","href":"https:\/\/api.w.org\/{rel}","templated":true}]}}