{"id":43434,"date":"2025-04-24T14:57:21","date_gmt":"2025-04-24T12:57:21","guid":{"rendered":"https:\/\/rrgsuisse.ch\/?page_id=43434"},"modified":"2025-04-25T15:37:26","modified_gmt":"2025-04-25T13:37:26","slug":"contrat-de-service-pro","status":"publish","type":"page","link":"https:\/\/rrgsuisse.ch\/fr\/vehicules-neufs\/gamme-vehicules-neufs-renault\/contrat-de-service-pro","title":{"rendered":"Contrat de service PRO+"},"content":{"rendered":"\t\t<div data-elementor-type=\"wp-page\" data-elementor-id=\"43434\" class=\"elementor elementor-43434\" data-elementor-post-type=\"page\">\n\t\t\t\t\t\t<section class=\"elementor-section elementor-top-section elementor-element elementor-element-fbcf47e elementor-section-boxed elementor-section-height-default elementor-section-height-default\" data-id=\"fbcf47e\" data-element_type=\"section\" data-e-type=\"section\" data-settings=\"{&quot;background_background&quot;:&quot;classic&quot;}\">\n\t\t\t\t\t\t<div class=\"elementor-container elementor-column-gap-default\">\n\t\t\t\t\t<div class=\"elementor-column elementor-col-100 elementor-top-column elementor-element elementor-element-2e88c7a\" data-id=\"2e88c7a\" data-element_type=\"column\" data-e-type=\"column\">\n\t\t\t<div class=\"elementor-widget-wrap elementor-element-populated\">\n\t\t\t\t\t\t<div class=\"elementor-element elementor-element-3e717c2 elementor-widget elementor-widget-heading\" data-id=\"3e717c2\" data-element_type=\"widget\" data-e-type=\"widget\" data-widget_type=\"heading.default\">\n\t\t\t\t<div class=\"elementor-widget-container\">\n\t\t\t\t\t<h1 class=\"elementor-heading-title elementor-size-default\">D\u00e9couvrez Renault Service<\/h1>\t\t\t\t<\/div>\n\t\t\t\t<\/div>\n\t\t\t\t<div class=\"elementor-element elementor-element-7695407 elementor-widget elementor-widget-text-editor\" data-id=\"7695407\" data-element_type=\"widget\" data-e-type=\"widget\" data-widget_type=\"text-editor.default\">\n\t\t\t\t<div class=\"elementor-widget-container\">\n\t\t\t\t\t\t\t\t\t<p>Proximit\u00e9, rapidit\u00e9, qualit\u00e9 et fiabilit\u00e9: voici les quatre piliers de l\u2019activit\u00e9 de notre \u00e9quipe.<\/p>\t\t\t\t\t\t\t\t<\/div>\n\t\t\t\t<\/div>\n\t\t\t\t\t<\/div>\n\t\t<\/div>\n\t\t\t\t\t<\/div>\n\t\t<\/section>\n\t\t\t\t<section class=\"elementor-section elementor-top-section elementor-element elementor-element-473425f elementor-section-boxed elementor-section-height-default elementor-section-height-default\" data-id=\"473425f\" data-element_type=\"section\" data-e-type=\"section\">\n\t\t\t\t\t\t<div class=\"elementor-container elementor-column-gap-default\">\n\t\t\t\t\t<div class=\"elementor-column elementor-col-100 elementor-top-column elementor-element elementor-element-725a911\" data-id=\"725a911\" data-element_type=\"column\" data-e-type=\"column\">\n\t\t\t<div class=\"elementor-widget-wrap elementor-element-populated\">\n\t\t\t\t\t\t<div class=\"elementor-element elementor-element-0061be6 elementor-widget elementor-widget-breadcrumbs\" data-id=\"0061be6\" data-element_type=\"widget\" data-e-type=\"widget\" data-widget_type=\"breadcrumbs.default\">\n\t\t\t\t<div class=\"elementor-widget-container\">\n\t\t\t\t\t<p id=\"breadcrumbs\"><span><span><a href=\"https:\/\/rrgsuisse.ch\/fr\">Home<\/a><\/span><\/span><\/p>\t\t\t\t<\/div>\n\t\t\t\t<\/div>\n\t\t\t\t\t<\/div>\n\t\t<\/div>\n\t\t\t\t\t<\/div>\n\t\t<\/section>\n\t\t\t\t<section class=\"elementor-section elementor-top-section elementor-element elementor-element-c9cc522 elementor-section-boxed elementor-section-height-default elementor-section-height-default\" data-id=\"c9cc522\" data-element_type=\"section\" data-e-type=\"section\">\n\t\t\t\t\t\t<div class=\"elementor-container elementor-column-gap-default\">\n\t\t\t\t\t<div class=\"elementor-column elementor-col-100 elementor-top-column elementor-element elementor-element-e5e76ac\" data-id=\"e5e76ac\" data-element_type=\"column\" data-e-type=\"column\">\n\t\t\t<div class=\"elementor-widget-wrap elementor-element-populated\">\n\t\t\t\t\t\t<div class=\"elementor-element elementor-element-c4bbd80 elementor-widget elementor-widget-heading\" data-id=\"c4bbd80\" data-element_type=\"widget\" data-e-type=\"widget\" data-widget_type=\"heading.default\">\n\t\t\t\t<div class=\"elementor-widget-container\">\n\t\t\t\t\t<h2 class=\"elementor-heading-title elementor-size-default\">La promesse de notre r\u00e9seau de <br> concessionnaires<\/h2>\t\t\t\t<\/div>\n\t\t\t\t<\/div>\n\t\t\t\t<section class=\"elementor-section elementor-inner-section elementor-element elementor-element-8fc89ea elementor-section-boxed elementor-section-height-default elementor-section-height-default\" data-id=\"8fc89ea\" data-element_type=\"section\" data-e-type=\"section\">\n\t\t\t\t\t\t<div class=\"elementor-container elementor-column-gap-default\">\n\t\t\t\t\t<div class=\"elementor-column elementor-col-50 elementor-inner-column elementor-element elementor-element-f307faa\" data-id=\"f307faa\" data-element_type=\"column\" data-e-type=\"column\">\n\t\t\t<div class=\"elementor-widget-wrap elementor-element-populated\">\n\t\t\t\t\t\t<div class=\"elementor-element elementor-element-cb6eb20 elementor-widget elementor-widget-image\" data-id=\"cb6eb20\" data-element_type=\"widget\" data-e-type=\"widget\" data-widget_type=\"image.default\">\n\t\t\t\t<div class=\"elementor-widget-container\">\n\t\t\t\t\t\t\t\t\t\t\t\t\t\t\t<img fetchpriority=\"high\" decoding=\"async\" width=\"800\" height=\"450\" src=\"https:\/\/rrgsuisse.ch\/wp-content\/uploads\/2025\/04\/confiance-1024x576.webp\" class=\"attachment-large size-large wp-image-43472\" alt=\"\" srcset=\"https:\/\/rrgsuisse.ch\/wp-content\/uploads\/2025\/04\/confiance-1024x576.webp 1024w, https:\/\/rrgsuisse.ch\/wp-content\/uploads\/2025\/04\/confiance-300x169.webp 300w, https:\/\/rrgsuisse.ch\/wp-content\/uploads\/2025\/04\/confiance-768x432.webp 768w, https:\/\/rrgsuisse.ch\/wp-content\/uploads\/2025\/04\/confiance-1536x864.webp 1536w, https:\/\/rrgsuisse.ch\/wp-content\/uploads\/2025\/04\/confiance-2048x1152.webp 2048w\" sizes=\"(max-width: 800px) 100vw, 800px\" \/>\t\t\t\t\t\t\t\t\t\t\t\t\t\t\t<\/div>\n\t\t\t\t<\/div>\n\t\t\t\t\t<\/div>\n\t\t<\/div>\n\t\t\t\t<div class=\"elementor-column elementor-col-50 elementor-inner-column elementor-element elementor-element-82469c4\" data-id=\"82469c4\" data-element_type=\"column\" data-e-type=\"column\">\n\t\t\t<div class=\"elementor-widget-wrap elementor-element-populated\">\n\t\t\t\t\t\t<div class=\"elementor-element elementor-element-ad25bd7 elementor-widget elementor-widget-heading\" data-id=\"ad25bd7\" data-element_type=\"widget\" data-e-type=\"widget\" data-widget_type=\"heading.default\">\n\t\t\t\t<div class=\"elementor-widget-container\">\n\t\t\t\t\t<h3 class=\"elementor-heading-title elementor-size-default\">La confiance est au premier plan<\/h3>\t\t\t\t<\/div>\n\t\t\t\t<\/div>\n\t\t\t\t<div class=\"elementor-element elementor-element-4f9ec46 elementor-widget elementor-widget-text-editor\" data-id=\"4f9ec46\" data-element_type=\"widget\" data-e-type=\"widget\" data-widget_type=\"text-editor.default\">\n\t\t\t\t<div class=\"elementor-widget-container\">\n\t\t\t\t\t\t\t\t\t<ul><li>Une offre claire et transparente avant la r\u00e9alisation des travaux<\/li><li>Une solution adapt\u00e9e \u00e0 l\u2019\u00e2ge de votre v\u00e9hicule<\/li><li>Montage des pi\u00e8ces avec la garantie Renault<\/li><li>Informations pr\u00e9cises sur l\u2019avancement des travaux sur votre Renault<\/li><li>Pas de frais pour les travaux r\u00e9alis\u00e9s sans votre accord<\/li><li>Une solution de remplacement pour que vous restiez mobile<\/li><li>1 an de garantie sur pi\u00e8ces et main-d\u2019\u0153uvre pour les travaux r\u00e9alis\u00e9s dans notre r\u00e9seau de concessionnaires<\/li><li>Votre v\u00e9hicule vous est rendu \u00e0 la date et au prix convenus<\/li><\/ul>\t\t\t\t\t\t\t\t<\/div>\n\t\t\t\t<\/div>\n\t\t\t\t\t<\/div>\n\t\t<\/div>\n\t\t\t\t\t<\/div>\n\t\t<\/section>\n\t\t\t\t\t<\/div>\n\t\t<\/div>\n\t\t\t\t\t<\/div>\n\t\t<\/section>\n\t\t\t\t<section class=\"elementor-section elementor-top-section elementor-element elementor-element-85292c6 elementor-section-boxed elementor-section-height-default elementor-section-height-default\" data-id=\"85292c6\" data-element_type=\"section\" data-e-type=\"section\">\n\t\t\t\t\t\t<div class=\"elementor-container elementor-column-gap-default\">\n\t\t\t\t\t<div class=\"elementor-column elementor-col-100 elementor-top-column elementor-element elementor-element-3675926\" data-id=\"3675926\" data-element_type=\"column\" data-e-type=\"column\">\n\t\t\t<div class=\"elementor-widget-wrap elementor-element-populated\">\n\t\t\t\t\t\t<div class=\"elementor-element elementor-element-bb78121 elementor-widget elementor-widget-heading\" data-id=\"bb78121\" data-element_type=\"widget\" data-e-type=\"widget\" data-widget_type=\"heading.default\">\n\t\t\t\t<div class=\"elementor-widget-container\">\n\t\t\t\t\t<h2 class=\"elementor-heading-title elementor-size-default\">Pi\u00e8ces d\u2019origine Renault<\/h2>\t\t\t\t<\/div>\n\t\t\t\t<\/div>\n\t\t\t\t<section class=\"elementor-section elementor-inner-section elementor-element elementor-element-2ea03d4 elementor-section-boxed elementor-section-height-default elementor-section-height-default\" data-id=\"2ea03d4\" data-element_type=\"section\" data-e-type=\"section\">\n\t\t\t\t\t\t<div class=\"elementor-container elementor-column-gap-default\">\n\t\t\t\t\t<div class=\"elementor-column elementor-col-50 elementor-inner-column elementor-element elementor-element-4d2a028\" data-id=\"4d2a028\" data-element_type=\"column\" data-e-type=\"column\">\n\t\t\t<div class=\"elementor-widget-wrap elementor-element-populated\">\n\t\t\t\t\t\t<div class=\"elementor-element elementor-element-d63a9c1 elementor-widget elementor-widget-heading\" data-id=\"d63a9c1\" data-element_type=\"widget\" data-e-type=\"widget\" data-widget_type=\"heading.default\">\n\t\t\t\t<div class=\"elementor-widget-container\">\n\t\t\t\t\t<h3 class=\"elementor-heading-title elementor-size-default\">Les garanties de nos packs \u00abpi\u00e8ces d\u2019origine\u00bb pour votre v\u00e9hicule Renault<\/h3>\t\t\t\t<\/div>\n\t\t\t\t<\/div>\n\t\t\t\t<div class=\"elementor-element elementor-element-ade1fe6 elementor-widget elementor-widget-text-editor\" data-id=\"ade1fe6\" data-element_type=\"widget\" data-e-type=\"widget\" data-widget_type=\"text-editor.default\">\n\t\t\t\t<div class=\"elementor-widget-container\">\n\t\t\t\t\t\t\t\t\t<ul><li style=\"text-align: left;\"><b>S\u00e9curit\u00e9:<\/b>\u00a05000 tests par an pour garantir la qualit\u00e9 des pi\u00e8ces Renault d\u2019origine,<\/li><li style=\"text-align: left;\"><b>Environnement:<\/b>\u00a0mat\u00e9riaux recycl\u00e9s ou choisis pour leur capacit\u00e9 \u00e0 se recycler,<\/li><li style=\"text-align: left;\"><b>Innovation:<\/b>\u00a0700 brevets sont d\u00e9pos\u00e9s chaque ann\u00e9e pour offrir les solutions les plus efficaces \u00e0 votre Renault,<\/li><li style=\"text-align: left;\"><b>Qualit\u00e9:<\/b>\u00a0600 ing\u00e9nieurs et techniciens mettent au point les mat\u00e9riaux et proc\u00e9d\u00e9s de fabrication les plus haut de gamme,<\/li><li style=\"text-align: left;\"><b>Design:<\/b>\u00a0un travail en harmonie avec l\u2019esth\u00e9tisme et l\u2019a\u00e9rodynamisme de votre Renault,<\/li><li style=\"text-align: left;\"><b>Service:\u00a0<\/b>1 an de garantie sur pi\u00e8ces et main-d\u2019\u0153uvre pour les travaux r\u00e9alis\u00e9s dans nos ateliers + 12 ans de garantie anti-corrosion pour toutes les pi\u00e8ces en t\u00f4le de votre Renault.<\/li><\/ul>\t\t\t\t\t\t\t\t<\/div>\n\t\t\t\t<\/div>\n\t\t\t\t\t<\/div>\n\t\t<\/div>\n\t\t\t\t<div class=\"elementor-column elementor-col-50 elementor-inner-column elementor-element elementor-element-9c65001\" data-id=\"9c65001\" data-element_type=\"column\" data-e-type=\"column\">\n\t\t\t<div class=\"elementor-widget-wrap elementor-element-populated\">\n\t\t\t\t\t\t<div class=\"elementor-element elementor-element-92f65e4 elementor-widget elementor-widget-image\" data-id=\"92f65e4\" data-element_type=\"widget\" data-e-type=\"widget\" data-widget_type=\"image.default\">\n\t\t\t\t<div class=\"elementor-widget-container\">\n\t\t\t\t\t\t\t\t\t\t\t\t\t\t\t<img decoding=\"async\" width=\"800\" height=\"450\" src=\"https:\/\/rrgsuisse.ch\/wp-content\/uploads\/2025\/04\/piece-origine-1024x576.webp\" class=\"attachment-large size-large wp-image-43474\" alt=\"\" srcset=\"https:\/\/rrgsuisse.ch\/wp-content\/uploads\/2025\/04\/piece-origine-1024x576.webp 1024w, https:\/\/rrgsuisse.ch\/wp-content\/uploads\/2025\/04\/piece-origine-300x169.webp 300w, https:\/\/rrgsuisse.ch\/wp-content\/uploads\/2025\/04\/piece-origine-768x432.webp 768w, https:\/\/rrgsuisse.ch\/wp-content\/uploads\/2025\/04\/piece-origine-1536x864.webp 1536w, https:\/\/rrgsuisse.ch\/wp-content\/uploads\/2025\/04\/piece-origine-2048x1152.webp 2048w\" sizes=\"(max-width: 800px) 100vw, 800px\" \/>\t\t\t\t\t\t\t\t\t\t\t\t\t\t\t<\/div>\n\t\t\t\t<\/div>\n\t\t\t\t\t<\/div>\n\t\t<\/div>\n\t\t\t\t\t<\/div>\n\t\t<\/section>\n\t\t\t\t\t<\/div>\n\t\t<\/div>\n\t\t\t\t\t<\/div>\n\t\t<\/section>\n\t\t\t\t<section class=\"elementor-section elementor-top-section elementor-element elementor-element-34d4627 elementor-section-boxed elementor-section-height-default elementor-section-height-default\" data-id=\"34d4627\" data-element_type=\"section\" data-e-type=\"section\">\n\t\t\t\t\t\t<div class=\"elementor-container elementor-column-gap-default\">\n\t\t\t\t\t<div class=\"elementor-column elementor-col-100 elementor-top-column elementor-element elementor-element-1d6829e\" data-id=\"1d6829e\" data-element_type=\"column\" data-e-type=\"column\">\n\t\t\t<div class=\"elementor-widget-wrap elementor-element-populated\">\n\t\t\t\t\t\t<div class=\"elementor-element elementor-element-68f5cc2 elementor-align-center elementor-widget elementor-widget-button\" data-id=\"68f5cc2\" data-element_type=\"widget\" data-e-type=\"widget\" data-widget_type=\"button.default\">\n\t\t\t\t<div class=\"elementor-widget-container\">\n\t\t\t\t\t\t\t\t\t<div class=\"elementor-button-wrapper\">\n\t\t\t\t\t<a class=\"elementor-button elementor-button-link elementor-size-sm\" href=\"https:\/\/rrgsuisse.ch\/fr\/concessions-renault\" target=\"_blank\">\n\t\t\t\t\t\t<span class=\"elementor-button-content-wrapper\">\n\t\t\t\t\t\t\t\t\t<span class=\"elementor-button-text\">trouvez votre concessionnaire<\/span>\n\t\t\t\t\t<\/span>\n\t\t\t\t\t<\/a>\n\t\t\t\t<\/div>\n\t\t\t\t\t\t\t\t<\/div>\n\t\t\t\t<\/div>\n\t\t\t\t\t<\/div>\n\t\t<\/div>\n\t\t\t\t\t<\/div>\n\t\t<\/section>\n\t\t\t\t<\/div>\n\t\t","protected":false},"excerpt":{"rendered":"<p>D\u00e9couvrez Renault Service Proximit\u00e9, rapidit\u00e9, qualit\u00e9 et fiabilit\u00e9: voici les quatre piliers de l\u2019activit\u00e9 de notre \u00e9quipe. La promesse de notre r\u00e9seau de concessionnaires La confiance est au premier plan Une offre claire et transparente avant la r\u00e9alisation des travaux Une solution adapt\u00e9e \u00e0 l\u2019\u00e2ge de votre v\u00e9hicule Montage des pi\u00e8ces avec la garantie Renault [&hellip;]<\/p>\n","protected":false},"author":1,"featured_media":0,"parent":34063,"menu_order":0,"comment_status":"closed","ping_status":"closed","template":"","meta":{"_acf_changed":false,"footnotes":""},"categories":[88],"tags":[],"class_list":["post-43434","page","type-page","status-publish","hentry","category-headerfooter-renault"],"acf":[],"yoast_head":"<!-- This site is optimized with the Yoast SEO plugin v27.6 - https:\/\/yoast.com\/product\/yoast-seo-wordpress\/ -->\n<title>Contrat de service PRO+ - RRG Suisse<\/title>\n<meta name=\"robots\" content=\"index, follow, max-snippet:-1, max-image-preview:large, max-video-preview:-1\" \/>\n<link rel=\"canonical\" href=\"https:\/\/rrgsuisse.ch\/fr\/vehicules-neufs\/gamme-vehicules-neufs-renault\/contrat-de-service-pro\" \/>\n<meta property=\"og:locale\" content=\"fr_FR\" \/>\n<meta property=\"og:type\" content=\"article\" \/>\n<meta property=\"og:title\" content=\"Contrat de service PRO+ - RRG Suisse\" \/>\n<meta property=\"og:description\" content=\"D\u00e9couvrez Renault Service Proximit\u00e9, rapidit\u00e9, qualit\u00e9 et fiabilit\u00e9: voici les quatre piliers de l\u2019activit\u00e9 de notre \u00e9quipe. La promesse de notre r\u00e9seau de concessionnaires La confiance est au premier plan Une offre claire et transparente avant la r\u00e9alisation des travaux Une solution adapt\u00e9e \u00e0 l\u2019\u00e2ge de votre v\u00e9hicule Montage des pi\u00e8ces avec la garantie Renault [&hellip;]\" \/>\n<meta property=\"og:url\" content=\"https:\/\/rrgsuisse.ch\/fr\/vehicules-neufs\/gamme-vehicules-neufs-renault\/contrat-de-service-pro\" \/>\n<meta property=\"og:site_name\" content=\"RRG Suisse\" \/>\n<meta property=\"article:modified_time\" content=\"2025-04-25T13:37:26+00:00\" \/>\n<meta property=\"og:image\" content=\"https:\/\/rrgsuisse.ch\/wp-content\/uploads\/2025\/04\/confiance.webp\" \/>\n\t<meta property=\"og:image:width\" content=\"2560\" \/>\n\t<meta property=\"og:image:height\" content=\"1440\" \/>\n\t<meta property=\"og:image:type\" content=\"image\/webp\" \/>\n<meta name=\"twitter:card\" content=\"summary_large_image\" \/>\n<meta name=\"twitter:label1\" content=\"Est. reading time\" \/>\n\t<meta name=\"twitter:data1\" content=\"2 minutes\" \/>\n<script type=\"application\/ld+json\" class=\"yoast-schema-graph\">{\"@context\":\"https:\\\/\\\/schema.org\",\"@graph\":[{\"@type\":\"WebPage\",\"@id\":\"https:\\\/\\\/rrgsuisse.ch\\\/fr\\\/vehicules-neufs\\\/gamme-vehicules-neufs-renault\\\/contrat-de-service-pro\",\"url\":\"https:\\\/\\\/rrgsuisse.ch\\\/fr\\\/vehicules-neufs\\\/gamme-vehicules-neufs-renault\\\/contrat-de-service-pro\",\"name\":\"Contrat de service PRO+ - RRG Suisse\",\"isPartOf\":{\"@id\":\"https:\\\/\\\/rrgsuisse.ch\\\/fr\\\/#website\"},\"primaryImageOfPage\":{\"@id\":\"https:\\\/\\\/rrgsuisse.ch\\\/fr\\\/vehicules-neufs\\\/gamme-vehicules-neufs-renault\\\/contrat-de-service-pro#primaryimage\"},\"image\":{\"@id\":\"https:\\\/\\\/rrgsuisse.ch\\\/fr\\\/vehicules-neufs\\\/gamme-vehicules-neufs-renault\\\/contrat-de-service-pro#primaryimage\"},\"thumbnailUrl\":\"https:\\\/\\\/rrgsuisse.ch\\\/wp-content\\\/uploads\\\/2025\\\/04\\\/confiance-1024x576.webp\",\"datePublished\":\"2025-04-24T12:57:21+00:00\",\"dateModified\":\"2025-04-25T13:37:26+00:00\",\"breadcrumb\":{\"@id\":\"https:\\\/\\\/rrgsuisse.ch\\\/fr\\\/vehicules-neufs\\\/gamme-vehicules-neufs-renault\\\/contrat-de-service-pro#breadcrumb\"},\"inLanguage\":\"fr-CH\",\"potentialAction\":[{\"@type\":\"ReadAction\",\"target\":[\"https:\\\/\\\/rrgsuisse.ch\\\/fr\\\/vehicules-neufs\\\/gamme-vehicules-neufs-renault\\\/contrat-de-service-pro\"]}]},{\"@type\":\"ImageObject\",\"inLanguage\":\"fr-CH\",\"@id\":\"https:\\\/\\\/rrgsuisse.ch\\\/fr\\\/vehicules-neufs\\\/gamme-vehicules-neufs-renault\\\/contrat-de-service-pro#primaryimage\",\"url\":\"https:\\\/\\\/rrgsuisse.ch\\\/wp-content\\\/uploads\\\/2025\\\/04\\\/confiance-1024x576.webp\",\"contentUrl\":\"https:\\\/\\\/rrgsuisse.ch\\\/wp-content\\\/uploads\\\/2025\\\/04\\\/confiance-1024x576.webp\"},{\"@type\":\"BreadcrumbList\",\"@id\":\"https:\\\/\\\/rrgsuisse.ch\\\/fr\\\/vehicules-neufs\\\/gamme-vehicules-neufs-renault\\\/contrat-de-service-pro#breadcrumb\",\"itemListElement\":[{\"@type\":\"ListItem\",\"position\":1,\"name\":\"Home\",\"item\":\"https:\\\/\\\/rrgsuisse.ch\\\/fr\"},{\"@type\":\"ListItem\",\"position\":2,\"name\":\"V\u00e9hicules neufs\",\"item\":\"https:\\\/\\\/rrgsuisse.ch\\\/fr\\\/vehicules-neufs\"},{\"@type\":\"ListItem\",\"position\":3,\"name\":\"Gamme V\u00e9hicules neufs Renault\",\"item\":\"https:\\\/\\\/rrgsuisse.ch\\\/fr\\\/neuwagen\\\/renault-neuwagen-modellpalette\"},{\"@type\":\"ListItem\",\"position\":4,\"name\":\"Contrat de service PRO+\"}]},{\"@type\":\"WebSite\",\"@id\":\"https:\\\/\\\/rrgsuisse.ch\\\/fr\\\/#website\",\"url\":\"https:\\\/\\\/rrgsuisse.ch\\\/fr\\\/\",\"name\":\"RRG Suisse\",\"description\":\"Retail Renault Group - Revendeur officiel Renault, Dacia, Nissan\",\"potentialAction\":[{\"@type\":\"SearchAction\",\"target\":{\"@type\":\"EntryPoint\",\"urlTemplate\":\"https:\\\/\\\/rrgsuisse.ch\\\/fr\\\/?s={search_term_string}\"},\"query-input\":{\"@type\":\"PropertyValueSpecification\",\"valueRequired\":true,\"valueName\":\"search_term_string\"}}],\"inLanguage\":\"fr-CH\"}]}<\/script>\n<!-- \/ Yoast SEO plugin. -->","yoast_head_json":{"title":"Contrat de service PRO+ - RRG Suisse","robots":{"index":"index","follow":"follow","max-snippet":"max-snippet:-1","max-image-preview":"max-image-preview:large","max-video-preview":"max-video-preview:-1"},"canonical":"https:\/\/rrgsuisse.ch\/fr\/vehicules-neufs\/gamme-vehicules-neufs-renault\/contrat-de-service-pro","og_locale":"fr_FR","og_type":"article","og_title":"Contrat de service PRO+ - RRG Suisse","og_description":"D\u00e9couvrez Renault Service Proximit\u00e9, rapidit\u00e9, qualit\u00e9 et fiabilit\u00e9: voici les quatre piliers de l\u2019activit\u00e9 de notre \u00e9quipe. La promesse de notre r\u00e9seau de concessionnaires La confiance est au premier plan Une offre claire et transparente avant la r\u00e9alisation des travaux Une solution adapt\u00e9e \u00e0 l\u2019\u00e2ge de votre v\u00e9hicule Montage des pi\u00e8ces avec la garantie Renault [&hellip;]","og_url":"https:\/\/rrgsuisse.ch\/fr\/vehicules-neufs\/gamme-vehicules-neufs-renault\/contrat-de-service-pro","og_site_name":"RRG Suisse","article_modified_time":"2025-04-25T13:37:26+00:00","og_image":[{"width":2560,"height":1440,"url":"https:\/\/rrgsuisse.ch\/wp-content\/uploads\/2025\/04\/confiance.webp","type":"image\/webp"}],"twitter_card":"summary_large_image","twitter_misc":{"Est. reading time":"2 minutes"},"schema":{"@context":"https:\/\/schema.org","@graph":[{"@type":"WebPage","@id":"https:\/\/rrgsuisse.ch\/fr\/vehicules-neufs\/gamme-vehicules-neufs-renault\/contrat-de-service-pro","url":"https:\/\/rrgsuisse.ch\/fr\/vehicules-neufs\/gamme-vehicules-neufs-renault\/contrat-de-service-pro","name":"Contrat de service PRO+ - RRG Suisse","isPartOf":{"@id":"https:\/\/rrgsuisse.ch\/fr\/#website"},"primaryImageOfPage":{"@id":"https:\/\/rrgsuisse.ch\/fr\/vehicules-neufs\/gamme-vehicules-neufs-renault\/contrat-de-service-pro#primaryimage"},"image":{"@id":"https:\/\/rrgsuisse.ch\/fr\/vehicules-neufs\/gamme-vehicules-neufs-renault\/contrat-de-service-pro#primaryimage"},"thumbnailUrl":"https:\/\/rrgsuisse.ch\/wp-content\/uploads\/2025\/04\/confiance-1024x576.webp","datePublished":"2025-04-24T12:57:21+00:00","dateModified":"2025-04-25T13:37:26+00:00","breadcrumb":{"@id":"https:\/\/rrgsuisse.ch\/fr\/vehicules-neufs\/gamme-vehicules-neufs-renault\/contrat-de-service-pro#breadcrumb"},"inLanguage":"fr-CH","potentialAction":[{"@type":"ReadAction","target":["https:\/\/rrgsuisse.ch\/fr\/vehicules-neufs\/gamme-vehicules-neufs-renault\/contrat-de-service-pro"]}]},{"@type":"ImageObject","inLanguage":"fr-CH","@id":"https:\/\/rrgsuisse.ch\/fr\/vehicules-neufs\/gamme-vehicules-neufs-renault\/contrat-de-service-pro#primaryimage","url":"https:\/\/rrgsuisse.ch\/wp-content\/uploads\/2025\/04\/confiance-1024x576.webp","contentUrl":"https:\/\/rrgsuisse.ch\/wp-content\/uploads\/2025\/04\/confiance-1024x576.webp"},{"@type":"BreadcrumbList","@id":"https:\/\/rrgsuisse.ch\/fr\/vehicules-neufs\/gamme-vehicules-neufs-renault\/contrat-de-service-pro#breadcrumb","itemListElement":[{"@type":"ListItem","position":1,"name":"Home","item":"https:\/\/rrgsuisse.ch\/fr"},{"@type":"ListItem","position":2,"name":"V\u00e9hicules neufs","item":"https:\/\/rrgsuisse.ch\/fr\/vehicules-neufs"},{"@type":"ListItem","position":3,"name":"Gamme V\u00e9hicules neufs Renault","item":"https:\/\/rrgsuisse.ch\/fr\/neuwagen\/renault-neuwagen-modellpalette"},{"@type":"ListItem","position":4,"name":"Contrat de service PRO+"}]},{"@type":"WebSite","@id":"https:\/\/rrgsuisse.ch\/fr\/#website","url":"https:\/\/rrgsuisse.ch\/fr\/","name":"RRG Suisse","description":"Retail Renault Group - Revendeur officiel Renault, Dacia, Nissan","potentialAction":[{"@type":"SearchAction","target":{"@type":"EntryPoint","urlTemplate":"https:\/\/rrgsuisse.ch\/fr\/?s={search_term_string}"},"query-input":{"@type":"PropertyValueSpecification","valueRequired":true,"valueName":"search_term_string"}}],"inLanguage":"fr-CH"}]}},"wpml_current_locale":"fr_CH","wpml_translations":{"de_CH":{"locale":"de_CH","id":43435,"slug":"servicevertrag-pro","post_title":"Servicevertrag PRO+","href":"https:\/\/rrgsuisse.ch\/de\/neuwagen\/renault-neuwagen-modellpalette\/servicevertrag-pro"}},"_links":{"self":[{"href":"https:\/\/rrgsuisse.ch\/fr\/wp-json\/wp\/v2\/pages\/43434","targetHints":{"allow":["GET"]}}],"collection":[{"href":"https:\/\/rrgsuisse.ch\/fr\/wp-json\/wp\/v2\/pages"}],"about":[{"href":"https:\/\/rrgsuisse.ch\/fr\/wp-json\/wp\/v2\/types\/page"}],"author":[{"embeddable":true,"href":"https:\/\/rrgsuisse.ch\/fr\/wp-json\/wp\/v2\/users\/1"}],"replies":[{"embeddable":true,"href":"https:\/\/rrgsuisse.ch\/fr\/wp-json\/wp\/v2\/comments?post=43434"}],"version-history":[{"count":16,"href":"https:\/\/rrgsuisse.ch\/fr\/wp-json\/wp\/v2\/pages\/43434\/revisions"}],"predecessor-version":[{"id":43532,"href":"https:\/\/rrgsuisse.ch\/fr\/wp-json\/wp\/v2\/pages\/43434\/revisions\/43532"}],"up":[{"embeddable":true,"href":"https:\/\/rrgsuisse.ch\/fr\/wp-json\/wp\/v2\/pages\/34063"}],"wp:attachment":[{"href":"https:\/\/rrgsuisse.ch\/fr\/wp-json\/wp\/v2\/media?parent=43434"}],"wp:term":[{"taxonomy":"category","embeddable":true,"href":"https:\/\/rrgsuisse.ch\/fr\/wp-json\/wp\/v2\/categories?post=43434"},{"taxonomy":"post_tag","embeddable":true,"href":"https:\/\/rrgsuisse.ch\/fr\/wp-json\/wp\/v2\/tags?post=43434"}],"curies":[{"name":"wp","href":"https:\/\/api.w.org\/{rel}","templated":true}]}}