{"id":45571,"date":"2025-08-22T15:07:39","date_gmt":"2025-08-22T13:07:39","guid":{"rendered":"https:\/\/rrgsuisse.ch\/?page_id=45571"},"modified":"2025-08-22T15:24:47","modified_gmt":"2025-08-22T13:24:47","slug":"accessibilite","status":"publish","type":"page","link":"https:\/\/rrgsuisse.ch\/fr\/accessibilite","title":{"rendered":"Accesibilit\u00e9"},"content":{"rendered":"\t\t<div data-elementor-type=\"wp-page\" data-elementor-id=\"45571\" class=\"elementor elementor-45571\" data-elementor-post-type=\"page\">\n\t\t\t\t\t\t<section class=\"elementor-section elementor-top-section elementor-element elementor-element-016982d elementor-section-boxed elementor-section-height-default elementor-section-height-default\" data-id=\"016982d\" data-element_type=\"section\" data-e-type=\"section\">\n\t\t\t\t\t\t<div class=\"elementor-container elementor-column-gap-default\">\n\t\t\t\t\t<div class=\"elementor-column elementor-col-100 elementor-top-column elementor-element elementor-element-efa3f2b\" data-id=\"efa3f2b\" data-element_type=\"column\" data-e-type=\"column\">\n\t\t\t<div class=\"elementor-widget-wrap elementor-element-populated\">\n\t\t\t\t\t\t<div class=\"elementor-element elementor-element-0cac094 elementor-widget elementor-widget-heading\" data-id=\"0cac094\" data-element_type=\"widget\" data-e-type=\"widget\" data-widget_type=\"heading.default\">\n\t\t\t\t<div class=\"elementor-widget-container\">\n\t\t\t\t\t<h2 class=\"elementor-heading-title elementor-size-default\">Accessibilit\u00e9<\/h2>\t\t\t\t<\/div>\n\t\t\t\t<\/div>\n\t\t\t\t\t<\/div>\n\t\t<\/div>\n\t\t\t\t\t<\/div>\n\t\t<\/section>\n\t\t\t\t<section class=\"elementor-section elementor-top-section elementor-element elementor-element-16a9d4b elementor-section-boxed elementor-section-height-default elementor-section-height-default\" data-id=\"16a9d4b\" data-element_type=\"section\" data-e-type=\"section\">\n\t\t\t\t\t\t<div class=\"elementor-container elementor-column-gap-default\">\n\t\t\t\t\t<div class=\"elementor-column elementor-col-100 elementor-top-column elementor-element elementor-element-1ee10bd\" data-id=\"1ee10bd\" data-element_type=\"column\" data-e-type=\"column\">\n\t\t\t<div class=\"elementor-widget-wrap elementor-element-populated\">\n\t\t\t\t\t\t<div class=\"elementor-element elementor-element-58444af elementor-widget elementor-widget-text-editor\" data-id=\"58444af\" data-element_type=\"widget\" data-e-type=\"widget\" data-widget_type=\"text-editor.default\">\n\t\t\t\t<div class=\"elementor-widget-container\">\n\t\t\t\t\t\t\t\t\t<div class=\"EditorialContentZone\"><div class=\"NormalizedSlice is-default-padding\"><div class=\"ComponentD7v0 is-font-xlarge\"><div class=\"AemRte\"><p data-start=\"147\" data-end=\"423\">Nous nous engageons \u00e0 nous efforcer de rendre notre site accessible \u00e0 tous, conform\u00e9ment aux exigences de l\u2019<strong data-start=\"255\" data-end=\"291\">European Accessibility Act (EAA)<\/strong> et aux dispositions de la <strong data-start=\"318\" data-end=\"420\">loi f\u00e9d\u00e9rale sur l\u2019\u00e9limination des in\u00e9galit\u00e9s frappant les personnes handicap\u00e9es (LHand, RS 151.3)<\/strong>.<\/p><p data-start=\"425\" data-end=\"549\">Pour ce faire, nous avons entrepris d\u2019auditer notre site afin d\u2019identifier les axes d\u2019am\u00e9lioration et les mettre en \u0153uvre.<\/p><p data-start=\"551\" data-end=\"683\">Si vous rencontrez des difficult\u00e9s ou souhaitez nous faire part d\u2019une suggestion, contactez-nous \u00e0 : <a class=\"_mizu194a _1ah31bk5 _ra3xnqa1 _128m1bk5 _1cvmnqa1 _4davt94y _4bfu1r31 _1hms8stv _ajmmnqa1 _vchhusvi _syaz14q2 _ect41gqc _1a3b1r31 _4fpr8stv _5goinqa1 _f8pj14q2 _9oik1r31 _1bnxglyw _jf4cnqa1 _30l314q2 _1nrm1r31 _c2waglyw _1iohnqa1 _9h8h16c2 _1053w7te _1ienw7te _n0fxw7te _1vhvg3x0\" title=\"mailto:rrg.oneteam@renault.ch\" href=\"mailto:rrg.oneteam@renault.ch\" data-renderer-mark=\"true\" data-is-router-link=\"false\" data-testid=\"link-with-safety\"><strong>rrg.oneteam@renault.ch<\/strong><\/a><\/p><p data-start=\"551\" data-end=\"683\">\u00a0<\/p><p>Voies de recours :<\/p><p>Si vous constatez un d\u00e9faut d&#8217;accessibilit\u00e9 vous emp\u00eachant d&#8217;acc\u00e9der \u00e0 un contenu, un service ou une fonctionnalit\u00e9 sur notre site internet, que vous nous le signalez et que vous ne parvenez pas \u00e0 obtenir une r\u00e9ponse satisfaisante de notre part, vous pouvez contacter le <strong data-start=\"987\" data-end=\"1056\">Bureau f\u00e9d\u00e9ral de l\u2019\u00e9galit\u00e9 pour les personnes handicap\u00e9es (BFEH)<\/strong> en utilisant l\u2019un des moyens suivants :<\/p><ul><li>Consulter le site du <a class=\"decorated-link cursor-pointer\" href=\"https:\/\/www.edi.admin.ch\/edi\/fr\/home\/fachstellen\/bfeh.html\" target=\"_blank\" rel=\"noopener\" data-start=\"1123\" data-end=\"1189\">BFEH<\/a><\/li><li>Envoyer un message via le <a class=\"decorated-link cursor-pointer\" href=\"https:\/\/www.edi.admin.ch\/edi\/fr\/home\/fachstellen\/bfeh\/kontakt.html\" target=\"_blank\" rel=\"noopener\" data-start=\"1220\" data-end=\"1319\">formulaire de contact du BFEH<\/a><\/li><li>Envoyer un email \u00e0 l&#8217;adresse suivante : <a class=\"_mizu194a _1ah31bk5 _ra3xnqa1 _128m1bk5 _1cvmnqa1 _4davt94y _4bfu1r31 _1hms8stv _ajmmnqa1 _vchhusvi _syaz14q2 _ect41gqc _1a3b1r31 _4fpr8stv _5goinqa1 _f8pj14q2 _9oik1r31 _1bnxglyw _jf4cnqa1 _30l314q2 _1nrm1r31 _c2waglyw _1iohnqa1 _9h8h16c2 _1053w7te _1ienw7te _n0fxw7te _1vhvg3x0\" title=\"mailto:rrg.oneteam@renault.ch\" href=\"mailto:rrg.oneteam@renault.ch\" data-renderer-mark=\"true\" data-is-router-link=\"false\" data-testid=\"link-with-safety\"><strong>rrg.oneteam@renault.ch<\/strong><\/a><\/li><\/ul><p>\u00a0<\/p><p>Nous nous effor\u00e7ons d\u2019am\u00e9liorer continuellement l\u2019accessibilit\u00e9 de notre site.<\/p><p>Veuillez noter que, parmi nos initiatives pour promouvoir un meilleur acc\u00e8s \u00e0 nos contenus num\u00e9riques, nous avons mis en place des actions afin de faciliter l\u2019acc\u00e8s \u00e0 nos produits et services aux personnes sourdes et malentendantes, lesquelles sont d\u00e9taill\u00e9es sur la page suivante\u00a0:\u00a0<a href=\"https:\/\/sourdline.renault.fr\/\" target=\"_blank\" rel=\"noopener noreferrer\">https:\/\/sourdline.renault.fr\/<\/a><\/p><\/div><\/div><\/div><\/div>\t\t\t\t\t\t\t\t<\/div>\n\t\t\t\t<\/div>\n\t\t\t\t\t<\/div>\n\t\t<\/div>\n\t\t\t\t\t<\/div>\n\t\t<\/section>\n\t\t\t\t<\/div>\n\t\t","protected":false},"excerpt":{"rendered":"<p>Accessibilit\u00e9 Nous nous engageons \u00e0 nous efforcer de rendre notre site accessible \u00e0 tous, conform\u00e9ment aux exigences de l\u2019European Accessibility Act (EAA) et aux dispositions de la loi f\u00e9d\u00e9rale sur l\u2019\u00e9limination des in\u00e9galit\u00e9s frappant les personnes handicap\u00e9es (LHand, RS 151.3). Pour ce faire, nous avons entrepris d\u2019auditer notre site afin d\u2019identifier les axes d\u2019am\u00e9lioration et [&hellip;]<\/p>\n","protected":false},"author":1,"featured_media":0,"parent":0,"menu_order":0,"comment_status":"closed","ping_status":"closed","template":"","meta":{"_acf_changed":false,"footnotes":""},"categories":[],"tags":[],"class_list":["post-45571","page","type-page","status-publish","hentry"],"acf":[],"yoast_head":"<!-- This site is optimized with the Yoast SEO plugin v27.3 - https:\/\/yoast.com\/product\/yoast-seo-wordpress\/ -->\n<title>Accesibilit\u00e9 - RRG Suisse<\/title>\n<meta name=\"robots\" content=\"index, follow, max-snippet:-1, max-image-preview:large, max-video-preview:-1\" \/>\n<link rel=\"canonical\" href=\"https:\/\/rrgsuisse.ch\/fr\/accessibilite\" \/>\n<meta property=\"og:locale\" content=\"fr_FR\" \/>\n<meta property=\"og:type\" content=\"article\" \/>\n<meta property=\"og:title\" content=\"Accesibilit\u00e9 - RRG Suisse\" \/>\n<meta property=\"og:description\" content=\"Accessibilit\u00e9 Nous nous engageons \u00e0 nous efforcer de rendre notre site accessible \u00e0 tous, conform\u00e9ment aux exigences de l\u2019European Accessibility Act (EAA) et aux dispositions de la loi f\u00e9d\u00e9rale sur l\u2019\u00e9limination des in\u00e9galit\u00e9s frappant les personnes handicap\u00e9es (LHand, RS 151.3). Pour ce faire, nous avons entrepris d\u2019auditer notre site afin d\u2019identifier les axes d\u2019am\u00e9lioration et [&hellip;]\" \/>\n<meta property=\"og:url\" content=\"https:\/\/rrgsuisse.ch\/fr\/accessibilite\" \/>\n<meta property=\"og:site_name\" content=\"RRG Suisse\" \/>\n<meta property=\"article:modified_time\" content=\"2025-08-22T13:24:47+00:00\" \/>\n<meta property=\"og:image\" content=\"https:\/\/rrgsuisse.ch\/wp-content\/uploads\/2022\/12\/rrg-logo-2022-black.png\" \/>\n\t<meta property=\"og:image:width\" content=\"770\" \/>\n\t<meta property=\"og:image:height\" content=\"377\" \/>\n\t<meta property=\"og:image:type\" content=\"image\/png\" \/>\n<meta name=\"twitter:card\" content=\"summary_large_image\" \/>\n<meta name=\"twitter:label1\" content=\"Est. reading time\" \/>\n\t<meta name=\"twitter:data1\" content=\"2 minutes\" \/>\n<script type=\"application\/ld+json\" class=\"yoast-schema-graph\">{\"@context\":\"https:\\\/\\\/schema.org\",\"@graph\":[{\"@type\":\"WebPage\",\"@id\":\"https:\\\/\\\/rrgsuisse.ch\\\/fr\\\/accessibilite\",\"url\":\"https:\\\/\\\/rrgsuisse.ch\\\/fr\\\/accessibilite\",\"name\":\"Accesibilit\u00e9 - RRG Suisse\",\"isPartOf\":{\"@id\":\"https:\\\/\\\/rrgsuisse.ch\\\/fr\\\/#website\"},\"datePublished\":\"2025-08-22T13:07:39+00:00\",\"dateModified\":\"2025-08-22T13:24:47+00:00\",\"breadcrumb\":{\"@id\":\"https:\\\/\\\/rrgsuisse.ch\\\/fr\\\/accessibilite#breadcrumb\"},\"inLanguage\":\"fr-CH\",\"potentialAction\":[{\"@type\":\"ReadAction\",\"target\":[\"https:\\\/\\\/rrgsuisse.ch\\\/fr\\\/accessibilite\"]}]},{\"@type\":\"BreadcrumbList\",\"@id\":\"https:\\\/\\\/rrgsuisse.ch\\\/fr\\\/accessibilite#breadcrumb\",\"itemListElement\":[{\"@type\":\"ListItem\",\"position\":1,\"name\":\"Home\",\"item\":\"https:\\\/\\\/rrgsuisse.ch\\\/fr\"},{\"@type\":\"ListItem\",\"position\":2,\"name\":\"Accesibilit\u00e9\"}]},{\"@type\":\"WebSite\",\"@id\":\"https:\\\/\\\/rrgsuisse.ch\\\/fr\\\/#website\",\"url\":\"https:\\\/\\\/rrgsuisse.ch\\\/fr\\\/\",\"name\":\"RRG Suisse\",\"description\":\"Retail Renault Group - Revendeur officiel Renault, Dacia, Nissan\",\"potentialAction\":[{\"@type\":\"SearchAction\",\"target\":{\"@type\":\"EntryPoint\",\"urlTemplate\":\"https:\\\/\\\/rrgsuisse.ch\\\/fr\\\/?s={search_term_string}\"},\"query-input\":{\"@type\":\"PropertyValueSpecification\",\"valueRequired\":true,\"valueName\":\"search_term_string\"}}],\"inLanguage\":\"fr-CH\"}]}<\/script>\n<!-- \/ Yoast SEO plugin. -->","yoast_head_json":{"title":"Accesibilit\u00e9 - RRG Suisse","robots":{"index":"index","follow":"follow","max-snippet":"max-snippet:-1","max-image-preview":"max-image-preview:large","max-video-preview":"max-video-preview:-1"},"canonical":"https:\/\/rrgsuisse.ch\/fr\/accessibilite","og_locale":"fr_FR","og_type":"article","og_title":"Accesibilit\u00e9 - RRG Suisse","og_description":"Accessibilit\u00e9 Nous nous engageons \u00e0 nous efforcer de rendre notre site accessible \u00e0 tous, conform\u00e9ment aux exigences de l\u2019European Accessibility Act (EAA) et aux dispositions de la loi f\u00e9d\u00e9rale sur l\u2019\u00e9limination des in\u00e9galit\u00e9s frappant les personnes handicap\u00e9es (LHand, RS 151.3). Pour ce faire, nous avons entrepris d\u2019auditer notre site afin d\u2019identifier les axes d\u2019am\u00e9lioration et [&hellip;]","og_url":"https:\/\/rrgsuisse.ch\/fr\/accessibilite","og_site_name":"RRG Suisse","article_modified_time":"2025-08-22T13:24:47+00:00","og_image":[{"width":770,"height":377,"url":"https:\/\/rrgsuisse.ch\/wp-content\/uploads\/2022\/12\/rrg-logo-2022-black.png","type":"image\/png"}],"twitter_card":"summary_large_image","twitter_misc":{"Est. reading time":"2 minutes"},"schema":{"@context":"https:\/\/schema.org","@graph":[{"@type":"WebPage","@id":"https:\/\/rrgsuisse.ch\/fr\/accessibilite","url":"https:\/\/rrgsuisse.ch\/fr\/accessibilite","name":"Accesibilit\u00e9 - RRG Suisse","isPartOf":{"@id":"https:\/\/rrgsuisse.ch\/fr\/#website"},"datePublished":"2025-08-22T13:07:39+00:00","dateModified":"2025-08-22T13:24:47+00:00","breadcrumb":{"@id":"https:\/\/rrgsuisse.ch\/fr\/accessibilite#breadcrumb"},"inLanguage":"fr-CH","potentialAction":[{"@type":"ReadAction","target":["https:\/\/rrgsuisse.ch\/fr\/accessibilite"]}]},{"@type":"BreadcrumbList","@id":"https:\/\/rrgsuisse.ch\/fr\/accessibilite#breadcrumb","itemListElement":[{"@type":"ListItem","position":1,"name":"Home","item":"https:\/\/rrgsuisse.ch\/fr"},{"@type":"ListItem","position":2,"name":"Accesibilit\u00e9"}]},{"@type":"WebSite","@id":"https:\/\/rrgsuisse.ch\/fr\/#website","url":"https:\/\/rrgsuisse.ch\/fr\/","name":"RRG Suisse","description":"Retail Renault Group - Revendeur officiel Renault, Dacia, Nissan","potentialAction":[{"@type":"SearchAction","target":{"@type":"EntryPoint","urlTemplate":"https:\/\/rrgsuisse.ch\/fr\/?s={search_term_string}"},"query-input":{"@type":"PropertyValueSpecification","valueRequired":true,"valueName":"search_term_string"}}],"inLanguage":"fr-CH"}]}},"wpml_current_locale":"fr_CH","wpml_translations":{"de_CH":{"locale":"de_CH","id":45639,"slug":"barrierefreiheitserklaerung","post_title":"Barrierefreiheitserkl\u00e4rung","href":"https:\/\/rrgsuisse.ch\/de\/barrierefreiheitserklaerung"}},"_links":{"self":[{"href":"https:\/\/rrgsuisse.ch\/fr\/wp-json\/wp\/v2\/pages\/45571","targetHints":{"allow":["GET"]}}],"collection":[{"href":"https:\/\/rrgsuisse.ch\/fr\/wp-json\/wp\/v2\/pages"}],"about":[{"href":"https:\/\/rrgsuisse.ch\/fr\/wp-json\/wp\/v2\/types\/page"}],"author":[{"embeddable":true,"href":"https:\/\/rrgsuisse.ch\/fr\/wp-json\/wp\/v2\/users\/1"}],"replies":[{"embeddable":true,"href":"https:\/\/rrgsuisse.ch\/fr\/wp-json\/wp\/v2\/comments?post=45571"}],"version-history":[{"count":16,"href":"https:\/\/rrgsuisse.ch\/fr\/wp-json\/wp\/v2\/pages\/45571\/revisions"}],"predecessor-version":[{"id":45603,"href":"https:\/\/rrgsuisse.ch\/fr\/wp-json\/wp\/v2\/pages\/45571\/revisions\/45603"}],"wp:attachment":[{"href":"https:\/\/rrgsuisse.ch\/fr\/wp-json\/wp\/v2\/media?parent=45571"}],"wp:term":[{"taxonomy":"category","embeddable":true,"href":"https:\/\/rrgsuisse.ch\/fr\/wp-json\/wp\/v2\/categories?post=45571"},{"taxonomy":"post_tag","embeddable":true,"href":"https:\/\/rrgsuisse.ch\/fr\/wp-json\/wp\/v2\/tags?post=45571"}],"curies":[{"name":"wp","href":"https:\/\/api.w.org\/{rel}","templated":true}]}}